{"id":29297,"date":"2024-04-23T12:00:36","date_gmt":"2024-04-23T10:00:36","guid":{"rendered":"https:\/\/www.studiolongboard.com\/?post_type=product&#038;p=29297"},"modified":"2025-05-30T16:09:50","modified_gmt":"2025-05-30T14:09:50","slug":"btfl-beth-surfskate","status":"publish","type":"product","link":"https:\/\/www.studiolongboard.com\/fr\/shop\/surfskates\/surfskate-completes\/btfl-beth-surfskate\/","title":{"rendered":"BTFL Beth Surfskate"},"content":{"rendered":"<h2>BTFL AURELIA Surfskate<\/h2>\n<p>BTFL Beth Surfskate ist mit 72,5 cm L\u00e4nge und 23 cm ein Board f\u00fcr die Kleinen. Ein Surfskate Board f\u00fcr Kinder ist einfach die ideale Erg\u00e4nzung zu Waveboard &amp; Co.Beth ist ausgestattet mit der hochwertigen Surfskate Achse der Marke G-Truck. Die Vorderachse erm\u00f6glicht dank des steilen Lenkwinkels engste Turns und Carves. Das Design und die abgerundete Kante betonen optisch die N\u00e4he zum Surfboard, mit der Surfskate Achse kann man sich l\u00e4ssig \u00fcber Carving Moves fortbewegen. Die Optik und Funktion des Boards k\u00f6nnten dem Surfen einfach nicht \u00e4hnlicher sein. Ob aber Surfer oder nicht: Dieses Board garantiert gro\u00dfen Spa\u00df am Cruisen und Carven, und nicht nur f\u00fcr Kids!<\/p>\n<p>Deck Gr\u00f6\u00dfe: 23 x 72,5 cm<br \/>\nBushings: 65 x 47 mm, 80A<br \/>\nAchsbreite: Surfskate G-Truck 165 mm \/ 78A<br \/>\nWheelbase: 36,5 cm<br \/>\nKugellager: ABEC 9<\/p>","protected":false},"excerpt":{"rendered":"<p>BTFL AURELIA Surfskate BTFL Beth Surfskate ist mit 72,5 cm L\u00e4nge und 23 cm ein Board f\u00fcr die Kleinen. Ein Surfskate Board f\u00fcr Kinder ist einfach die ideale Erg\u00e4nzung zu Waveboard &amp; Co.Beth ist ausgestattet mit der hochwertigen Surfskate Achse der Marke G-Truck. Die Vorderachse erm\u00f6glicht dank des steilen Lenkwinkels engste Turns und Carves. Das [&#8230;]\n","protected":false},"featured_media":29298,"comment_status":"open","ping_status":"closed","template":"","meta":{"jetpack_post_was_ever_published":false,"jetpack_publicize_message":"","jetpack_publicize_feature_enabled":true,"jetpack_social_post_already_shared":true,"jetpack_social_options":{"image_generator_settings":{"template":"highway","default_image_id":0,"font":"","enabled":false},"version":2}},"product_brand":[9121],"product_cat":[8983,531],"product_tag":[719,720,331,3646,5528,5529],"class_list":{"0":"post-29297","1":"product","2":"type-product","3":"status-publish","4":"has-post-thumbnail","6":"product_brand-btfl","7":"product_cat-surfskate-completes","8":"product_cat-surfskates","9":"product_tag-surfskates","10":"product_tag-surf","11":"product_tag-surfskate","12":"product_tag-kids","13":"product_tag-kinder","14":"product_tag-kinder-longboard","15":"product_shipping_class-paket","17":"first","18":"outofstock","19":"taxable","20":"shipping-taxable","21":"purchasable","22":"product-type-simple"},"composite_virtual":false,"composite_layout":"","composite_add_to_cart_form_location":"","composite_editable_in_cart":false,"composite_sold_individually_context":"","composite_shop_price_calc":"","composite_components":[],"composite_scenarios":[],"booking_location":null,"booking_location_type":null,"booking_duration":null,"booking_duration_unit":null,"booking_buffer":null,"booking_cost":null,"booking_resources":null,"jetpack_publicize_connections":[],"jetpack_sharing_enabled":true,"_links":{"self":[{"href":"https:\/\/www.studiolongboard.com\/fr\/wp-json\/wp\/v2\/product\/29297","targetHints":{"allow":["GET"]}}],"collection":[{"href":"https:\/\/www.studiolongboard.com\/fr\/wp-json\/wp\/v2\/product"}],"about":[{"href":"https:\/\/www.studiolongboard.com\/fr\/wp-json\/wp\/v2\/types\/product"}],"replies":[{"embeddable":true,"href":"https:\/\/www.studiolongboard.com\/fr\/wp-json\/wp\/v2\/comments?post=29297"}],"wp:featuredmedia":[{"embeddable":true,"href":"https:\/\/www.studiolongboard.com\/fr\/wp-json\/wp\/v2\/media\/29298"}],"wp:attachment":[{"href":"https:\/\/www.studiolongboard.com\/fr\/wp-json\/wp\/v2\/media?parent=29297"}],"wp:term":[{"taxonomy":"product_brand","embeddable":true,"href":"https:\/\/www.studiolongboard.com\/fr\/wp-json\/wp\/v2\/product_brand?post=29297"},{"taxonomy":"product_cat","embeddable":true,"href":"https:\/\/www.studiolongboard.com\/fr\/wp-json\/wp\/v2\/product_cat?post=29297"},{"taxonomy":"product_tag","embeddable":true,"href":"https:\/\/www.studiolongboard.com\/fr\/wp-json\/wp\/v2\/product_tag?post=29297"}],"curies":[{"name":"wp","href":"https:\/\/api.w.org\/{rel}","templated":true}]}}