{"id":28656,"date":"2024-03-28T16:47:31","date_gmt":"2024-03-28T15:47:31","guid":{"rendered":"https:\/\/www.studiolongboard.com\/?post_type=product&#038;p=28656"},"modified":"2025-06-19T14:59:29","modified_gmt":"2025-06-19T12:59:29","slug":"skf-oski-signature-kugellager-kit","status":"publish","type":"product","link":"https:\/\/www.studiolongboard.com\/fr\/shop\/accessories\/kugellager\/skf-oski-signature-kugellager-kit\/","title":{"rendered":"SKF Oski Signature Kugellager Kit"},"content":{"rendered":"<h2>SKF Oski Signature Kugellager Kit<\/h2>\n<p>SKF Oski Signature Kugellager Kit kann ab sofort bestellt werden. Die von SKF in Italien hergestellten hochwertigen, reibungsarmen Lager laufen schnell und reibungslos und bieten eine lang anhaltende Leistung.<\/p>\n<p>Die Lager, die von dem Elite-Skateboarder Oskar &#8222;Oski&#8220; Rozenberg verwendet werden, werden in einer einzigartigen Verpackung pr\u00e4sentiert, die ein Kunstwerk von Oskis Freund David Stenstr\u00f6m zeigt.<br \/>\n&#8222;SKF Lager geh\u00f6rten zu den ersten, die ich ausprobiert habe, als ich 9 Jahre alt war&#8220;, sagt Oski. &#8222;Ich hatte die Boards aus dem Einkaufszentrum hinter mir und war kurz davor, richtige Skateboards zu bauen.&#8220; Er hat die Kugellager bereits bei Wettbewerben eingesetzt &#8211; um, wie er sagt, &#8222;direkt ins Halbfinale zu rollen&#8220;. &#8222;Wenn sie gut genug f\u00fcr Ishod [preisgekr\u00f6nter Skateboarder Ishod Wair] sind&#8220;, sagt Oski, &#8222;sind sie gut genug f\u00fcr jeden Skater.&#8220;<\/p>\n<p>SKF hat nat\u00fcrlich eine lange Tradition im Lagerbereich. Neben Skateboards finden sich SKF Lager in so ziemlich allem, was sich bewegt, von Formel-1-Autos bis zu D\u00fcsenflugzeugen. Wird das die Skater beeindrucken? &#8222;Ich denke schon, denn die Geschichte dieser Marke ist faszinierend&#8220;, sagt Oski. Aber unabh\u00e4ngig von diesem Stammbaum wei\u00df er, dass Skater etwas Bodenst\u00e4ndigeres sch\u00e4tzen. &#8222;Letzten Endes geht es um Praktikabilit\u00e4t&#8220;, sagt er. &#8222;Skater wollen einen fairen Preis f\u00fcr gute Qualit\u00e4t, die lange h\u00e4lt. Diese Lager sind genau das.&#8220;<\/p>\n<p>Die &#8222;Einbauen und vergessen&#8220;-Mentalit\u00e4t ist entscheidend. Denn wer will schon die ganze Zeit an seinen R\u00e4dern herumfummeln?<br \/>\n&#8222;Das ist auf jeden Fall wichtig&#8220;, sagt Oski. &#8222;Man will sie nicht zu oft wechseln m\u00fcssen.&#8220; Dahinter steckt auch eine Wissenschaft &#8211; nicht zuletzt das Fett in den Lagern (kein \u00d6l), das daf\u00fcr sorgt, dass sie l\u00e4nger leicht laufen. Was sagt er dazu? Er ist erfrischend ehrlich. &#8222;Ich bin kein Experte f\u00fcr Lagertechnik&#8220;, sagt Oski, &#8222;aber deshalb fahre ich ja SKF. Ich wei\u00df, dass sie diesen Teil abdecken.&#8220;<\/p>\n<p>&nbsp;<\/p>\n","protected":false},"excerpt":{"rendered":"<p>SKF Oski Signature Kugellager Kit SKF Oski Signature Kugellager Kit kann ab sofort bestellt werden. Die von SKF in Italien hergestellten hochwertigen, reibungsarmen Lager laufen schnell und reibungslos und bieten eine lang anhaltende Leistung. Die Lager, die von dem Elite-Skateboarder Oskar &#8222;Oski&#8220; Rozenberg verwendet werden, werden in einer einzigartigen Verpackung pr\u00e4sentiert, die ein Kunstwerk von [&#8230;]\n","protected":false},"featured_media":28657,"comment_status":"closed","ping_status":"closed","template":"","meta":{"jetpack_post_was_ever_published":false,"jetpack_publicize_message":"","jetpack_publicize_feature_enabled":true,"jetpack_social_post_already_shared":true,"jetpack_social_options":{"image_generator_settings":{"template":"highway","default_image_id":0,"font":"","enabled":false},"version":2}},"product_brand":[],"product_cat":[4130,320],"product_tag":[],"class_list":{"0":"post-28656","1":"product","2":"type-product","3":"status-publish","4":"has-post-thumbnail","6":"product_cat-kugellager","7":"product_cat-accessories","8":"product_shipping_class-paket-m","10":"first","11":"instock","12":"taxable","13":"shipping-taxable","14":"purchasable","15":"product-type-simple"},"composite_virtual":false,"composite_layout":"","composite_add_to_cart_form_location":"","composite_editable_in_cart":false,"composite_sold_individually_context":"","composite_shop_price_calc":"","composite_components":[],"composite_scenarios":[],"booking_location":null,"booking_location_type":null,"booking_duration":null,"booking_duration_unit":null,"booking_buffer":null,"booking_cost":null,"booking_resources":null,"jetpack_publicize_connections":[],"jetpack_sharing_enabled":true,"_links":{"self":[{"href":"https:\/\/www.studiolongboard.com\/fr\/wp-json\/wp\/v2\/product\/28656","targetHints":{"allow":["GET"]}}],"collection":[{"href":"https:\/\/www.studiolongboard.com\/fr\/wp-json\/wp\/v2\/product"}],"about":[{"href":"https:\/\/www.studiolongboard.com\/fr\/wp-json\/wp\/v2\/types\/product"}],"replies":[{"embeddable":true,"href":"https:\/\/www.studiolongboard.com\/fr\/wp-json\/wp\/v2\/comments?post=28656"}],"wp:featuredmedia":[{"embeddable":true,"href":"https:\/\/www.studiolongboard.com\/fr\/wp-json\/wp\/v2\/media\/28657"}],"wp:attachment":[{"href":"https:\/\/www.studiolongboard.com\/fr\/wp-json\/wp\/v2\/media?parent=28656"}],"wp:term":[{"taxonomy":"product_brand","embeddable":true,"href":"https:\/\/www.studiolongboard.com\/fr\/wp-json\/wp\/v2\/product_brand?post=28656"},{"taxonomy":"product_cat","embeddable":true,"href":"https:\/\/www.studiolongboard.com\/fr\/wp-json\/wp\/v2\/product_cat?post=28656"},{"taxonomy":"product_tag","embeddable":true,"href":"https:\/\/www.studiolongboard.com\/fr\/wp-json\/wp\/v2\/product_tag?post=28656"}],"curies":[{"name":"wp","href":"https:\/\/api.w.org\/{rel}","templated":true}]}}