{"id":28544,"date":"2024-03-22T11:37:08","date_gmt":"2024-03-22T10:37:08","guid":{"rendered":"https:\/\/www.studiolongboard.com\/?post_type=product&#038;p=28544"},"modified":"2025-12-31T14:05:32","modified_gmt":"2025-12-31T13:05:32","slug":"loaded-symtail-longboard-deck-39-5","status":"publish","type":"product","link":"https:\/\/www.studiolongboard.com\/fr\/shop\/longboards\/longboard-decks\/dance-freestyle-decks\/loaded-symtail-longboard-deck-39-5\/","title":{"rendered":"LOADED Symtail Longboard Deck 39.5\u2033"},"content":{"rendered":"<h2>LOADED Symtail Longboard Deck 39.5\u2033<\/h2>\n<p>Mit LOADED Symtail Longboard Deck 39.5&#8243; bleibt Loaded seiner grundlegender Leidenschaft f\u00fcr Carving und Pumping in einem lebendigen Flex-Camber-Profil treu und erm\u00f6glicht mit einem symmetrischen Shape sowie Nose- und Tail-Kicks auch Freestyle- und Dance-Man\u00f6ver. Es ist ein klassisches Konzept f\u00fcr einen modernen Carver, der pumpen und durch Parkh\u00e4user, Stadtstra\u00dfen, Nebenstra\u00dfen und \u00fcberall dazwischen fahren m\u00f6chte.<\/p>\n<p><strong>ES IST DAS RICHTIGE F\u00dcR DICH, WENN&#8230;<\/strong><br \/>\nDu ein lebendiges Carving- und Pumping-Erlebnis mit der klassischen Flexy-Camber-Konstruktion des Loaded haben willst.<br \/>\nDu einen aktiven Fahrstil hast und willst, dass dein Board jedes bisschen Energie, das du reinsteckst, zur\u00fcckgibt.<br \/>\nDu magst es, deine Turns mit etwas Dance- und Freestyle-Flair zu mixen.<\/p>\n<p><strong>LONGBOARD SPECS<\/strong><\/p>\n<p>Length: 39.5\u2033 \/ 100 cm<br \/>\nWidth: 8.75\u2033 \/ 22.2 cm<br \/>\nWheelbase: 27\u2033 \/ 68.6 cm<br \/>\nProfile: camber<br \/>\nFlex: flexy<br \/>\nWeight (deck only): 2.7 lb \/ 1.2 kg<\/p>\n<p><strong>FLEX RECOMMENDATIONS<\/strong><\/p>\n<p>Flex 1: 170-270+ lb \/ 77-122+ kg<br \/>\nFlex 2: 125-215+ lb \/ 57-98+ kg<\/p>","protected":false},"excerpt":{"rendered":"<p>LOADED Symtail Longboard Deck 39.5&#8243; Mit LOADED Symtail Longboard Deck 39.5&#8243; bleibt Loaded seiner grundlegender Leidenschaft f\u00fcr Carving und Pumping in einem lebendigen Flex-Camber-Profil treu und erm\u00f6glicht mit einem symmetrischen Shape sowie Nose- und Tail-Kicks auch Freestyle- und Dance-Man\u00f6ver. Es ist ein klassisches Konzept f\u00fcr einen modernen Carver, der pumpen und durch Parkh\u00e4user, Stadtstra\u00dfen, Nebenstra\u00dfen [&#8230;]\n","protected":false},"featured_media":28547,"comment_status":"open","ping_status":"closed","template":"","meta":{"jetpack_post_was_ever_published":false,"jetpack_publicize_message":"","jetpack_publicize_feature_enabled":true,"jetpack_social_post_already_shared":true,"jetpack_social_options":{"image_generator_settings":{"template":"highway","default_image_id":0,"font":"","enabled":false},"version":2}},"product_brand":[9162],"product_cat":[313,8789],"product_tag":[333,8574,8575],"class_list":{"0":"post-28544","1":"product","2":"type-product","3":"status-publish","4":"has-post-thumbnail","6":"product_brand-loaded","7":"product_cat-longboard-decks","8":"product_cat-dance-freestyle-decks","9":"product_tag-carving","10":"product_tag-pumping","11":"product_tag-pumpen","12":"product_shipping_class-paket","14":"first","15":"instock","16":"taxable","17":"shipping-taxable","18":"purchasable","19":"product-type-variable"},"composite_virtual":false,"composite_layout":"","composite_add_to_cart_form_location":"","composite_editable_in_cart":false,"composite_sold_individually_context":"","composite_shop_price_calc":"","composite_components":[],"composite_scenarios":[],"booking_location":null,"booking_location_type":null,"booking_duration":null,"booking_duration_unit":null,"booking_buffer":null,"booking_cost":null,"booking_resources":null,"jetpack_publicize_connections":[],"jetpack_sharing_enabled":true,"_links":{"self":[{"href":"https:\/\/www.studiolongboard.com\/fr\/wp-json\/wp\/v2\/product\/28544","targetHints":{"allow":["GET"]}}],"collection":[{"href":"https:\/\/www.studiolongboard.com\/fr\/wp-json\/wp\/v2\/product"}],"about":[{"href":"https:\/\/www.studiolongboard.com\/fr\/wp-json\/wp\/v2\/types\/product"}],"replies":[{"embeddable":true,"href":"https:\/\/www.studiolongboard.com\/fr\/wp-json\/wp\/v2\/comments?post=28544"}],"wp:featuredmedia":[{"embeddable":true,"href":"https:\/\/www.studiolongboard.com\/fr\/wp-json\/wp\/v2\/media\/28547"}],"wp:attachment":[{"href":"https:\/\/www.studiolongboard.com\/fr\/wp-json\/wp\/v2\/media?parent=28544"}],"wp:term":[{"taxonomy":"product_brand","embeddable":true,"href":"https:\/\/www.studiolongboard.com\/fr\/wp-json\/wp\/v2\/product_brand?post=28544"},{"taxonomy":"product_cat","embeddable":true,"href":"https:\/\/www.studiolongboard.com\/fr\/wp-json\/wp\/v2\/product_cat?post=28544"},{"taxonomy":"product_tag","embeddable":true,"href":"https:\/\/www.studiolongboard.com\/fr\/wp-json\/wp\/v2\/product_tag?post=28544"}],"curies":[{"name":"wp","href":"https:\/\/api.w.org\/{rel}","templated":true}]}}