{"id":28256,"date":"2024-03-11T15:11:09","date_gmt":"2024-03-11T14:11:09","guid":{"rendered":"https:\/\/www.studiolongboard.com\/?post_type=product&#038;p=28256"},"modified":"2025-09-01T15:28:31","modified_gmt":"2025-09-01T13:28:31","slug":"ueber-hydrant-skateboard-3-star-complete-8-0","status":"publish","type":"product","link":"https:\/\/www.studiolongboard.com\/fr\/shop\/skateboards\/komplett-skateboards\/ueber-hydrant-skateboard-3-star-complete-8-0\/","title":{"rendered":"\u00dcBER Hydrant Skateboard 3-Star Complete 8.0&#8243;"},"content":{"rendered":"<h2>\u00dcBER Hydrant Skateboard 3-Star Complete 8.0&#8243;<\/h2>\n<p>\u00dcBER Hydrant Skateboard 3-Star Complete 8.0&#8243;<\/p>\n<p>7 Ply Ahorn Construction<br \/>\n\u00dcBER Wheels SHR 52MM 98A<br \/>\nStandard TREMENDOUS Achsen<br \/>\nABEC 7 CHROME Bearings<br \/>\nZUPPLY Hardware<br \/>\n\u00dcBER Logo Griptape<\/p>","protected":false},"excerpt":{"rendered":"<p>\u00dcBER Hydrant Skateboard 3-Star Complete 8.0&#8243; \u00dcBER Hydrant Skateboard 3-Star Complete 8.0&#8243; 7 Ply Ahorn Construction \u00dcBER Wheels SHR 52MM 98A Standard TREMENDOUS Achsen ABEC 7 CHROME Bearings ZUPPLY Hardware \u00dcBER Logo Griptape<\/p>","protected":false},"featured_media":28257,"comment_status":"open","ping_status":"closed","template":"","meta":{"jetpack_post_was_ever_published":false,"jetpack_publicize_message":"","jetpack_publicize_feature_enabled":true,"jetpack_social_post_already_shared":true,"jetpack_social_options":{"image_generator_settings":{"template":"highway","default_image_id":0,"font":"","enabled":false},"version":2}},"product_brand":[],"product_cat":[319,687,312],"product_tag":[],"class_list":{"0":"post-28256","1":"product","2":"type-product","3":"status-publish","4":"has-post-thumbnail","6":"product_cat-komplett-skateboards","7":"product_cat-sale","8":"product_cat-skateboards","9":"product_shipping_class-paket","11":"first","12":"outofstock","13":"sale","14":"taxable","15":"shipping-taxable","16":"purchasable","17":"product-type-simple"},"composite_virtual":false,"composite_layout":"","composite_add_to_cart_form_location":"","composite_editable_in_cart":false,"composite_sold_individually_context":"","composite_shop_price_calc":"","composite_components":[],"composite_scenarios":[],"booking_location":null,"booking_location_type":null,"booking_duration":null,"booking_duration_unit":null,"booking_buffer":null,"booking_cost":null,"booking_resources":null,"jetpack_publicize_connections":[],"jetpack_sharing_enabled":true,"_links":{"self":[{"href":"https:\/\/www.studiolongboard.com\/fr\/wp-json\/wp\/v2\/product\/28256","targetHints":{"allow":["GET"]}}],"collection":[{"href":"https:\/\/www.studiolongboard.com\/fr\/wp-json\/wp\/v2\/product"}],"about":[{"href":"https:\/\/www.studiolongboard.com\/fr\/wp-json\/wp\/v2\/types\/product"}],"replies":[{"embeddable":true,"href":"https:\/\/www.studiolongboard.com\/fr\/wp-json\/wp\/v2\/comments?post=28256"}],"wp:featuredmedia":[{"embeddable":true,"href":"https:\/\/www.studiolongboard.com\/fr\/wp-json\/wp\/v2\/media\/28257"}],"wp:attachment":[{"href":"https:\/\/www.studiolongboard.com\/fr\/wp-json\/wp\/v2\/media?parent=28256"}],"wp:term":[{"taxonomy":"product_brand","embeddable":true,"href":"https:\/\/www.studiolongboard.com\/fr\/wp-json\/wp\/v2\/product_brand?post=28256"},{"taxonomy":"product_cat","embeddable":true,"href":"https:\/\/www.studiolongboard.com\/fr\/wp-json\/wp\/v2\/product_cat?post=28256"},{"taxonomy":"product_tag","embeddable":true,"href":"https:\/\/www.studiolongboard.com\/fr\/wp-json\/wp\/v2\/product_tag?post=28256"}],"curies":[{"name":"wp","href":"https:\/\/api.w.org\/{rel}","templated":true}]}}