{"id":28164,"date":"2024-03-08T11:32:56","date_gmt":"2024-03-08T10:32:56","guid":{"rendered":"https:\/\/www.studiolongboard.com\/?post_type=product&#038;p=28164"},"modified":"2026-03-18T21:27:40","modified_gmt":"2026-03-18T20:27:40","slug":"decent-hardware-evolve-travel-bag","status":"publish","type":"product","link":"https:\/\/www.studiolongboard.com\/fr\/shop\/accessories\/bags\/decent-hardware-evolve-travel-bag\/","title":{"rendered":"Decent Hardware Evolve Travel Bag"},"content":{"rendered":"<h2>Decent Hardware Evolve Travel Bag<\/h2>\n<p>Decent Hardware Evolve Travel Bag wurde speziell f\u00fcr Evolve E-Longboards entwickelt. (Evolve Carbon GTR All-Terrain Wheels). Aufgrund der L\u00e4nge von 118 cm passt hier aber auch fast jedes Longboard\/Freestyle Modell hinein. <\/p>\n<p>Interior Size: 32 cm (width) X 118 cm (length) X 22 cm (height) \/\/ 12 inch (width) X 46.5 Inch (length) X 8 Inch (height)<\/p>\n<p>Sie ist leicht, bequem zu tragen und funktional. Du kannst drei Bretter, Schoner, Kleidung, Werkzeuge und praktisch jedes andere skatebezogene Element mit sich f\u00fchren.<\/p>\n<p>Eigenschaften:<\/p>\n<ul>\n<li>Tragegriff, der so eingestellt werden kann, dass das Gleichgewicht der Tasche gewahrt bleibt.<\/li>\n<li>Abnehmbarer Schultergurt. Rucksackgurte. Abnehmbarer H\u00fcftgurt<\/li>\n<li>Handytasche. Gro\u00dfe Au\u00dfentasche mit Rei\u00dfverschluss und viel Platz f\u00fcr Reisedokumente.<\/li>\n<li>Gro\u00dfe Au\u00dfentasche mit Rei\u00dfverschluss (innen)<\/li>\n<li>Handlicher Schl\u00fcsselclip. Einfacher Zugriff auf den Skate-Schl\u00fcsselhalter. Au\u00dfenseitige Netztasche f\u00fcr Wasserflasche usw.<\/li>\n<li>Materialien: YKK-Rei\u00dfverschl\u00fcsse<\/li>\n<li>YKK-Quicklon-Klettverschl\u00fcsse<\/li>\n<li>Au\u00dfenmaterial: strapazierf\u00e4higes, gummibeschichtetes Cordura-Polyester<\/li>\n<\/ul>\n<p>Farbe: Schwarz<\/p>","protected":false},"excerpt":{"rendered":"<p>Decent Hardware Evolve Travel Bag Decent Hardware Evolve Travel Bag wurde speziell f\u00fcr Evolve E-Longboards entwickelt. (Evolve Carbon GTR All-Terrain Wheels). Aufgrund der L\u00e4nge von 118 cm passt hier aber auch fast jedes Longboard\/Freestyle Modell hinein. Interior Size: 32 cm (width) X 118 cm (length) X 22 cm (height) \/\/ 12 inch (width) X 46.5 [&#8230;]\n","protected":false},"featured_media":28165,"comment_status":"open","ping_status":"closed","template":"","meta":{"jetpack_post_was_ever_published":false,"jetpack_publicize_message":"","jetpack_publicize_feature_enabled":true,"jetpack_social_post_already_shared":true,"jetpack_social_options":{"image_generator_settings":{"template":"highway","default_image_id":0,"font":"","enabled":false},"version":2}},"product_brand":[9362],"product_cat":[320,8372],"product_tag":[3141,9011],"class_list":{"0":"post-28164","1":"product","2":"type-product","3":"status-publish","4":"has-post-thumbnail","6":"product_brand-decent-hardware","7":"product_cat-accessories","8":"product_cat-bags","9":"product_tag-bags","10":"product_tag-longboard-tragetasche","11":"product_shipping_class-paket","13":"first","14":"instock","15":"taxable","16":"shipping-taxable","17":"purchasable","18":"product-type-simple"},"composite_virtual":false,"composite_layout":"","composite_add_to_cart_form_location":"","composite_editable_in_cart":false,"composite_sold_individually_context":"","composite_shop_price_calc":"","composite_components":[],"composite_scenarios":[],"booking_location":null,"booking_location_type":null,"booking_duration":null,"booking_duration_unit":null,"booking_buffer":null,"booking_cost":null,"booking_resources":null,"jetpack_publicize_connections":[],"jetpack_sharing_enabled":true,"_links":{"self":[{"href":"https:\/\/www.studiolongboard.com\/fr\/wp-json\/wp\/v2\/product\/28164","targetHints":{"allow":["GET"]}}],"collection":[{"href":"https:\/\/www.studiolongboard.com\/fr\/wp-json\/wp\/v2\/product"}],"about":[{"href":"https:\/\/www.studiolongboard.com\/fr\/wp-json\/wp\/v2\/types\/product"}],"replies":[{"embeddable":true,"href":"https:\/\/www.studiolongboard.com\/fr\/wp-json\/wp\/v2\/comments?post=28164"}],"wp:featuredmedia":[{"embeddable":true,"href":"https:\/\/www.studiolongboard.com\/fr\/wp-json\/wp\/v2\/media\/28165"}],"wp:attachment":[{"href":"https:\/\/www.studiolongboard.com\/fr\/wp-json\/wp\/v2\/media?parent=28164"}],"wp:term":[{"taxonomy":"product_brand","embeddable":true,"href":"https:\/\/www.studiolongboard.com\/fr\/wp-json\/wp\/v2\/product_brand?post=28164"},{"taxonomy":"product_cat","embeddable":true,"href":"https:\/\/www.studiolongboard.com\/fr\/wp-json\/wp\/v2\/product_cat?post=28164"},{"taxonomy":"product_tag","embeddable":true,"href":"https:\/\/www.studiolongboard.com\/fr\/wp-json\/wp\/v2\/product_tag?post=28164"}],"curies":[{"name":"wp","href":"https:\/\/api.w.org\/{rel}","templated":true}]}}