{"id":27792,"date":"2024-02-19T13:57:26","date_gmt":"2024-02-19T12:57:26","guid":{"rendered":"https:\/\/www.studiolongboard.com\/?post_type=product&#038;p=27792"},"modified":"2026-03-21T12:50:06","modified_gmt":"2026-03-21T11:50:06","slug":"bolzen-hardware-drop-shockpads-1-8-paar","status":"publish","type":"product","link":"https:\/\/www.studiolongboard.com\/fr\/shop\/accessories\/riser-und-shockpads\/bolzen-hardware-drop-shockpads-1-8-paar\/","title":{"rendered":"Bolzen Hardware Drop Shockpads 1\/8&#8243;"},"content":{"rendered":"<h2 class=\"product-title h2\">Bolzen Hardware Drop Shockpads 1\/8&#8243;<\/h2>\n<p class=\"fn product-title\">Bolzen Hardware Drop Shockpads 1\/8&#8243;<\/p>\n<p><strong>2 x drop Shockpads 1\/8 f\u00fcr Droptrough Montage!<\/strong><\/p>\n<p>Passen zu nahezu allen Achsen!<\/p>\n<p>Shockpads \/ Riser: Bestehen aus Gummi (Shockpads) oder aus Plastik (Riser). Sie werden zwischen Achse und Board geschraubt um die Bodenfreiheit oder den Abstand zu den Rollen zu vergr\u00f6\u00dfern. Dies kann Wheelbites (den Kontakt der Rolle mit dem Board) verhindern und au\u00dferdem St\u00f6\u00dfe bei Tricks abfedern.<\/p>","protected":false},"excerpt":{"rendered":"<p>Bolzen Hardware Drop Shockpads 1\/8&#8243; Bolzen Hardware Drop Shockpads 1\/8&#8243; 2 x drop Shockpads 1\/8 f\u00fcr Droptrough Montage! Passen zu nahezu allen Achsen! Shockpads \/ Riser: Bestehen aus Gummi (Shockpads) oder aus Plastik (Riser). Sie werden zwischen Achse und Board geschraubt um die Bodenfreiheit oder den Abstand zu den Rollen zu vergr\u00f6\u00dfern. Dies kann Wheelbites [&#8230;]\n","protected":false},"featured_media":27793,"comment_status":"open","ping_status":"closed","template":"","meta":{"jetpack_post_was_ever_published":false,"jetpack_publicize_message":"","jetpack_publicize_feature_enabled":true,"jetpack_social_post_already_shared":true,"jetpack_social_options":{"image_generator_settings":{"template":"highway","default_image_id":0,"font":"","enabled":false},"version":2}},"product_brand":[9369],"product_cat":[320,4608],"product_tag":[322,4602],"class_list":{"0":"post-27792","1":"product","2":"type-product","3":"status-publish","4":"has-post-thumbnail","6":"product_brand-bolzen","7":"product_cat-accessories","8":"product_cat-riser-und-shockpads","9":"product_tag-drop-through","10":"product_tag-shockpad","11":"product_shipping_class-paket-m","13":"first","14":"instock","15":"taxable","16":"shipping-taxable","17":"purchasable","18":"product-type-simple"},"composite_virtual":false,"composite_layout":"","composite_add_to_cart_form_location":"","composite_editable_in_cart":false,"composite_sold_individually_context":"","composite_shop_price_calc":"","composite_components":[],"composite_scenarios":[],"booking_location":null,"booking_location_type":null,"booking_duration":null,"booking_duration_unit":null,"booking_buffer":null,"booking_cost":null,"booking_resources":null,"jetpack_publicize_connections":[],"jetpack_sharing_enabled":true,"_links":{"self":[{"href":"https:\/\/www.studiolongboard.com\/fr\/wp-json\/wp\/v2\/product\/27792","targetHints":{"allow":["GET"]}}],"collection":[{"href":"https:\/\/www.studiolongboard.com\/fr\/wp-json\/wp\/v2\/product"}],"about":[{"href":"https:\/\/www.studiolongboard.com\/fr\/wp-json\/wp\/v2\/types\/product"}],"replies":[{"embeddable":true,"href":"https:\/\/www.studiolongboard.com\/fr\/wp-json\/wp\/v2\/comments?post=27792"}],"wp:featuredmedia":[{"embeddable":true,"href":"https:\/\/www.studiolongboard.com\/fr\/wp-json\/wp\/v2\/media\/27793"}],"wp:attachment":[{"href":"https:\/\/www.studiolongboard.com\/fr\/wp-json\/wp\/v2\/media?parent=27792"}],"wp:term":[{"taxonomy":"product_brand","embeddable":true,"href":"https:\/\/www.studiolongboard.com\/fr\/wp-json\/wp\/v2\/product_brand?post=27792"},{"taxonomy":"product_cat","embeddable":true,"href":"https:\/\/www.studiolongboard.com\/fr\/wp-json\/wp\/v2\/product_cat?post=27792"},{"taxonomy":"product_tag","embeddable":true,"href":"https:\/\/www.studiolongboard.com\/fr\/wp-json\/wp\/v2\/product_tag?post=27792"}],"curies":[{"name":"wp","href":"https:\/\/api.w.org\/{rel}","templated":true}]}}