{"id":27621,"date":"2024-02-13T12:08:12","date_gmt":"2024-02-13T11:08:12","guid":{"rendered":"https:\/\/www.studiolongboard.com\/?post_type=product&#038;p=27621"},"modified":"2024-02-13T12:47:27","modified_gmt":"2024-02-13T11:47:27","slug":"riptide-wfb-standard-chubby-bushings","status":"publish","type":"product","link":"https:\/\/www.studiolongboard.com\/fr\/shop\/accessories\/bushings-pivot-cups\/riptide-wfb-standard-chubby-bushings\/","title":{"rendered":"RipTide WFB Standard Chubby Bushings"},"content":{"rendered":"<p>RipTide WFB Standard Chubby Bushings<\/p>\n<p>WFB\u2122 (World's Fastest Bushings) compound<br \/>\nLubrifi\u00e9 en interne pour des transitions douces, rapides et \u00e0 faible friction dans n'importe quelle discipline comp\u00e9titive.<\/p>\n<p>Chez Duro :<br \/>\n68A Pourpre<br \/>\n73A Vert<br \/>\n78A Orange<br \/>\n83A Bleu<br \/>\n88A Jaune<br \/>\n93A Rouge<br \/>\n95.5A Vert<\/p>\n<p>Height = .60&#8243; \/ 15.24mm<\/p>\n<p>1 set = 2 bushings = 1 truck<\/p>","protected":false},"excerpt":{"rendered":"<p>RipTide WFB Standard Chubby Bushings WFB\u2122 (World&#8217;s Fastest Bushings) compound Internally lubricated for smooth, fast, low-friction transitions in any competitive discipline. Duro&#8217;s: 68A Purple 73A Green 78A Orange 83A Blue 88A Yellow 93A Red 95.5A Green Height = .60&#8243; \/ 15.24mm 1 set = 2 bushings = 1 truck<\/p>","protected":false},"featured_media":27627,"comment_status":"closed","ping_status":"closed","template":"","meta":{"jetpack_post_was_ever_published":false,"jetpack_publicize_message":"","jetpack_publicize_feature_enabled":true,"jetpack_social_post_already_shared":true,"jetpack_social_options":{"image_generator_settings":{"template":"highway","default_image_id":0,"font":"","enabled":false},"version":2}},"product_brand":[],"product_cat":[3208,320],"product_tag":[780,782,3209,3238],"class_list":{"0":"post-27621","1":"product","2":"type-product","3":"status-publish","4":"has-post-thumbnail","6":"product_cat-bushings-pivot-cups","7":"product_cat-accessories","8":"product_tag-bushings","9":"product_tag-aps","10":"product_tag-lenkgummies","11":"product_tag-fatcones","12":"product_shipping_class-paket-m","14":"first","15":"instock","16":"taxable","17":"shipping-taxable","18":"purchasable","19":"product-type-variable"},"composite_virtual":false,"composite_layout":"","composite_add_to_cart_form_location":"","composite_editable_in_cart":false,"composite_sold_individually_context":"","composite_shop_price_calc":"","composite_components":[],"composite_scenarios":[],"booking_location":null,"booking_location_type":null,"booking_duration":null,"booking_duration_unit":null,"booking_buffer":null,"booking_cost":null,"booking_resources":null,"jetpack_publicize_connections":[],"jetpack_sharing_enabled":true,"_links":{"self":[{"href":"https:\/\/www.studiolongboard.com\/fr\/wp-json\/wp\/v2\/product\/27621","targetHints":{"allow":["GET"]}}],"collection":[{"href":"https:\/\/www.studiolongboard.com\/fr\/wp-json\/wp\/v2\/product"}],"about":[{"href":"https:\/\/www.studiolongboard.com\/fr\/wp-json\/wp\/v2\/types\/product"}],"replies":[{"embeddable":true,"href":"https:\/\/www.studiolongboard.com\/fr\/wp-json\/wp\/v2\/comments?post=27621"}],"wp:featuredmedia":[{"embeddable":true,"href":"https:\/\/www.studiolongboard.com\/fr\/wp-json\/wp\/v2\/media\/27627"}],"wp:attachment":[{"href":"https:\/\/www.studiolongboard.com\/fr\/wp-json\/wp\/v2\/media?parent=27621"}],"wp:term":[{"taxonomy":"product_brand","embeddable":true,"href":"https:\/\/www.studiolongboard.com\/fr\/wp-json\/wp\/v2\/product_brand?post=27621"},{"taxonomy":"product_cat","embeddable":true,"href":"https:\/\/www.studiolongboard.com\/fr\/wp-json\/wp\/v2\/product_cat?post=27621"},{"taxonomy":"product_tag","embeddable":true,"href":"https:\/\/www.studiolongboard.com\/fr\/wp-json\/wp\/v2\/product_tag?post=27621"}],"curies":[{"name":"wp","href":"https:\/\/api.w.org\/{rel}","templated":true}]}}