{"id":24914,"date":"2023-08-22T17:30:24","date_gmt":"2023-08-22T15:30:24","guid":{"rendered":"https:\/\/www.studiolongboard.com\/?post_type=product&#038;p=24914"},"modified":"2025-12-31T14:32:00","modified_gmt":"2025-12-31T13:32:00","slug":"timber-boards-tortini-complete","status":"publish","type":"product","link":"https:\/\/www.studiolongboard.com\/fr\/shop\/longboards\/komplett-longboards\/dance-und-freestyle\/timber-boards-tortini-complete\/","title":{"rendered":"Timber Boards TORTINI complete"},"content":{"rendered":"<h2>Timber Boards TORTINI complete<\/h2>\n<p>TIMBER BOARDS Tortini ist der kleine Bruder des <a href=\"https:\/\/www.studiolongboard.com\/fr\/product-2\/timber-boards-tortuga\/\">Tortuga<\/a> aus der neuen Serie von Timber! Mit der selben Shape in einer jedoch 10cm k\u00fcrzeren Variante bietet das Tortini eine gute Analternative f\u00fcr alle denen das Tortuga ein wenig zu gro\u00df erscheint.\u00a0 Durch seine K\u00fcrze und einer menge Pop sind einem keine Grenzen gesetzt , egal ob beim Dancen oder im Freestyle Bereich .<\/p>\n<p>Specs :<\/p>\n<p>Flex type Flex, Medium, Stiff<\/p>\n<p>Length 110 cm, 43.31 inch<\/p>\n<p>Width 23 cm, 9.06 inch<\/p>\n<p>Wheelbase 63.9 cm \u2013 70.0 cm, 25.16 inch \u2013 27.56 inch (total of 9 options)<\/p>\n<p>Put together your own setup from the components we have selected for you<\/p>","protected":false},"excerpt":{"rendered":"<p>Put together your own setup from the components we have selected for you<\/p>","protected":false},"featured_media":24916,"comment_status":"open","ping_status":"closed","template":"","meta":{"jetpack_post_was_ever_published":false,"jetpack_publicize_message":"","jetpack_publicize_feature_enabled":true,"jetpack_social_post_already_shared":true,"jetpack_social_options":{"image_generator_settings":{"template":"highway","default_image_id":0,"font":"","enabled":false},"version":2}},"product_brand":[],"product_cat":[8627,310],"product_tag":[373,2164,3483],"class_list":{"0":"post-24914","1":"product","2":"type-product","3":"status-publish","4":"has-post-thumbnail","6":"product_cat-dance-und-freestyle","7":"product_cat-komplett-longboards","8":"product_tag-dancer","9":"product_tag-komplettlongboard","10":"product_tag-complete","11":"product_shipping_class-paket","13":"first","14":"instock","15":"sale","16":"taxable","17":"shipping-taxable","18":"purchasable","19":"product-type-composite"},"composite_virtual":false,"composite_layout":"paged","composite_add_to_cart_form_location":"after_summary","composite_editable_in_cart":true,"composite_sold_individually_context":"product","composite_shop_price_calc":"defaults","composite_components":[{"id":"1629463910","title":"Pont","description":"<p>Choose your Flex type<\/p>","query_type":"product_ids","query_ids":[5778],"default_option_id":5778,"thumbnail_id":24917,"thumbnail_src":"https:\/\/www.studiolongboard.com\/wp-content\/uploads\/2023\/08\/Tortini-Deck-2022.jpg","quantity_min":1,"quantity_max":1,"priced_individually":true,"shipped_individually":false,"optional":false,"discount":5,"options_style":"dropdowns","pagination_style":"classic","display_prices":"absolute","show_sorting_options":false,"show_filtering_options":false,"attribute_filter_ids":[],"select_action":"view","product_title_visible":true,"product_descr_visible":true,"product_price_visible":true,"product_thumb_visible":true,"subtotal_visible_product":true,"subtotal_visible_cart":true,"subtotal_visible_orders":true},{"id":"1629463911","title":"Skateboard Trucks","description":"","query_type":"product_ids","query_ids":[19712,19441,19437,17831,7255,19730,7261,7267,19727,7269,7300,9989,12382,12388,19724,2112,2127,6113],"default_option_id":7300,"thumbnail_id":15347,"thumbnail_src":"https:\/\/www.studiolongboard.com\/wp-content\/uploads\/2021\/04\/180mm-50\u00b0-V3_25410000000000026-e1619108549474.jpg","quantity_min":2,"quantity_max":2,"priced_individually":true,"shipped_individually":false,"optional":false,"discount":5,"options_style":"thumbnails","pagination_style":"classic","display_prices":"absolute","show_sorting_options":false,"show_filtering_options":false,"attribute_filter_ids":[],"select_action":"view","product_title_visible":true,"product_descr_visible":true,"product_price_visible":true,"product_thumb_visible":true,"subtotal_visible_product":true,"subtotal_visible_cart":true,"subtotal_visible_orders":true},{"id":"1629463912","title":"Wheels","description":"","query_type":"product_ids","query_ids":[2070,5707,5709,5711,14381,14394,13304,16054,16058,16056,12917,6089,5720,18738,14937,19349,19353,19358,7666,7670,7672,5722,5723,20525],"default_option_id":18738,"thumbnail_id":18739,"thumbnail_src":"https:\/\/www.studiolongboard.com\/wp-content\/uploads\/2022\/02\/88-wheels-mooonwalker-65mm-78a-longboard-wheels.jpg","quantity_min":1,"quantity_max":1,"priced_individually":true,"shipped_individually":false,"optional":false,"discount":5,"options_style":"dropdowns","pagination_style":"classic","display_prices":"absolute","show_sorting_options":false,"show_filtering_options":false,"attribute_filter_ids":[],"select_action":"view","product_title_visible":true,"product_descr_visible":true,"product_price_visible":true,"product_thumb_visible":true,"subtotal_visible_product":true,"subtotal_visible_cart":true,"subtotal_visible_orders":true},{"id":"1629463913","title":"Roulements","description":"","query_type":"product_ids","query_ids":[8047,6792,11957,15162,6044,28656,28658,28664],"default_option_id":8047,"thumbnail_id":8051,"thumbnail_src":"https:\/\/www.studiolongboard.com\/wp-content\/uploads\/2019\/11\/Modus_Black.jpg","quantity_min":1,"quantity_max":1,"priced_individually":true,"shipped_individually":false,"optional":false,"discount":5,"options_style":"thumbnails","pagination_style":"classic","display_prices":"absolute","show_sorting_options":false,"show_filtering_options":false,"attribute_filter_ids":[],"select_action":"view","product_title_visible":true,"product_descr_visible":true,"product_price_visible":true,"product_thumb_visible":true,"subtotal_visible_product":true,"subtotal_visible_cart":true,"subtotal_visible_orders":true},{"id":"1726756868","title":"Griptape","description":"<p>Standardm\u00e4\u00dfig bekleben wir bei Dancern Nose und Tail mit jeweils 20 bis 25 cm Griptape. Hierf\u00fcr einfach die Anzahl auf 4 (4 x 10cm) setzen. Bei Sonderw\u00fcnschen meldet euch gerne bei uns telefonisch. <\/p>","query_type":"product_ids","query_ids":[9701,14652],"default_option_id":9701,"thumbnail_id":"","thumbnail_src":"","quantity_min":4,"quantity_max":12,"priced_individually":true,"shipped_individually":false,"optional":true,"discount":5,"options_style":"dropdowns","pagination_style":"classic","display_prices":"absolute","show_sorting_options":false,"show_filtering_options":false,"attribute_filter_ids":[],"select_action":"view","product_title_visible":true,"product_descr_visible":true,"product_price_visible":true,"product_thumb_visible":true,"subtotal_visible_product":true,"subtotal_visible_cart":true,"subtotal_visible_orders":true}],"composite_scenarios":[],"booking_location":null,"booking_location_type":null,"booking_duration":null,"booking_duration_unit":null,"booking_buffer":null,"booking_cost":null,"booking_resources":null,"jetpack_publicize_connections":[],"jetpack_sharing_enabled":true,"_links":{"self":[{"href":"https:\/\/www.studiolongboard.com\/fr\/wp-json\/wp\/v2\/product\/24914","targetHints":{"allow":["GET"]}}],"collection":[{"href":"https:\/\/www.studiolongboard.com\/fr\/wp-json\/wp\/v2\/product"}],"about":[{"href":"https:\/\/www.studiolongboard.com\/fr\/wp-json\/wp\/v2\/types\/product"}],"replies":[{"embeddable":true,"href":"https:\/\/www.studiolongboard.com\/fr\/wp-json\/wp\/v2\/comments?post=24914"}],"wp:featuredmedia":[{"embeddable":true,"href":"https:\/\/www.studiolongboard.com\/fr\/wp-json\/wp\/v2\/media\/24916"}],"wp:attachment":[{"href":"https:\/\/www.studiolongboard.com\/fr\/wp-json\/wp\/v2\/media?parent=24914"}],"wp:term":[{"taxonomy":"product_brand","embeddable":true,"href":"https:\/\/www.studiolongboard.com\/fr\/wp-json\/wp\/v2\/product_brand?post=24914"},{"taxonomy":"product_cat","embeddable":true,"href":"https:\/\/www.studiolongboard.com\/fr\/wp-json\/wp\/v2\/product_cat?post=24914"},{"taxonomy":"product_tag","embeddable":true,"href":"https:\/\/www.studiolongboard.com\/fr\/wp-json\/wp\/v2\/product_tag?post=24914"}],"curies":[{"name":"wp","href":"https:\/\/api.w.org\/{rel}","templated":true}]}}