{"id":24504,"date":"2023-07-11T17:08:02","date_gmt":"2023-07-11T15:08:02","guid":{"rendered":"https:\/\/www.studiolongboard.com\/?post_type=product&#038;p=24504"},"modified":"2024-09-19T18:13:59","modified_gmt":"2024-09-19T16:13:59","slug":"slide-gussie-groundswell-31-surfskate","status":"publish","type":"product","link":"https:\/\/www.studiolongboard.com\/fr\/shop\/surfskates\/surfskate-completes\/slide-gussie-groundswell-31-surfskate\/","title":{"rendered":"SLIDE Gussie Groundswell 31&#8243; Surfskate"},"content":{"rendered":"<h2>SLIDE Gussie Groundswell 31&#8243; Surfskate<\/h2>\n<p>Beim Surfskaten ist das Slide Gussie Groundswell , wie alle Gussies, durch seine Breite eine sichere Bank. Mit dem Shape macht man nichts falsch.<\/p>\n<p>Das Gussie hat ein sehr vielseitiges Shape, empfohlen sowohl f\u00fcr Fortgeschrittene als auch Einsteiger die ihre Balance trainieren wollen. Die 70 mm Rollen rollen \u00fcber jedes Hindernis und mit der neuen Version der Achsen kommt das Gussie dem Surfen sehr sehr nahe.<\/p>\n<p>Diese in Australien entwickelte Form wurde f\u00fcr zus\u00e4tzliche Stabilit\u00e4t und Man\u00f6vrierbarkeit entwickelt und vermittelt ein sehr \u00e4hnliches Gef\u00fchl wie beim Surfen und eignet sich f\u00fcr horizontales Cruisen oder Pool-Carving.<\/p>\n<p>Das Slide Gussie Groundswell 31&#8243; Surfsakteboard ist sehr vielseitig und empfiehlt sich f\u00fcr Fahrer, die bereits erfahrene Surfer oder Skater sind, aber auch f\u00fcr Anf\u00e4nger, die ihre Balance und Reaktionszeit verbessern m\u00f6chten. Dank des Gussie-Setups ist es ein Modell, das an Tagen ohne Wellen Dein bester Freund sein wird.<\/p>\n<p>Eigenschaften:<\/p>\n<p>Deck: 31 \u201c x 10.25&#8243; x 17&#8243; Wheelbase &#8211; 79 cm x 26 cm x 43 cm Wheelbase<br \/>\nMaterial: 7 Lagen kanadisches Ahorn<br \/>\nVorderachse: New Wave 165 mm<br \/>\nHinterachse: 165 mm Aluminium poliert<br \/>\nR\u00e4der: Slide Arctic Blue. 70mm \/ 78A<br \/>\nLager: ABEC 7<\/p>","protected":false},"excerpt":{"rendered":"<p>SLIDE Gussie Groundswell 31&#8243; Surfskate Beim Surfskaten ist das Slide Gussie Groundswell , wie alle Gussies, durch seine Breite eine sichere Bank. Mit dem Shape macht man nichts falsch. Das Gussie hat ein sehr vielseitiges Shape, empfohlen sowohl f\u00fcr Fortgeschrittene als auch Einsteiger die ihre Balance trainieren wollen. Die 70 mm Rollen rollen \u00fcber jedes [&#8230;]\n","protected":false},"featured_media":24505,"comment_status":"open","ping_status":"closed","template":"","meta":{"jetpack_post_was_ever_published":false,"jetpack_publicize_message":"","jetpack_publicize_feature_enabled":true,"jetpack_social_post_already_shared":true,"jetpack_social_options":{"image_generator_settings":{"template":"highway","default_image_id":0,"font":"","enabled":false},"version":2}},"product_brand":[],"product_cat":[8983,531],"product_tag":[720,331,8477,718],"class_list":{"0":"post-24504","1":"product","2":"type-product","3":"status-publish","4":"has-post-thumbnail","6":"product_cat-surfskate-completes","7":"product_cat-surfskates","8":"product_tag-surf","9":"product_tag-surfskate","10":"product_tag-8477","11":"product_tag-surfskateboard","12":"product_shipping_class-paket","14":"first","15":"outofstock","16":"taxable","17":"shipping-taxable","18":"purchasable","19":"product-type-simple"},"composite_virtual":false,"composite_layout":"","composite_add_to_cart_form_location":"","composite_editable_in_cart":false,"composite_sold_individually_context":"","composite_shop_price_calc":"","composite_components":[],"composite_scenarios":[],"booking_location":null,"booking_location_type":null,"booking_duration":null,"booking_duration_unit":null,"booking_buffer":null,"booking_cost":null,"booking_resources":null,"jetpack_publicize_connections":[],"jetpack_sharing_enabled":true,"_links":{"self":[{"href":"https:\/\/www.studiolongboard.com\/fr\/wp-json\/wp\/v2\/product\/24504","targetHints":{"allow":["GET"]}}],"collection":[{"href":"https:\/\/www.studiolongboard.com\/fr\/wp-json\/wp\/v2\/product"}],"about":[{"href":"https:\/\/www.studiolongboard.com\/fr\/wp-json\/wp\/v2\/types\/product"}],"replies":[{"embeddable":true,"href":"https:\/\/www.studiolongboard.com\/fr\/wp-json\/wp\/v2\/comments?post=24504"}],"wp:featuredmedia":[{"embeddable":true,"href":"https:\/\/www.studiolongboard.com\/fr\/wp-json\/wp\/v2\/media\/24505"}],"wp:attachment":[{"href":"https:\/\/www.studiolongboard.com\/fr\/wp-json\/wp\/v2\/media?parent=24504"}],"wp:term":[{"taxonomy":"product_brand","embeddable":true,"href":"https:\/\/www.studiolongboard.com\/fr\/wp-json\/wp\/v2\/product_brand?post=24504"},{"taxonomy":"product_cat","embeddable":true,"href":"https:\/\/www.studiolongboard.com\/fr\/wp-json\/wp\/v2\/product_cat?post=24504"},{"taxonomy":"product_tag","embeddable":true,"href":"https:\/\/www.studiolongboard.com\/fr\/wp-json\/wp\/v2\/product_tag?post=24504"}],"curies":[{"name":"wp","href":"https:\/\/api.w.org\/{rel}","templated":true}]}}