{"id":24120,"date":"2023-06-06T13:58:59","date_gmt":"2023-06-06T11:58:59","guid":{"rendered":"https:\/\/www.studiolongboard.com\/?post_type=product&#038;p=24120"},"modified":"2025-07-08T12:12:55","modified_gmt":"2025-07-08T10:12:55","slug":"triple-eight-handgelenkschuetzer-slide-on","status":"publish","type":"product","link":"https:\/\/www.studiolongboard.com\/fr\/shop\/protection\/schuetzer\/triple-eight-handgelenkschuetzer-slide-on\/","title":{"rendered":"TRIPLE EIGHT Handgelenksch\u00fctzer Slide On"},"content":{"rendered":"<h2>TRIPLE EIGHT Handgelenksch\u00fctzer Slide On<\/h2>\n<p>TRIPLE EIGHT Handgelenksch\u00fctzer Slide On sind angenehm zu tragen und geben optimalen Schutz f\u00fcr H\u00e4nde und Handgelenke. Wristsaver sind nicht nur bei Anf\u00e4ngern beliebt. Fortgeschrittene Longboarder und Skateboarder nutzen sie auch gerne bei einer Trick-Session, denn nichts ist schlimmer als f\u00fcr mehrere Wochen wegen eines Knochenbruchs auszufallen.<\/p>\n<p>Safety first!<\/p>\n<p>TRIPLE EIGHT Handgelenksch\u00fctzer Slide On gibt es in 3 verschiedenen Gr\u00f6\u00dfen S, M und L<\/p>","protected":false},"excerpt":{"rendered":"<p>TRIPLE EIGHT Handgelenksch\u00fctzer Slide On TRIPLE EIGHT Handgelenksch\u00fctzer Slide On sind angenehm zu tragen und geben optimalen Schutz f\u00fcr H\u00e4nde und Handgelenke. Wristsaver sind nicht nur bei Anf\u00e4ngern beliebt. Fortgeschrittene Longboarder und Skateboarder nutzen sie auch gerne bei einer Trick-Session, denn nichts ist schlimmer als f\u00fcr mehrere Wochen wegen eines Knochenbruchs auszufallen. Safety first! TRIPLE [&#8230;]\n","protected":false},"featured_media":24126,"comment_status":"closed","ping_status":"closed","template":"","meta":{"jetpack_post_was_ever_published":false,"jetpack_publicize_message":"","jetpack_publicize_feature_enabled":true,"jetpack_social_post_already_shared":true,"jetpack_social_options":{"image_generator_settings":{"template":"highway","default_image_id":0,"font":"","enabled":false},"version":2}},"product_brand":[],"product_cat":[320,505,528],"product_tag":[6487],"class_list":{"0":"post-24120","1":"product","2":"type-product","3":"status-publish","4":"has-post-thumbnail","6":"product_cat-accessories","7":"product_cat-protection","8":"product_cat-schuetzer","9":"product_tag-handgelenkschoner","10":"product_shipping_class-paket-m","12":"first","13":"outofstock","14":"taxable","15":"shipping-taxable","16":"product-type-variable"},"composite_virtual":false,"composite_layout":"","composite_add_to_cart_form_location":"","composite_editable_in_cart":false,"composite_sold_individually_context":"","composite_shop_price_calc":"","composite_components":[],"composite_scenarios":[],"booking_location":null,"booking_location_type":null,"booking_duration":null,"booking_duration_unit":null,"booking_buffer":null,"booking_cost":null,"booking_resources":null,"jetpack_publicize_connections":[],"jetpack_sharing_enabled":true,"_links":{"self":[{"href":"https:\/\/www.studiolongboard.com\/fr\/wp-json\/wp\/v2\/product\/24120","targetHints":{"allow":["GET"]}}],"collection":[{"href":"https:\/\/www.studiolongboard.com\/fr\/wp-json\/wp\/v2\/product"}],"about":[{"href":"https:\/\/www.studiolongboard.com\/fr\/wp-json\/wp\/v2\/types\/product"}],"replies":[{"embeddable":true,"href":"https:\/\/www.studiolongboard.com\/fr\/wp-json\/wp\/v2\/comments?post=24120"}],"wp:featuredmedia":[{"embeddable":true,"href":"https:\/\/www.studiolongboard.com\/fr\/wp-json\/wp\/v2\/media\/24126"}],"wp:attachment":[{"href":"https:\/\/www.studiolongboard.com\/fr\/wp-json\/wp\/v2\/media?parent=24120"}],"wp:term":[{"taxonomy":"product_brand","embeddable":true,"href":"https:\/\/www.studiolongboard.com\/fr\/wp-json\/wp\/v2\/product_brand?post=24120"},{"taxonomy":"product_cat","embeddable":true,"href":"https:\/\/www.studiolongboard.com\/fr\/wp-json\/wp\/v2\/product_cat?post=24120"},{"taxonomy":"product_tag","embeddable":true,"href":"https:\/\/www.studiolongboard.com\/fr\/wp-json\/wp\/v2\/product_tag?post=24120"}],"curies":[{"name":"wp","href":"https:\/\/api.w.org\/{rel}","templated":true}]}}