{"id":23973,"date":"2023-05-26T13:35:38","date_gmt":"2023-05-26T11:35:38","guid":{"rendered":"https:\/\/www.studiolongboard.com\/?post_type=product&#038;p=23973"},"modified":"2026-03-18T20:58:44","modified_gmt":"2026-03-18T19:58:44","slug":"pantheon-trip-33-complete-configurator","status":"publish","type":"product","link":"https:\/\/www.studiolongboard.com\/fr\/shop\/longboards\/komplett-longboards\/einsteiger-longboards\/pantheon-trip-33-complete-configurator\/","title":{"rendered":"PANTHEON Trip 33\u2033 configurateur complet"},"content":{"rendered":"<h2>PANTHEON Trip 33\u2033 configurateur complet<\/h2>\n<p>PANTHEON Trip 33\u2033 configurateur complet. Choisissez votre propre configuration avec notre configurateur.<\/p>\n<p>PANTHEON Trip 2023 33\u2033 Longboard Deck est de retour avec un nouveau graphisme sexy, une face unique en applewood, et une construction au design plus l\u00e9ger. Pantheon a abandonn\u00e9 la face sup\u00e9rieure en faveur d'une construction plus l\u00e9g\u00e8re et plus serr\u00e9e et a teint\u00e9 la couche sup\u00e9rieure en fibre de verre en noir pour un look doux et undercover qui screams quality.<\/p>\n<p>Picking a Complete (Recommandations de Pantheon Longboards)<br \/>\n<em>Notre ensemble pr\u00e9f\u00e9r\u00e9 se compose de trucks Paris de 150 mm dans la configuration 50\/43 et de nos roues Karma de 92 mm. Cela permet d'avoir un truck \u00e0 haut degr\u00e9 de rotation \u00e0 l'avant, et un degr\u00e9 l\u00e9g\u00e8rement inf\u00e9rieur \u00e0 l'arri\u00e8re pour plus de stabilit\u00e9, et cela permet de ne pas avoir de morsure.<strong> Vous devez pouvoir forcer la morsure statique<\/strong> (en fonction de la configuration du bushing et du poids) mais il serait extr\u00eamement difficile d'obtenir des coups de p\u00e9dale \u00e0 plus de 5 km\/h. C'est l'id\u00e9al si tu veux rouler vite et surtout dans les collines. Pour des vitesses plus basses et un rayon de braquage plus petit, choisissez les options 50\/50. Nous proposons \u00e9galement des camions de 165 mm pour les riders qui souhaitent monter des roues plus grandes et plus larges, comme les 90 mm Megawatts de Seismic ou les 85 mm Orangatang Caguamas, et pour les riders qui n'ont absolument aucune tol\u00e9rance pour les morsures de roue. Les riders r\u00e9duiront de mani\u00e8re significative leurs chances de kicker les roues en cas d'accident avec le slimmer setup, car il leur permet de poser leur push foot plus pr\u00e8s du centre de gravit\u00e9. Nous pensons que c'est \u00e0 la fois plus puissant (plus rapide) et plus efficace, mais les grandes roues te permettront d'utiliser des carres plus souples pour des carves encore plus profondes. Et certains riders peuvent opter pour des trucks plus larges afin de b\u00e9n\u00e9ficier d'une conduite plus souple avec une roue \u00e0 patin de contact plus large. <strong>Il suffit de ne pas aller chercher ces m\u00e9gawatts de 90 mm avec des camions de 150 mm, k ?!<\/strong><\/em><\/p>\n<p>La nouvelle Trip est aussi grande que jamais et se sent tr\u00e8s famili\u00e8re sous le pied lorsqu'on la compare aux designs pr\u00e9c\u00e9dents. Le flex est quasiment identique et seules de tr\u00e8s l\u00e9g\u00e8res modifications ont \u00e9t\u00e9 apport\u00e9es \u00e0 la forme pour un peu plus d'esth\u00e9tique \u00e0 l'interface du camion.<\/p>\n<p>SPECS<\/p>\n<p>Longueur : 33.25\u2033 \/ 84.5 cm<br \/>\nLargeur : 9\u2033 \/ 22.9 cm<br \/>\nBase de la roue : 27.25\u2033 \/ 69.6 cm<br \/>\nProfils : mustache rocker<br \/>\nPoids (pont uniquement) : 3.4 lb \/ 1.5 kg<\/p>\n<p>DESIGN FUNCTIONNEL - La forme ext\u00e9rieure du Trip est d\u00e9coup\u00e9e pour maximiser la surface utilisable et minimiser les risques de morsure de roue. Une taille l\u00e9g\u00e8rement fusel\u00e9e compl\u00e8te le profil cambr\u00e9 pour un effet de suspension subtil. Le nez et la queue ouverts offrent un soulagement flexionnel, une protection contre les dommages dus aux impacts et une facilit\u00e9 d'assemblage. Les angles de montage neutres simplifient l'installation tout en offrant un point de d\u00e9part polyvalent pour la customisation.<\/p>\n<p>CURVACEOUS CONFIDENCE - Le Pantheon's highly functional crescent drop lowers the center of gravity and stiffs the drops for efficient pushing while also providing enhanced lateral support and general ergonomics. Elle permet \u00e9galement une initiation de glisse sans effort pour contr\u00f4ler la vitesse dans des conditions communes comme les environnements urbains vallonn\u00e9s ou les chemins et sentiers. Le profil Mustache rocker combine un cambre subtil au point m\u00e9dian du pont avec du rocker sous les pieds. Le cambre localis\u00e9 s'associe \u00e0 la taille l\u00e9g\u00e8rement cintr\u00e9e pour offrir des caract\u00e9ristiques de suspension tout en permettant au reste de la planche de rester ferme pour un contr\u00f4le optimal. La concave radiale faible offre un \u00e9quilibre id\u00e9al entre le contr\u00f4le des carres et le confort de glisse. Les jonctions entre le concave et le crescent cr\u00e9ent des poches en trois dimensions pour une ergonomie s\u00fbre et intuitive.<\/p>\n<p>SNAPPY, LIGHT, &amp; LOW - Le Trip est une machine \u00e0 steeze \u00e0 faible vitesse qui est efficace pour tous vos besoins de d\u00e9placement et de distance. Un noyau d'\u00e9rable \u00e0 6 plis est sandwich\u00e9 entre des couches de fibre de verre triaxiales avec un rev\u00eatement en bois protecteur sur le fond, de sorte que vous n'\u00e9gratignez pas cette couche composite structurelle dans les virages. Ce layup permet d'obtenir une structure fine, rigide et l\u00e9g\u00e8re avec des caract\u00e9ristiques de flex rapides et r\u00e9actives. Combinez-la avec des roues larges et souples comme notre McFly de 86 mm, et vous obtenez une machine de croisi\u00e8re absolue qui absorbera les vibrations de la route et vous permettra de rester en mouvement toute la journ\u00e9e.<\/p>\n<p>GRAPHIQUES - Con\u00e7us par Eddie Kihm (qui a travaill\u00e9 sur de nombreux graphiques de Pantheon) en collaboration avec le fondateur de Pantheon, Jeff. Le graphique repr\u00e9sente un \u00eatre entour\u00e9 d'un champ de tournesols au-dessus du sommet de la t\u00eate de l'\u00eatre. Pour l'\u00eatre, il ne voit probablement rien d'autre qu'une \u00e9paisse couche de tiges. Mais le surplus d'\u00e2me de l'\u00eatre, qui est reli\u00e9 \u00e0 la r\u00e9alit\u00e9 qui le d\u00e9passe, a une vue plus large d'un champ et d'un coucher de soleil, saisissant la v\u00e9ritable beaut\u00e9 de la r\u00e9alit\u00e9 de l'\u00eatre. Souvent, nous sommes coinc\u00e9s dans nos propres luttes respectives, pris dans chaque moment. La r\u00e9alit\u00e9 de la beaut\u00e9 de la vie sous toutes ses formes - naissance, mort, et tous les hauts et les bas entre les deux - nous saisit dans ces moments de lutte individuelle. Ce graphique est l\u00e0 pour nous rappeler que tout cela fait partie d'une image plus large.<\/p>\n<p>Choisissez votre propre configuration avec notre configurateur<\/p>","protected":false},"excerpt":{"rendered":"<p>Le mat\u00e9riel, les shockpads et le montage sont inclus dans le prix<\/p>","protected":false},"featured_media":23978,"comment_status":"open","ping_status":"closed","template":"","meta":{"jetpack_post_was_ever_published":false,"jetpack_publicize_message":"","jetpack_publicize_feature_enabled":true,"jetpack_social_post_already_shared":true,"jetpack_social_options":{"image_generator_settings":{"template":"highway","default_image_id":0,"font":"","enabled":false},"version":2}},"product_brand":[9129],"product_cat":[310,8642,9127],"product_tag":[4247,322,5223,6548,366,367],"class_list":{"0":"post-23973","1":"product","2":"type-product","3":"status-publish","4":"has-post-thumbnail","6":"product_brand-pantheon","7":"product_cat-komplett-longboards","8":"product_cat-einsteiger-longboards","9":"product_cat-ldp-completes","10":"product_tag-long-distance","11":"product_tag-drop-through","12":"product_tag-ldp","13":"product_tag-glass-fiber","14":"product_tag-drop-down","15":"product_tag-double-drop","16":"product_shipping_class-paket","18":"first","19":"instock","20":"sale","21":"taxable","22":"shipping-taxable","23":"purchasable","24":"product-type-composite"},"composite_virtual":false,"composite_layout":"single","composite_add_to_cart_form_location":"default","composite_editable_in_cart":false,"composite_sold_individually_context":"product","composite_shop_price_calc":"defaults","composite_components":[{"id":"1686320534","title":"Pont","description":"","query_type":"product_ids","query_ids":[23956,23947,68309],"default_option_id":23956,"thumbnail_id":23957,"thumbnail_src":"https:\/\/www.studiolongboard.com\/wp-content\/uploads\/2023\/05\/pantheon-trip-33-longboard-deck-2.jpeg","quantity_min":1,"quantity_max":1,"priced_individually":true,"shipped_individually":false,"optional":false,"discount":3,"options_style":"dropdowns","pagination_style":"classic","display_prices":"absolute","show_sorting_options":false,"show_filtering_options":false,"attribute_filter_ids":[],"select_action":"view","product_title_visible":true,"product_descr_visible":true,"product_price_visible":true,"product_thumb_visible":true,"subtotal_visible_product":true,"subtotal_visible_cart":true,"subtotal_visible_orders":true},{"id":"1651749088","title":"Camion frontal","description":"","query_type":"product_ids","query_ids":[12761,18277,24598,9825,17474,19942,20568,10082,29803],"default_option_id":9825,"thumbnail_id":12764,"thumbnail_src":"https:\/\/www.studiolongboard.com\/wp-content\/uploads\/2020\/09\/paris-v3-150mm-50-truck.jpg","quantity_min":1,"quantity_max":1,"priced_individually":true,"shipped_individually":false,"optional":false,"discount":3,"options_style":"dropdowns","pagination_style":"classic","display_prices":"absolute","show_sorting_options":false,"show_filtering_options":false,"attribute_filter_ids":[],"select_action":"view","product_title_visible":true,"product_descr_visible":true,"product_price_visible":true,"product_thumb_visible":true,"subtotal_visible_product":true,"subtotal_visible_cart":true,"subtotal_visible_orders":true},{"id":"1709221769","title":"Camion arri\u00e8re","description":"","query_type":"product_ids","query_ids":[12761,18277,24598,9825,17474,19942,10082,20568,20574,20562,29803],"default_option_id":9825,"thumbnail_id":12762,"thumbnail_src":"https:\/\/www.studiolongboard.com\/wp-content\/uploads\/2020\/09\/paris-v3-150mm-50-truck-2.jpg","quantity_min":1,"quantity_max":1,"priced_individually":true,"shipped_individually":false,"optional":false,"discount":3,"options_style":"dropdowns","pagination_style":"classic","display_prices":"absolute","show_sorting_options":false,"show_filtering_options":false,"attribute_filter_ids":[],"select_action":"view","product_title_visible":true,"product_descr_visible":true,"product_price_visible":true,"product_thumb_visible":true,"subtotal_visible_product":true,"subtotal_visible_cart":true,"subtotal_visible_orders":true},{"id":"1651749089","title":"Wheels","description":"","query_type":"product_ids","query_ids":[25657,18744,22974,7244,7248,7238,6667,8997,9004,24843,23575,30199,16957,14932,14858,62529,62534],"default_option_id":22974,"thumbnail_id":22976,"thumbnail_src":"https:\/\/www.studiolongboard.com\/wp-content\/uploads\/2023\/03\/88-wheels-mcfly-pro-86mm-74a-wheels.jpeg","quantity_min":1,"quantity_max":1,"priced_individually":true,"shipped_individually":false,"optional":false,"discount":3,"options_style":"dropdowns","pagination_style":"classic","display_prices":"absolute","show_sorting_options":false,"show_filtering_options":false,"attribute_filter_ids":[],"select_action":"view","product_title_visible":true,"product_descr_visible":true,"product_price_visible":true,"product_thumb_visible":true,"subtotal_visible_product":true,"subtotal_visible_cart":true,"subtotal_visible_orders":true},{"id":"1651749090","title":"Roulements","description":"","query_type":"product_ids","query_ids":[15162,6792,6044,8047,11957,28658,28656,28664],"default_option_id":6792,"thumbnail_id":6793,"thumbnail_src":"https:\/\/www.studiolongboard.com\/wp-content\/uploads\/2019\/03\/zealous-kugellager.jpg","quantity_min":1,"quantity_max":1,"priced_individually":true,"shipped_individually":false,"optional":false,"discount":3,"options_style":"dropdowns","pagination_style":"classic","display_prices":"absolute","show_sorting_options":false,"show_filtering_options":false,"attribute_filter_ids":[],"select_action":"view","product_title_visible":true,"product_descr_visible":true,"product_price_visible":true,"product_thumb_visible":true,"subtotal_visible_product":true,"subtotal_visible_cart":true,"subtotal_visible_orders":true}],"composite_scenarios":[],"booking_location":null,"booking_location_type":null,"booking_duration":null,"booking_duration_unit":null,"booking_buffer":null,"booking_cost":null,"booking_resources":null,"jetpack_publicize_connections":[],"jetpack_sharing_enabled":true,"_links":{"self":[{"href":"https:\/\/www.studiolongboard.com\/fr\/wp-json\/wp\/v2\/product\/23973","targetHints":{"allow":["GET"]}}],"collection":[{"href":"https:\/\/www.studiolongboard.com\/fr\/wp-json\/wp\/v2\/product"}],"about":[{"href":"https:\/\/www.studiolongboard.com\/fr\/wp-json\/wp\/v2\/types\/product"}],"replies":[{"embeddable":true,"href":"https:\/\/www.studiolongboard.com\/fr\/wp-json\/wp\/v2\/comments?post=23973"}],"wp:featuredmedia":[{"embeddable":true,"href":"https:\/\/www.studiolongboard.com\/fr\/wp-json\/wp\/v2\/media\/23978"}],"wp:attachment":[{"href":"https:\/\/www.studiolongboard.com\/fr\/wp-json\/wp\/v2\/media?parent=23973"}],"wp:term":[{"taxonomy":"product_brand","embeddable":true,"href":"https:\/\/www.studiolongboard.com\/fr\/wp-json\/wp\/v2\/product_brand?post=23973"},{"taxonomy":"product_cat","embeddable":true,"href":"https:\/\/www.studiolongboard.com\/fr\/wp-json\/wp\/v2\/product_cat?post=23973"},{"taxonomy":"product_tag","embeddable":true,"href":"https:\/\/www.studiolongboard.com\/fr\/wp-json\/wp\/v2\/product_tag?post=23973"}],"curies":[{"name":"wp","href":"https:\/\/api.w.org\/{rel}","templated":true}]}}