{"id":23956,"date":"2023-05-25T14:11:11","date_gmt":"2023-05-25T12:11:11","guid":{"rendered":"https:\/\/www.studiolongboard.com\/?post_type=product&#038;p=23956"},"modified":"2026-04-07T19:52:48","modified_gmt":"2026-04-07T17:52:48","slug":"pantheon-trip-2023-33-longboard-deck","status":"publish","type":"product","link":"https:\/\/www.studiolongboard.com\/fr\/shop\/longboards\/longboard-decks\/ldp\/pantheon-trip-2023-33-longboard-deck\/","title":{"rendered":"PANTHEON Trip 2023 33&#8243; Longboard Deck"},"content":{"rendered":"<h2>PANTHEON Trip 2023 33&#8243; Longboard Deck<\/h2>\n<p>PANTHEON Trip 2023 33&#8243; Longboard Deck is back with a sexy new graphic, unique applewood veneer, and a lighter weight design construction. Pantheon has dropped the top veneer in favor of lighter weight, snappier construction and dyed the top fiberglass layer black for a sweet undercover look that screams quality.<\/p>\n<p>La nouvelle Trip est aussi grande que jamais et se sent tr\u00e8s famili\u00e8re sous le pied lorsqu'on la compare aux designs pr\u00e9c\u00e9dents. Le flex est quasiment identique et seules de tr\u00e8s l\u00e9g\u00e8res modifications ont \u00e9t\u00e9 apport\u00e9es \u00e0 la forme pour un peu plus d'esth\u00e9tique \u00e0 l'interface du camion.<\/p>\n<p>SPECS<\/p>\n<p>Longueur : 33.25\u2033 \/ 84.5 cm<br \/>\nLargeur : 9\u2033 \/ 22.9 cm<br \/>\nBase de la roue : 27.25\u2033 \/ 69.6 cm<br \/>\nProfils : mustache rocker<br \/>\nPoids (pont uniquement) : 3.4 lb \/ 1.5 kg<\/p>\n<p>DESIGN FUNCTIONNEL - La forme ext\u00e9rieure du Trip est d\u00e9coup\u00e9e pour maximiser la surface utilisable et minimiser les risques de morsure de roue. Une taille l\u00e9g\u00e8rement fusel\u00e9e compl\u00e8te le profil cambr\u00e9 pour un effet de suspension subtil. Le nez et la queue ouverts offrent un soulagement flexionnel, une protection contre les dommages dus aux impacts et une facilit\u00e9 d'assemblage. Les angles de montage neutres simplifient l'installation tout en offrant un point de d\u00e9part polyvalent pour la customisation.<\/p>\n<p>CURVACEOUS CONFIDENCE - Le Pantheon's highly functional crescent drop lowers the center of gravity and stiffs the drops for efficient pushing while also providing enhanced lateral support and general ergonomics. Elle permet \u00e9galement une initiation de glisse sans effort pour contr\u00f4ler la vitesse dans des conditions communes comme les environnements urbains vallonn\u00e9s ou les chemins et sentiers. Le profil Mustache rocker combine un cambre subtil au point m\u00e9dian du pont avec du rocker sous les pieds. Le cambre localis\u00e9 s'associe \u00e0 la taille l\u00e9g\u00e8rement cintr\u00e9e pour offrir des caract\u00e9ristiques de suspension tout en permettant au reste de la planche de rester ferme pour un contr\u00f4le optimal. La concave radiale faible offre un \u00e9quilibre id\u00e9al entre le contr\u00f4le des carres et le confort de glisse. Les jonctions entre le concave et le crescent cr\u00e9ent des poches en trois dimensions pour une ergonomie s\u00fbre et intuitive.<\/p>\n<p>SNAPPY, LIGHT, &amp; LOW - Le Trip est une machine \u00e0 steeze \u00e0 faible vitesse qui est efficace pour tous vos besoins de d\u00e9placement et de distance. Un noyau d'\u00e9rable \u00e0 6 plis est sandwich\u00e9 entre des couches de fibre de verre triaxiales avec un rev\u00eatement en bois protecteur sur le fond, de sorte que vous n'\u00e9gratignez pas cette couche composite structurelle dans les virages. Ce layup permet d'obtenir une structure fine, rigide et l\u00e9g\u00e8re avec des caract\u00e9ristiques de flex rapides et r\u00e9actives. Combinez-la avec des roues larges et souples comme notre McFly de 86 mm, et vous obtenez une machine de croisi\u00e8re absolue qui absorbera les vibrations de la route et vous permettra de rester en mouvement toute la journ\u00e9e.<\/p>\n<p>GRAPHIQUES - Con\u00e7us par Eddie Kihm (qui a travaill\u00e9 sur de nombreux graphiques de Pantheon) en collaboration avec le fondateur de Pantheon, Jeff. Le graphique repr\u00e9sente un \u00eatre entour\u00e9 d'un champ de tournesols au-dessus du sommet de la t\u00eate de l'\u00eatre. Pour l'\u00eatre, il ne voit probablement rien d'autre qu'une \u00e9paisse couche de tiges. Mais le surplus d'\u00e2me de l'\u00eatre, qui est reli\u00e9 \u00e0 la r\u00e9alit\u00e9 qui le d\u00e9passe, a une vue plus large d'un champ et d'un coucher de soleil, saisissant la v\u00e9ritable beaut\u00e9 de la r\u00e9alit\u00e9 de l'\u00eatre. Souvent, nous sommes coinc\u00e9s dans nos propres luttes respectives, pris dans chaque moment. La r\u00e9alit\u00e9 de la beaut\u00e9 de la vie sous toutes ses formes - naissance, mort, et tous les hauts et les bas entre les deux - nous saisit dans ces moments de lutte individuelle. Ce graphique est l\u00e0 pour nous rappeler que tout cela fait partie d'une image plus large.<\/p>","protected":false},"excerpt":{"rendered":"<p>PANTHEON Trip 2023 33&#8243; Longboard Deck PANTHEON Trip 2023 33&#8243; Longboard Deck is back with a sexy new graphic, unique applewood veneer, and a lighter weight design construction. Pantheon has dropped the top veneer in favor of lighter weight, snappier construction and dyed the top fiberglass layer black for a sweet undercover look that screams [&#8230;]\n","protected":false},"featured_media":23957,"comment_status":"open","ping_status":"closed","template":"","meta":{"jetpack_post_was_ever_published":false,"jetpack_publicize_message":"","jetpack_publicize_feature_enabled":true,"jetpack_social_post_already_shared":true,"jetpack_social_options":{"image_generator_settings":{"template":"highway","default_image_id":0,"font":"","enabled":false},"version":2}},"product_brand":[9129],"product_cat":[313,8975],"product_tag":[367,6548,322,8257,366],"class_list":{"0":"post-23956","1":"product","2":"type-product","3":"status-publish","4":"has-post-thumbnail","6":"product_brand-pantheon","7":"product_cat-longboard-decks","8":"product_cat-ldp","9":"product_tag-double-drop","10":"product_tag-glass-fiber","11":"product_tag-drop-through","12":"product_tag-carbon","13":"product_tag-drop-down","14":"product_shipping_class-paket","16":"first","17":"outofstock","18":"taxable","19":"shipping-taxable","20":"purchasable","21":"product-type-simple"},"composite_virtual":false,"composite_layout":"","composite_add_to_cart_form_location":"","composite_editable_in_cart":false,"composite_sold_individually_context":"","composite_shop_price_calc":"","composite_components":[],"composite_scenarios":[],"booking_location":null,"booking_location_type":null,"booking_duration":null,"booking_duration_unit":null,"booking_buffer":null,"booking_cost":null,"booking_resources":null,"jetpack_publicize_connections":[],"jetpack_sharing_enabled":true,"_links":{"self":[{"href":"https:\/\/www.studiolongboard.com\/fr\/wp-json\/wp\/v2\/product\/23956","targetHints":{"allow":["GET"]}}],"collection":[{"href":"https:\/\/www.studiolongboard.com\/fr\/wp-json\/wp\/v2\/product"}],"about":[{"href":"https:\/\/www.studiolongboard.com\/fr\/wp-json\/wp\/v2\/types\/product"}],"replies":[{"embeddable":true,"href":"https:\/\/www.studiolongboard.com\/fr\/wp-json\/wp\/v2\/comments?post=23956"}],"wp:featuredmedia":[{"embeddable":true,"href":"https:\/\/www.studiolongboard.com\/fr\/wp-json\/wp\/v2\/media\/23957"}],"wp:attachment":[{"href":"https:\/\/www.studiolongboard.com\/fr\/wp-json\/wp\/v2\/media?parent=23956"}],"wp:term":[{"taxonomy":"product_brand","embeddable":true,"href":"https:\/\/www.studiolongboard.com\/fr\/wp-json\/wp\/v2\/product_brand?post=23956"},{"taxonomy":"product_cat","embeddable":true,"href":"https:\/\/www.studiolongboard.com\/fr\/wp-json\/wp\/v2\/product_cat?post=23956"},{"taxonomy":"product_tag","embeddable":true,"href":"https:\/\/www.studiolongboard.com\/fr\/wp-json\/wp\/v2\/product_tag?post=23956"}],"curies":[{"name":"wp","href":"https:\/\/api.w.org\/{rel}","templated":true}]}}