{"id":23497,"date":"2023-04-19T14:24:41","date_gmt":"2023-04-19T12:24:41","guid":{"rendered":"https:\/\/www.studiolongboard.com\/?post_type=product&#038;p=23497"},"modified":"2024-04-06T15:06:08","modified_gmt":"2024-04-06T13:06:08","slug":"slide-surfskate-bandana-34-complete","status":"publish","type":"product","link":"https:\/\/www.studiolongboard.com\/fr\/shop\/surfskates\/surfskate-completes\/slide-surfskate-bandana-34-complete\/","title":{"rendered":"SLIDE Surfskate Evolution Bandana 34&#8243;"},"content":{"rendered":"<h2>SLIDE Surfskate Evolution Bandana 34&#8243;<\/h2>\n<p>SLIDE Surfskate Evolution Bandana 34&#8243; ist eines der l\u00e4ngeren Modelle von Slide. Mit 43&#8243; L\u00e4nge und einer Wheelbase von 18&#8243; ist es gut f\u00fcr gr\u00f6\u00dfere FahrerInnen und aufgrund der erh\u00f6hten Stabilit\u00e4t auch f\u00fcr Anf\u00e4nger besonders gut geeignet. <\/p>\n<p>Deck:<br \/>\nLength: 34\u201c<br \/>\nWidth: 10.25&#8243;<br \/>\nWheelbase: 18&#8243;<br \/>\nMaterial: 7 Lagen kanadisches Ahorn<\/p>\n<p>Vorderachse: Slide 3.5 165 mm<br \/>\nHinterachse: 165 mm Aluminium poliert<br \/>\nRollen: Slide schwarz, 70 mm x 51 mm \/ 78A<br \/>\nLager: ABEC 7<\/p>","protected":false},"excerpt":{"rendered":"<p>SLIDE Surfskate Evolution Bandana 34&#8243; SLIDE Surfskate Evolution Bandana 34&#8243; ist eines der l\u00e4ngeren Modelle von Slide. Mit 43&#8243; L\u00e4nge und einer Wheelbase von 18&#8243; ist es gut f\u00fcr gr\u00f6\u00dfere FahrerInnen und aufgrund der erh\u00f6hten Stabilit\u00e4t auch f\u00fcr Anf\u00e4nger besonders gut geeignet. Deck: Length: 34\u201c Width: 10.25&#8243; Wheelbase: 18&#8243; Material: 7 Lagen kanadisches Ahorn Vorderachse: [&#8230;]\n","protected":false},"featured_media":23498,"comment_status":"open","ping_status":"closed","template":"","meta":{"jetpack_post_was_ever_published":false,"jetpack_publicize_message":"","jetpack_publicize_feature_enabled":true,"jetpack_social_post_already_shared":true,"jetpack_social_options":{"image_generator_settings":{"template":"highway","default_image_id":0,"font":"","enabled":false},"version":2}},"product_brand":[],"product_cat":[531,8983],"product_tag":[718,720,331],"class_list":{"0":"post-23497","1":"product","2":"type-product","3":"status-publish","4":"has-post-thumbnail","6":"product_cat-surfskates","7":"product_cat-surfskate-completes","8":"product_tag-surfskateboard","9":"product_tag-surf","10":"product_tag-surfskate","11":"product_shipping_class-paket","13":"first","14":"outofstock","15":"taxable","16":"shipping-taxable","17":"purchasable","18":"product-type-simple"},"composite_virtual":false,"composite_layout":"","composite_add_to_cart_form_location":"","composite_editable_in_cart":false,"composite_sold_individually_context":"","composite_shop_price_calc":"","composite_components":[],"composite_scenarios":[],"booking_location":null,"booking_location_type":null,"booking_duration":null,"booking_duration_unit":null,"booking_buffer":null,"booking_cost":null,"booking_resources":null,"jetpack_publicize_connections":[],"jetpack_sharing_enabled":true,"_links":{"self":[{"href":"https:\/\/www.studiolongboard.com\/fr\/wp-json\/wp\/v2\/product\/23497","targetHints":{"allow":["GET"]}}],"collection":[{"href":"https:\/\/www.studiolongboard.com\/fr\/wp-json\/wp\/v2\/product"}],"about":[{"href":"https:\/\/www.studiolongboard.com\/fr\/wp-json\/wp\/v2\/types\/product"}],"replies":[{"embeddable":true,"href":"https:\/\/www.studiolongboard.com\/fr\/wp-json\/wp\/v2\/comments?post=23497"}],"wp:featuredmedia":[{"embeddable":true,"href":"https:\/\/www.studiolongboard.com\/fr\/wp-json\/wp\/v2\/media\/23498"}],"wp:attachment":[{"href":"https:\/\/www.studiolongboard.com\/fr\/wp-json\/wp\/v2\/media?parent=23497"}],"wp:term":[{"taxonomy":"product_brand","embeddable":true,"href":"https:\/\/www.studiolongboard.com\/fr\/wp-json\/wp\/v2\/product_brand?post=23497"},{"taxonomy":"product_cat","embeddable":true,"href":"https:\/\/www.studiolongboard.com\/fr\/wp-json\/wp\/v2\/product_cat?post=23497"},{"taxonomy":"product_tag","embeddable":true,"href":"https:\/\/www.studiolongboard.com\/fr\/wp-json\/wp\/v2\/product_tag?post=23497"}],"curies":[{"name":"wp","href":"https:\/\/api.w.org\/{rel}","templated":true}]}}