{"id":23462,"date":"2023-04-17T16:22:07","date_gmt":"2023-04-17T14:22:07","guid":{"rendered":"https:\/\/www.studiolongboard.com\/?post_type=product&#038;p=23462"},"modified":"2025-07-05T15:19:39","modified_gmt":"2025-07-05T13:19:39","slug":"yow-cruiser-persia-29-5","status":"publish","type":"product","link":"https:\/\/www.studiolongboard.com\/fr\/shop\/longboards\/komplett-longboards\/kinder-longboards\/yow-cruiser-persia-29-5\/","title":{"rendered":"YOW Cruiser Persia 29.5&#8243;"},"content":{"rendered":"<h2>YOW Cruiser Persia 29.5&#8243;<\/h2>\n<p>YOW Cruiser Persia 29.5&#8243; ist buchst\u00e4blich das neue Oldschool-Skateboard. Eine Mischung aus den Skateboards der 70er Jahre und YOW&#8217;s eigener Vorstellung vom perfekten Cruiser. Ein vielseitiges Board f\u00fcr den t\u00e4glichen City-Cruise. Leicht zu pushen, pumpen und zu carven, mit Kicktail und Kick Nose, die es dir erlauben, Ollies, Flip-Tricks und so ziemlich alles zu machen, was dir in den Sinn kommt. Mit originalem Artwork der australischen Designerin Shannon Cheung.<\/p>\n<p>Gepresst mit einer mittleren Konkave, die deine F\u00fc\u00dfe auf dem Board h\u00e4lt. Montiert mit YOW&#8217;s neuen patentierten Legasee-Achse in 129 mm, die einen gr\u00f6\u00dferen Kurvenradius als Standard-Skate-Achsen (TKP) hat und dir ein angenehmes Surfgef\u00fchl vermittelt, w\u00e4hrend du mit Leichtigkeit pushen kannst. Au\u00dferdem ist es mit YOW&#8217;s neuen Lurra Rollen 60\u00d740 80a ausgestattet, die schnell und griffig genug f\u00fcr den Einsatz in jedem Gel\u00e4nde sind.<\/p>\n<p>Das Deck ist aus 7 Schichten Hard Rock Maple gefertigt, das verantwortungsvoll aus Gebieten bezogen wird, die unter einem Waldschutzgesetz stehen, das darauf abzielt, die Artenvielfalt der Natur zu sch\u00fctzen, zu erhalten und zu regenerieren.<\/p>\n<p>Alle YOW Boards werden im Baskenland hergestellt und entsprechen der REACH-Verordnung, die den Schutz der menschlichen Gesundheit und der Umwelt gew\u00e4hrleistet.<\/p>\n<p>Deck:<br \/>\n29.5\u2033 x 8.6\u2033 x 15\u2033 WB<br \/>\n7 Plies U.S.A. Hard Rock Maple<br \/>\nOne Coloured Ply<br \/>\nPrinted Jessup Griptape<\/p>\n<p>Trucks:<br \/>\nYOW Legasee 129mm Front Truck<br \/>\nYOW 129mm Silver Rear Truck<br \/>\n92A Ultra HR Formula 15mm Cone Bushings<br \/>\n92A Ultra HR Formula 20mm Barrel Bushings<br \/>\n12mm Black Rubber Riser Pad<\/p>\n<p>Wheels:<br \/>\nYOW LURRA 60x40mm MUSTARD 80A<br \/>\nAbec 7 Black Bearings<br \/>\nSpacers<\/p>","protected":false},"excerpt":{"rendered":"<p>YOW Cruiser Persia 29.5&#8243; YOW Cruiser Persia 29.5&#8243; ist buchst\u00e4blich das neue Oldschool-Skateboard. Eine Mischung aus den Skateboards der 70er Jahre und YOW&#8217;s eigener Vorstellung vom perfekten Cruiser. Ein vielseitiges Board f\u00fcr den t\u00e4glichen City-Cruise. Leicht zu pushen, pumpen und zu carven, mit Kicktail und Kick Nose, die es dir erlauben, Ollies, Flip-Tricks und so [&#8230;]\n","protected":false},"featured_media":23463,"comment_status":"closed","ping_status":"closed","template":"","meta":{"jetpack_post_was_ever_published":false,"jetpack_publicize_message":"","jetpack_publicize_feature_enabled":true,"jetpack_social_post_already_shared":true,"jetpack_social_options":{"image_generator_settings":{"template":"highway","default_image_id":0,"font":"","enabled":false},"version":2}},"product_brand":[],"product_cat":[531,310,8641,311,312,687,319,8983,9086],"product_tag":[8426,8904,5968,462],"class_list":{"0":"post-23462","1":"product","2":"type-product","3":"status-publish","4":"has-post-thumbnail","6":"product_cat-surfskates","7":"product_cat-komplett-longboards","8":"product_cat-kinder-longboards","9":"product_cat-longboards","10":"product_cat-skateboards","11":"product_cat-sale","12":"product_cat-komplett-skateboards","13":"product_cat-surfskate-completes","14":"product_cat-cruiser-skateboards","15":"product_tag-mini-cruiser","16":"product_tag-oldschool","17":"product_tag-skateboard","18":"product_tag-cruiser","19":"product_shipping_class-paket","21":"first","22":"outofstock","23":"sale","24":"taxable","25":"shipping-taxable","26":"purchasable","27":"product-type-simple"},"composite_virtual":false,"composite_layout":"","composite_add_to_cart_form_location":"","composite_editable_in_cart":false,"composite_sold_individually_context":"","composite_shop_price_calc":"","composite_components":[],"composite_scenarios":[],"booking_location":null,"booking_location_type":null,"booking_duration":null,"booking_duration_unit":null,"booking_buffer":null,"booking_cost":null,"booking_resources":null,"jetpack_publicize_connections":[],"jetpack_sharing_enabled":true,"_links":{"self":[{"href":"https:\/\/www.studiolongboard.com\/fr\/wp-json\/wp\/v2\/product\/23462","targetHints":{"allow":["GET"]}}],"collection":[{"href":"https:\/\/www.studiolongboard.com\/fr\/wp-json\/wp\/v2\/product"}],"about":[{"href":"https:\/\/www.studiolongboard.com\/fr\/wp-json\/wp\/v2\/types\/product"}],"replies":[{"embeddable":true,"href":"https:\/\/www.studiolongboard.com\/fr\/wp-json\/wp\/v2\/comments?post=23462"}],"wp:featuredmedia":[{"embeddable":true,"href":"https:\/\/www.studiolongboard.com\/fr\/wp-json\/wp\/v2\/media\/23463"}],"wp:attachment":[{"href":"https:\/\/www.studiolongboard.com\/fr\/wp-json\/wp\/v2\/media?parent=23462"}],"wp:term":[{"taxonomy":"product_brand","embeddable":true,"href":"https:\/\/www.studiolongboard.com\/fr\/wp-json\/wp\/v2\/product_brand?post=23462"},{"taxonomy":"product_cat","embeddable":true,"href":"https:\/\/www.studiolongboard.com\/fr\/wp-json\/wp\/v2\/product_cat?post=23462"},{"taxonomy":"product_tag","embeddable":true,"href":"https:\/\/www.studiolongboard.com\/fr\/wp-json\/wp\/v2\/product_tag?post=23462"}],"curies":[{"name":"wp","href":"https:\/\/api.w.org\/{rel}","templated":true}]}}