{"id":23406,"date":"2023-04-14T14:02:27","date_gmt":"2023-04-14T12:02:27","guid":{"rendered":"https:\/\/www.studiolongboard.com\/?post_type=product&#038;p=23406"},"modified":"2025-06-24T17:27:49","modified_gmt":"2025-06-24T15:27:49","slug":"okozo-longboard-bag-lbb-s1","status":"publish","type":"product","link":"https:\/\/www.studiolongboard.com\/fr\/shop\/accessories\/bags\/okozo-longboard-bag-lbb-s1\/","title":{"rendered":"OKOZO Longboard Bag LBB S1"},"content":{"rendered":"<h2>OKOZO Longboard Bag LBB S1<\/h2>\n<p>OKOZO Longboard Bag LBB S1 ist aus der erste Serie von &#8222;SEAQUAL INITIATIVE&#8220;-Produkten, was bedeutet, dass die Tasche teilweise aus upcyceltem Kunststoffen aus den Meeren hergestellt wird.<\/p>\n<p>Die LBB S1 Tasche ist dein t\u00e4glicher Begleiter f\u00fcr dein gro\u00dfes, klobigen Dancing Longboard. In sie passen Boards bis zu 42&#8243; \/ 107 cm L\u00e4nge. Es gibt ein separates Fach f\u00fcr dein Board, damit deine anderen Sachen sauber bleiben. Du kannst problemlos deinen Laptop, deine Trinkflasche, ein zus\u00e4tzliches Paar Schuhe und alles andere, was du f\u00fcr den Tag brauchst, unterbringen.<\/p>\n<p>Measurements minimized: 55 cm x 30 cm x 15 cm<br \/>\nMeasurements maximized: 110 cm x 30 cm x 15 cm<br \/>\nMeasurements center compartment: 52 cm x 30 cm x 13 cm<br \/>\nCenter compartment 20 liter<br \/>\nWeight: 2.1 kg<br \/>\nFits board size 90 cm \u2013 107 cm<br \/>\nFits laptops max. 15\u2033<\/p>\n<p><strong>Features<\/strong><br \/>\nBoard compartment with easy access &amp; pop-open magnetic frame<br \/>\nCenter compartment with two way zipper for fast and convenient filling<br \/>\nTriangle compression straps<br \/>\nSecure board fixation<br \/>\nRolltop and rollbottom system by Velcro<br \/>\nMinimize your bag to day pack size<br \/>\nPadded ergonomic shoulder straps, comfort fit<br \/>\nBreathable backside panel<br \/>\nBike light loop<br \/>\nDetachable chest straps<br \/>\nDetachable hip straps<br \/>\nDetachable cross strap<br \/>\nInner key holder<br \/>\nInner mesh pocket for water bottle<br \/>\nLaptop pocket<\/p>\n<p>The two shell fabrics are made of SEAQUAL\u00ae YARN.<\/p>\n<p>The fabric producer in Portugal is working under the license of SEAQUAL INITIATIVE using SEAQUAL\u00ae YARN \u2013 upcycled Marine Plastic is made from marine litter retrieved from our oceans, beaches, rivers and estuaries.<\/p>\n<p>Shell 1 black: 100% Polyester (40% SEAQUAL\u00ae YARN, 60% PES), Coating 100% PU<br \/>\nShell 2 black: 100% recycled Polyester (80% SEAQUAL\u00ae YARN, 20% PES), Coating 100% PU<br \/>\nProtective Material: upcycled Tarpaulin from industrial production waste<br \/>\nLining: 100% Nylon<br \/>\nAir-Mesh: 100% Polyester<br \/>\nElastic-Mesh: 100% Polyester<br \/>\nZippers: Tape = 100% Polyester \u2014 Chain = 100% Polyester<br \/>\nWebbing: 100% Polyester<br \/>\nYarn: 100% Polyester<br \/>\nVelcro: Polyamide (PA) + Polyurethane (PP)<br \/>\nComponents\/Buckles:100% Nylon<br \/>\nGrip tape protection: 100% Cristal PVC<br \/>\nReinforcement foam: Crosslinked Polyethylene<\/p>","protected":false},"excerpt":{"rendered":"<p>OKOZO Longboard Bag LBB S1 OKOZO Longboard Bag LBB S1 ist aus der erste Serie von &#8222;SEAQUAL INITIATIVE&#8220;-Produkten, was bedeutet, dass die Tasche teilweise aus upcyceltem Kunststoffen aus den Meeren hergestellt wird. Die LBB S1 Tasche ist dein t\u00e4glicher Begleiter f\u00fcr dein gro\u00dfes, klobigen Dancing Longboard. In sie passen Boards bis zu 42&#8243; \/ 107 [&#8230;]\n","protected":false},"featured_media":23407,"comment_status":"open","ping_status":"closed","template":"","meta":{"jetpack_post_was_ever_published":false,"jetpack_publicize_message":"","jetpack_publicize_feature_enabled":true,"jetpack_social_post_already_shared":true,"jetpack_social_options":{"image_generator_settings":{"template":"highway","default_image_id":0,"font":"","enabled":false},"version":2}},"product_brand":[],"product_cat":[8372,320,687],"product_tag":[2930,3141,6937],"class_list":{"0":"post-23406","1":"product","2":"type-product","3":"status-publish","4":"has-post-thumbnail","6":"product_cat-bags","7":"product_cat-accessories","8":"product_cat-sale","9":"product_tag-tasche","10":"product_tag-bags","11":"product_tag-board-tasche","12":"product_shipping_class-paket","14":"first","15":"instock","16":"sale","17":"featured","18":"taxable","19":"shipping-taxable","20":"purchasable","21":"product-type-simple"},"composite_virtual":false,"composite_layout":"","composite_add_to_cart_form_location":"","composite_editable_in_cart":false,"composite_sold_individually_context":"","composite_shop_price_calc":"","composite_components":[],"composite_scenarios":[],"booking_location":null,"booking_location_type":null,"booking_duration":null,"booking_duration_unit":null,"booking_buffer":null,"booking_cost":null,"booking_resources":null,"jetpack_publicize_connections":[],"jetpack_sharing_enabled":true,"_links":{"self":[{"href":"https:\/\/www.studiolongboard.com\/fr\/wp-json\/wp\/v2\/product\/23406","targetHints":{"allow":["GET"]}}],"collection":[{"href":"https:\/\/www.studiolongboard.com\/fr\/wp-json\/wp\/v2\/product"}],"about":[{"href":"https:\/\/www.studiolongboard.com\/fr\/wp-json\/wp\/v2\/types\/product"}],"replies":[{"embeddable":true,"href":"https:\/\/www.studiolongboard.com\/fr\/wp-json\/wp\/v2\/comments?post=23406"}],"wp:featuredmedia":[{"embeddable":true,"href":"https:\/\/www.studiolongboard.com\/fr\/wp-json\/wp\/v2\/media\/23407"}],"wp:attachment":[{"href":"https:\/\/www.studiolongboard.com\/fr\/wp-json\/wp\/v2\/media?parent=23406"}],"wp:term":[{"taxonomy":"product_brand","embeddable":true,"href":"https:\/\/www.studiolongboard.com\/fr\/wp-json\/wp\/v2\/product_brand?post=23406"},{"taxonomy":"product_cat","embeddable":true,"href":"https:\/\/www.studiolongboard.com\/fr\/wp-json\/wp\/v2\/product_cat?post=23406"},{"taxonomy":"product_tag","embeddable":true,"href":"https:\/\/www.studiolongboard.com\/fr\/wp-json\/wp\/v2\/product_tag?post=23406"}],"curies":[{"name":"wp","href":"https:\/\/api.w.org\/{rel}","templated":true}]}}