{"id":23114,"date":"2023-03-24T15:24:21","date_gmt":"2023-03-24T14:24:21","guid":{"rendered":"https:\/\/www.studiolongboard.com\/?post_type=product&#038;p=23114"},"modified":"2024-02-23T18:09:25","modified_gmt":"2024-02-23T17:09:25","slug":"spirit-of-76-socks-endless-summer-lo","status":"publish","type":"product","link":"https:\/\/www.studiolongboard.com\/fr\/shop\/streetwear\/socks\/spirit-of-76-socks-endless-summer-lo\/","title":{"rendered":"SPIRIT OF 76 Socks Endless Summer Lo"},"content":{"rendered":"<h2>SPIRIT OF 76 Socks Endless Summer Lo<\/h2>\n<p>Hol&#8216; Dir mit den Spirit of 76 Endless Summer Lo Socks das Kult-Accessoire zu Deinem kalifornischen Skater- &amp; Surfer-Look! Wei\u00dfe halbhohe Rippsocken in fresher orange &#8211; hellblau Streifenoptik.<\/p>\n<p>Farbe: Wei\u00df &#8211; Blau &#8211; Orange<br \/>\nH\u00f6he: kn\u00f6chelhoch<br \/>\nMaterial: 82% Baumwolle, 10% Polyamid, 8% Elasthan<br \/>\nFeatures: Gepolsterter Halbpl\u00fcschfu\u00df, gekettelte Spitze, 76 Logo-Stickerei, Vorw\u00e4sche (formbest\u00e4ndig &amp; farbecht)<br \/>\n100% Made in Germany<\/p>\n<p>Pflegehinweise:<br \/>\nNicht hei\u00dfer als 40\u00b0C (104\u00b0F) waschen, nicht bleichen, nur bei niedriger Temperatur in den Trockner geben, nicht b\u00fcgeln, chemische Reinigung m\u00f6glich.<\/p>\n<p><img loading=\"lazy\" decoding=\"async\" class=\"alignleft size-medium wp-image-23094\" src=\"https:\/\/www.studiolongboard.com\/wp-content\/uploads\/2023\/03\/Sizes-Spiro76_1-300x114.jpeg\" alt=\"\" width=\"300\" height=\"114\" srcset=\"https:\/\/www.studiolongboard.com\/wp-content\/uploads\/2023\/03\/Sizes-Spiro76_1-300x114.jpeg 300w, https:\/\/www.studiolongboard.com\/wp-content\/uploads\/2023\/03\/Sizes-Spiro76_1-510x194.jpeg 510w, https:\/\/www.studiolongboard.com\/wp-content\/uploads\/2023\/03\/Sizes-Spiro76_1.jpeg 630w\" sizes=\"auto, (max-width: 300px) 100vw, 300px\" \/><\/p>","protected":false},"excerpt":{"rendered":"<p>Tailles EU :<br \/>\nS : 35 - 38<br \/>\nM : 39 - 42<br \/>\nL : 43 - 46<\/p>","protected":false},"featured_media":23118,"comment_status":"closed","ping_status":"closed","template":"","meta":{"jetpack_post_was_ever_published":false,"jetpack_publicize_message":"","jetpack_publicize_feature_enabled":true,"jetpack_social_post_already_shared":true,"jetpack_social_options":{"image_generator_settings":{"template":"highway","default_image_id":0,"font":"","enabled":false},"version":2}},"product_brand":[],"product_cat":[320,533,8875],"product_tag":[],"class_list":{"0":"post-23114","1":"product","2":"type-product","3":"status-publish","4":"has-post-thumbnail","6":"product_cat-accessories","7":"product_cat-streetwear","8":"product_cat-socks","9":"product_shipping_class-paket-m","11":"first","12":"outofstock","13":"taxable","14":"shipping-taxable","15":"product-type-variable"},"composite_virtual":false,"composite_layout":"","composite_add_to_cart_form_location":"","composite_editable_in_cart":false,"composite_sold_individually_context":"","composite_shop_price_calc":"","composite_components":[],"composite_scenarios":[],"booking_location":null,"booking_location_type":null,"booking_duration":null,"booking_duration_unit":null,"booking_buffer":null,"booking_cost":null,"booking_resources":null,"jetpack_publicize_connections":[],"jetpack_sharing_enabled":true,"_links":{"self":[{"href":"https:\/\/www.studiolongboard.com\/fr\/wp-json\/wp\/v2\/product\/23114","targetHints":{"allow":["GET"]}}],"collection":[{"href":"https:\/\/www.studiolongboard.com\/fr\/wp-json\/wp\/v2\/product"}],"about":[{"href":"https:\/\/www.studiolongboard.com\/fr\/wp-json\/wp\/v2\/types\/product"}],"replies":[{"embeddable":true,"href":"https:\/\/www.studiolongboard.com\/fr\/wp-json\/wp\/v2\/comments?post=23114"}],"wp:featuredmedia":[{"embeddable":true,"href":"https:\/\/www.studiolongboard.com\/fr\/wp-json\/wp\/v2\/media\/23118"}],"wp:attachment":[{"href":"https:\/\/www.studiolongboard.com\/fr\/wp-json\/wp\/v2\/media?parent=23114"}],"wp:term":[{"taxonomy":"product_brand","embeddable":true,"href":"https:\/\/www.studiolongboard.com\/fr\/wp-json\/wp\/v2\/product_brand?post=23114"},{"taxonomy":"product_cat","embeddable":true,"href":"https:\/\/www.studiolongboard.com\/fr\/wp-json\/wp\/v2\/product_cat?post=23114"},{"taxonomy":"product_tag","embeddable":true,"href":"https:\/\/www.studiolongboard.com\/fr\/wp-json\/wp\/v2\/product_tag?post=23114"}],"curies":[{"name":"wp","href":"https:\/\/api.w.org\/{rel}","templated":true}]}}