{"id":23100,"date":"2023-03-24T15:05:28","date_gmt":"2023-03-24T14:05:28","guid":{"rendered":"https:\/\/www.studiolongboard.com\/?post_type=product&#038;p=23100"},"modified":"2024-01-17T14:43:30","modified_gmt":"2024-01-17T13:43:30","slug":"spirit-of-76-socks-whites-on-black-lo","status":"publish","type":"product","link":"https:\/\/www.studiolongboard.com\/fr\/shop\/streetwear\/socks\/spirit-of-76-socks-whites-on-black-lo\/","title":{"rendered":"SPIRIT OF 76 Socks Whites on Black Lo"},"content":{"rendered":"<h2>SPIRIT OF 76 Socks Whites on Black Lo<\/h2>\n<p>Die white Whites on Black Lo sind ein absolutes Klassiker-Modell der Spirit of 76 Produktpalette und lassen sich dezent zu jedem Streetwear-Outfit kombinieren!<\/p>\n<p>Farbe: Schwarz &#8211; Wei\u00df<br \/>\nH\u00f6he: kn\u00f6chelhoch<br \/>\nMaterial: 82% Baumwolle, 10% Polyamid, 8% Elasthan<br \/>\nFeatures: Gepolsterter Halbpl\u00fcschfu\u00df, gekettelte Spitze, 76 Logo-Stickerei, Vorw\u00e4sche (formbest\u00e4ndig &#038; farbecht)<br \/>\n100% Made in Germany<\/p>\n<p>Pflegehinweise:<br \/>\nNicht hei\u00dfer als 40\u00b0C (104\u00b0F) waschen, nicht bleichen, nur bei niedriger Temperatur in den Trockner geben, nicht b\u00fcgeln, chemische Reinigung m\u00f6glich.<\/p>\n<p><img loading=\"lazy\" decoding=\"async\" src=\"https:\/\/www.studiolongboard.com\/wp-content\/uploads\/2023\/03\/Sizes-Spiro76_1-300x114.jpeg\" alt=\"\" width=\"300\" height=\"114\" class=\"alignleft size-medium wp-image-23094\" srcset=\"https:\/\/www.studiolongboard.com\/wp-content\/uploads\/2023\/03\/Sizes-Spiro76_1-300x114.jpeg 300w, https:\/\/www.studiolongboard.com\/wp-content\/uploads\/2023\/03\/Sizes-Spiro76_1-510x194.jpeg 510w, https:\/\/www.studiolongboard.com\/wp-content\/uploads\/2023\/03\/Sizes-Spiro76_1.jpeg 630w\" sizes=\"auto, (max-width: 300px) 100vw, 300px\" \/><\/p>","protected":false},"excerpt":{"rendered":"<p>Tailles EU :<br \/>\nS : 35 - 38<br \/>\nM : 39 - 42<br \/>\nL : 43 - 46<\/p>","protected":false},"featured_media":23104,"comment_status":"closed","ping_status":"closed","template":"","meta":{"jetpack_post_was_ever_published":false,"jetpack_publicize_message":"","jetpack_publicize_feature_enabled":true,"jetpack_social_post_already_shared":true,"jetpack_social_options":{"image_generator_settings":{"template":"highway","default_image_id":0,"font":"","enabled":false},"version":2}},"product_brand":[],"product_cat":[8875,320,533],"product_tag":[],"class_list":{"0":"post-23100","1":"product","2":"type-product","3":"status-publish","4":"has-post-thumbnail","6":"product_cat-socks","7":"product_cat-accessories","8":"product_cat-streetwear","9":"product_shipping_class-paket-m","11":"first","12":"instock","13":"taxable","14":"shipping-taxable","15":"purchasable","16":"product-type-variable"},"composite_virtual":false,"composite_layout":"","composite_add_to_cart_form_location":"","composite_editable_in_cart":false,"composite_sold_individually_context":"","composite_shop_price_calc":"","composite_components":[],"composite_scenarios":[],"booking_location":null,"booking_location_type":null,"booking_duration":null,"booking_duration_unit":null,"booking_buffer":null,"booking_cost":null,"booking_resources":null,"jetpack_publicize_connections":[],"jetpack_sharing_enabled":true,"_links":{"self":[{"href":"https:\/\/www.studiolongboard.com\/fr\/wp-json\/wp\/v2\/product\/23100","targetHints":{"allow":["GET"]}}],"collection":[{"href":"https:\/\/www.studiolongboard.com\/fr\/wp-json\/wp\/v2\/product"}],"about":[{"href":"https:\/\/www.studiolongboard.com\/fr\/wp-json\/wp\/v2\/types\/product"}],"replies":[{"embeddable":true,"href":"https:\/\/www.studiolongboard.com\/fr\/wp-json\/wp\/v2\/comments?post=23100"}],"wp:featuredmedia":[{"embeddable":true,"href":"https:\/\/www.studiolongboard.com\/fr\/wp-json\/wp\/v2\/media\/23104"}],"wp:attachment":[{"href":"https:\/\/www.studiolongboard.com\/fr\/wp-json\/wp\/v2\/media?parent=23100"}],"wp:term":[{"taxonomy":"product_brand","embeddable":true,"href":"https:\/\/www.studiolongboard.com\/fr\/wp-json\/wp\/v2\/product_brand?post=23100"},{"taxonomy":"product_cat","embeddable":true,"href":"https:\/\/www.studiolongboard.com\/fr\/wp-json\/wp\/v2\/product_cat?post=23100"},{"taxonomy":"product_tag","embeddable":true,"href":"https:\/\/www.studiolongboard.com\/fr\/wp-json\/wp\/v2\/product_tag?post=23100"}],"curies":[{"name":"wp","href":"https:\/\/api.w.org\/{rel}","templated":true}]}}