{"id":22030,"date":"2023-01-25T12:37:29","date_gmt":"2023-01-25T11:37:29","guid":{"rendered":"https:\/\/www.studiolongboard.com\/?post_type=product&#038;p=22030"},"modified":"2024-12-16T02:03:42","modified_gmt":"2024-12-16T01:03:42","slug":"triple-eight-bumsaver-protektorenhose","status":"publish","type":"product","link":"https:\/\/www.studiolongboard.com\/fr\/shop\/protection\/schuetzer\/triple-eight-bumsaver-protektorenhose\/","title":{"rendered":"Triple Eight Bumsaver Protektorenhose"},"content":{"rendered":"<h2>Triple Eight Bumsaver Protektorenhose<\/h2>\n<p>Triple Eight Bumsaver Protektorenhose ist hergestellt aus einem weichen, atmungsaktiven Mesh-Gewebe, das sich an die individuelle K\u00f6rperform anpasst und so f\u00fcr Elastizit\u00e4t und optimalen Tragekomfort sorgt.<\/p>\n<p>Der Bumsaver wurde f\u00fcr den Einsatz bei unterschiedlichen Sportarten entwickelt, wie z.B. Downhill-Skateboarding, Snowboarden oder BMX. Die Hose ist in genau den wichtigsten Bereichen gepolstert: H\u00fcften und Stei\u00dfbein um Verletzungen bei St\u00fcrzen zu vermeiden.<\/p>\n<p>Die Schutzpolster bestehen aus sto\u00dfabsorbierendem EVA-Schaum und sind entfernbar, um das Waschen zu erleichtern.<\/p>\n<p><strong>Gr\u00f6\u00dfen \u2013 Taillenumfang:<\/strong><\/p>\n<ul>\n<li>JR\/XS: 55\u201368 cm (22&#8243;\u201327&#8243;)<\/li>\n<li>S: 66\u201376 cm (26&#8243;\u201333&#8243;)<\/li>\n<li>M: 73\u201383 cm (29&#8243;\u201333&#8243;)<\/li>\n<li>L: 83\u201396 cm (32&#8243;\u201338&#8243;)<\/li>\n<li>XL: 91\u2013106 cm (36&#8243;\u201342&#8243;)<\/li>\n<\/ul>","protected":false},"excerpt":{"rendered":"<p>Triple Eight Bumsaver Protektorenhose Triple Eight Bumsaver Protektorenhose ist hergestellt aus einem weichen, atmungsaktiven Mesh-Gewebe, das sich an die individuelle K\u00f6rperform anpasst und so f\u00fcr Elastizit\u00e4t und optimalen Tragekomfort sorgt. Der Bumsaver wurde f\u00fcr den Einsatz bei unterschiedlichen Sportarten entwickelt, wie z.B. Downhill-Skateboarding, Snowboarden oder BMX. Die Hose ist in genau den wichtigsten Bereichen gepolstert: [&#8230;]\n","protected":false},"featured_media":22034,"comment_status":"closed","ping_status":"closed","template":"","meta":{"jetpack_post_was_ever_published":false,"jetpack_publicize_message":"","jetpack_publicize_feature_enabled":true,"jetpack_social_post_already_shared":true,"jetpack_social_options":{"image_generator_settings":{"template":"highway","default_image_id":0,"font":"","enabled":false},"version":2}},"product_brand":[],"product_cat":[320,505,528,687],"product_tag":[6894,8846,8847,8848],"class_list":{"0":"post-22030","1":"product","2":"type-product","3":"status-publish","4":"has-post-thumbnail","6":"product_cat-accessories","7":"product_cat-protection","8":"product_cat-schuetzer","9":"product_cat-sale","10":"product_tag-protection","11":"product_tag-bumsaver","12":"product_tag-protektoren","13":"product_tag-crashpants","14":"product_shipping_class-paket-m","16":"first","17":"instock","18":"taxable","19":"shipping-taxable","20":"purchasable","21":"product-type-variable"},"composite_virtual":false,"composite_layout":"","composite_add_to_cart_form_location":"","composite_editable_in_cart":false,"composite_sold_individually_context":"","composite_shop_price_calc":"","composite_components":[],"composite_scenarios":[],"booking_location":null,"booking_location_type":null,"booking_duration":null,"booking_duration_unit":null,"booking_buffer":null,"booking_cost":null,"booking_resources":null,"jetpack_publicize_connections":[],"jetpack_sharing_enabled":true,"_links":{"self":[{"href":"https:\/\/www.studiolongboard.com\/fr\/wp-json\/wp\/v2\/product\/22030","targetHints":{"allow":["GET"]}}],"collection":[{"href":"https:\/\/www.studiolongboard.com\/fr\/wp-json\/wp\/v2\/product"}],"about":[{"href":"https:\/\/www.studiolongboard.com\/fr\/wp-json\/wp\/v2\/types\/product"}],"replies":[{"embeddable":true,"href":"https:\/\/www.studiolongboard.com\/fr\/wp-json\/wp\/v2\/comments?post=22030"}],"wp:featuredmedia":[{"embeddable":true,"href":"https:\/\/www.studiolongboard.com\/fr\/wp-json\/wp\/v2\/media\/22034"}],"wp:attachment":[{"href":"https:\/\/www.studiolongboard.com\/fr\/wp-json\/wp\/v2\/media?parent=22030"}],"wp:term":[{"taxonomy":"product_brand","embeddable":true,"href":"https:\/\/www.studiolongboard.com\/fr\/wp-json\/wp\/v2\/product_brand?post=22030"},{"taxonomy":"product_cat","embeddable":true,"href":"https:\/\/www.studiolongboard.com\/fr\/wp-json\/wp\/v2\/product_cat?post=22030"},{"taxonomy":"product_tag","embeddable":true,"href":"https:\/\/www.studiolongboard.com\/fr\/wp-json\/wp\/v2\/product_tag?post=22030"}],"curies":[{"name":"wp","href":"https:\/\/api.w.org\/{rel}","templated":true}]}}