{"id":21990,"date":"2023-01-24T17:16:25","date_gmt":"2023-01-24T16:16:25","guid":{"rendered":"https:\/\/www.studiolongboard.com\/?post_type=product&#038;p=21990"},"modified":"2025-08-21T14:40:54","modified_gmt":"2025-08-21T12:40:54","slug":"triple-eight-exoskin-genouilleres-de-skate","status":"publish","type":"product","link":"https:\/\/www.studiolongboard.com\/fr\/shop\/protection\/schuetzer\/triple-eight-exoskin-skate-knieschoner\/","title":{"rendered":"Genouill\u00e8res Triple Eight Exoskin Skate"},"content":{"rendered":"<h2>Genouill\u00e8res Triple Eight Exoskin Skate<\/h2>\n<p>Genouill\u00e8res Triple Eight Exoskin Skate<\/p>\n<p>Les protections Exoskin de Triple Eight ont \u00e9t\u00e9 con\u00e7ues pour \u00eatre super l\u00e9g\u00e8res, pr\u00e9form\u00e9es et dot\u00e9es de coussinets r\u00e9sistants \u00e0 l'abrasion. Les genouill\u00e8res ont \u00e9t\u00e9 sp\u00e9cialement con\u00e7ues pour r\u00e9pondre aux besoins des cyclistes de montagne et de BMX, de sorte que tu puisses \u00e9galement les porter sous tes v\u00eatements. Toutefois, les Triple Eight Exoskin sont \u00e9galement id\u00e9ales pour le snowboard, le skateboard ou le longboard.<\/p>\n<p>Les genouill\u00e8res remplissent leur fonction de protection gr\u00e2ce au rembourrage en mousse haute densit\u00e9 8-Link\u2122. Le mat\u00e9riau ext\u00e9rieur des pads a \u00e9t\u00e9 recouvert d'une couche de Kevlar afin d'offrir une r\u00e9sistance optimale \u00e0 l'abrasion et aux contraintes occasionnelles. La manchette en n\u00e9opr\u00e8ne est \u00e9galement dot\u00e9e d'un tissu doux et terreux \u00e0 l'int\u00e9rieur et perfor\u00e9 pour augmenter le confort, absorber la transpiration et dissiper la chaleur.<\/p>\n<p>Triple Eight EXOSKIN Knee Pads Features:<\/p>\n<ul>\n<li>High density 8-link foam padding for knee caps<\/li>\n<li>Outside Kevlar knee cover for maximum abrasion &amp; tear resistance<\/li>\n<li>Six padded pockets for key impact areas to the sides of the knee<\/li>\n<li>Perforated Neoprene body for breathability<\/li>\n<li>Inside terry-cloth lining for comfort &amp; sweat absorption<\/li>\n<li>Elastic Velcro straps for a custom &amp; secure fit<\/li>\n<\/ul>","protected":false},"excerpt":{"rendered":"<p>Bei Vorbestellung lieferbar innerhalb einer Woche<\/p>","protected":false},"featured_media":21992,"comment_status":"closed","ping_status":"closed","template":"","meta":{"jetpack_post_was_ever_published":false,"jetpack_publicize_message":"","jetpack_publicize_feature_enabled":true,"jetpack_social_post_already_shared":true,"jetpack_social_options":{"image_generator_settings":{"template":"highway","default_image_id":0,"font":"","enabled":false},"version":2}},"product_brand":[],"product_cat":[528,320,505],"product_tag":[],"class_list":{"0":"post-21990","1":"product","2":"type-product","3":"status-publish","4":"has-post-thumbnail","6":"product_cat-schuetzer","7":"product_cat-accessories","8":"product_cat-protection","9":"product_shipping_class-paket-m","11":"first","12":"outofstock","13":"taxable","14":"shipping-taxable","15":"purchasable","16":"product-type-variable"},"composite_virtual":false,"composite_layout":"","composite_add_to_cart_form_location":"","composite_editable_in_cart":false,"composite_sold_individually_context":"","composite_shop_price_calc":"","composite_components":[],"composite_scenarios":[],"booking_location":null,"booking_location_type":null,"booking_duration":null,"booking_duration_unit":null,"booking_buffer":null,"booking_cost":null,"booking_resources":null,"jetpack_publicize_connections":[],"jetpack_sharing_enabled":true,"_links":{"self":[{"href":"https:\/\/www.studiolongboard.com\/fr\/wp-json\/wp\/v2\/product\/21990","targetHints":{"allow":["GET"]}}],"collection":[{"href":"https:\/\/www.studiolongboard.com\/fr\/wp-json\/wp\/v2\/product"}],"about":[{"href":"https:\/\/www.studiolongboard.com\/fr\/wp-json\/wp\/v2\/types\/product"}],"replies":[{"embeddable":true,"href":"https:\/\/www.studiolongboard.com\/fr\/wp-json\/wp\/v2\/comments?post=21990"}],"wp:featuredmedia":[{"embeddable":true,"href":"https:\/\/www.studiolongboard.com\/fr\/wp-json\/wp\/v2\/media\/21992"}],"wp:attachment":[{"href":"https:\/\/www.studiolongboard.com\/fr\/wp-json\/wp\/v2\/media?parent=21990"}],"wp:term":[{"taxonomy":"product_brand","embeddable":true,"href":"https:\/\/www.studiolongboard.com\/fr\/wp-json\/wp\/v2\/product_brand?post=21990"},{"taxonomy":"product_cat","embeddable":true,"href":"https:\/\/www.studiolongboard.com\/fr\/wp-json\/wp\/v2\/product_cat?post=21990"},{"taxonomy":"product_tag","embeddable":true,"href":"https:\/\/www.studiolongboard.com\/fr\/wp-json\/wp\/v2\/product_tag?post=21990"}],"curies":[{"name":"wp","href":"https:\/\/api.w.org\/{rel}","templated":true}]}}