{"id":21723,"date":"2022-12-21T15:22:20","date_gmt":"2022-12-21T14:22:20","guid":{"rendered":"https:\/\/www.studiolongboard.com\/?post_type=product&#038;p=21723"},"modified":"2025-10-11T18:00:50","modified_gmt":"2025-10-11T16:00:50","slug":"spirit-of-76-socks-big-red-lo","status":"publish","type":"product","link":"https:\/\/www.studiolongboard.com\/fr\/shop\/streetwear\/socks\/spirit-of-76-socks-big-red-lo\/","title":{"rendered":"SPIRIT OF 76 Socks Big Red Lo"},"content":{"rendered":"<h2>SPIRIT OF 76 Socks Big Red Lo<\/h2>\n<p>Halbhohe weinrote Retro Socken mit Rippstruktur und stylischen wei\u00dfen Streifen. Stabiler Halbpl\u00fcschfu\u00df, vorgeformte Ferse und perfekt abgestimmter Materialmix garantieren einen optimalen Tragekomfort.<\/p>\n<p>nahtlose, gekettelte Spitze<br \/>\nkn\u00f6chelhohe L\u00e4nge<br \/>\nwei\u00dfe Streifen auf rotem Grund<br \/>\ngepolsterter Halbpl\u00fcschfu\u00df<br \/>\nGr\u00f6\u00dfen von 35 bis 46<br \/>\nhoher Tragekomfort<br \/>\n100 % in Deutschland gefertigt<br \/>\nMaterial: 82% Baumwolle, 10% Polyamid, 8% Elastan<\/p>","protected":false},"excerpt":{"rendered":"<p>Tailles EU :<br \/>\nS : 35 - 38<br \/>\nM : 39 - 42<br \/>\nL : 43 - 46<\/p>","protected":false},"featured_media":21727,"comment_status":"closed","ping_status":"closed","template":"","meta":{"jetpack_post_was_ever_published":false,"jetpack_publicize_message":"","jetpack_publicize_feature_enabled":true,"jetpack_social_post_already_shared":true,"jetpack_social_options":{"image_generator_settings":{"template":"highway","default_image_id":0,"font":"","enabled":false},"version":2}},"product_brand":[],"product_cat":[320,533,8875],"product_tag":[],"class_list":{"0":"post-21723","1":"product","2":"type-product","3":"status-publish","4":"has-post-thumbnail","6":"product_cat-accessories","7":"product_cat-streetwear","8":"product_cat-socks","9":"product_shipping_class-paket-m","11":"first","12":"instock","13":"taxable","14":"shipping-taxable","15":"purchasable","16":"product-type-variable"},"composite_virtual":false,"composite_layout":"","composite_add_to_cart_form_location":"","composite_editable_in_cart":false,"composite_sold_individually_context":"","composite_shop_price_calc":"","composite_components":[],"composite_scenarios":[],"booking_location":null,"booking_location_type":null,"booking_duration":null,"booking_duration_unit":null,"booking_buffer":null,"booking_cost":null,"booking_resources":null,"jetpack_publicize_connections":[],"jetpack_sharing_enabled":true,"_links":{"self":[{"href":"https:\/\/www.studiolongboard.com\/fr\/wp-json\/wp\/v2\/product\/21723","targetHints":{"allow":["GET"]}}],"collection":[{"href":"https:\/\/www.studiolongboard.com\/fr\/wp-json\/wp\/v2\/product"}],"about":[{"href":"https:\/\/www.studiolongboard.com\/fr\/wp-json\/wp\/v2\/types\/product"}],"replies":[{"embeddable":true,"href":"https:\/\/www.studiolongboard.com\/fr\/wp-json\/wp\/v2\/comments?post=21723"}],"wp:featuredmedia":[{"embeddable":true,"href":"https:\/\/www.studiolongboard.com\/fr\/wp-json\/wp\/v2\/media\/21727"}],"wp:attachment":[{"href":"https:\/\/www.studiolongboard.com\/fr\/wp-json\/wp\/v2\/media?parent=21723"}],"wp:term":[{"taxonomy":"product_brand","embeddable":true,"href":"https:\/\/www.studiolongboard.com\/fr\/wp-json\/wp\/v2\/product_brand?post=21723"},{"taxonomy":"product_cat","embeddable":true,"href":"https:\/\/www.studiolongboard.com\/fr\/wp-json\/wp\/v2\/product_cat?post=21723"},{"taxonomy":"product_tag","embeddable":true,"href":"https:\/\/www.studiolongboard.com\/fr\/wp-json\/wp\/v2\/product_tag?post=21723"}],"curies":[{"name":"wp","href":"https:\/\/api.w.org\/{rel}","templated":true}]}}