{"id":21679,"date":"2022-12-21T14:42:14","date_gmt":"2022-12-21T13:42:14","guid":{"rendered":"https:\/\/www.studiolongboard.com\/?post_type=product&#038;p=21679"},"modified":"2024-05-17T14:33:37","modified_gmt":"2024-05-17T12:33:37","slug":"esprit-de-76-chaussettes-blacks-on-grey-hi","status":"publish","type":"product","link":"https:\/\/www.studiolongboard.com\/fr\/shop\/streetwear\/socks\/spirit-of-76-socks-blacks-on-grey-hi\/","title":{"rendered":"SPIRIT OF 76 Chaussettes Blacks on Grey Hi"},"content":{"rendered":"<h2>SPIRIT OF 76 Chaussettes Blacks on Grey Hi<\/h2>\n<p>Les SPIRIT OF 76 Socks Blacks on Grey Hi sont des chaussettes old school qui montent jusqu'au genou, avec des rayures noires sur un fond gris. Le talon pr\u00e9form\u00e9 et le m\u00e9lange de mati\u00e8res parfaitement adapt\u00e9 assurent un confort optimal.<\/p>\n<p>La plus haute qualit\u00e9 \u201eMade in Germany\u201c<\/p>\n<p>Chaussettes r\u00e9tro grises \u00e0 hauteur de genou avec structure stri\u00e9e dans un design classique \u00e0 rayures noires. La semelle en demi-chenille extra-forte et r\u00e9sistante, le talon pr\u00e9form\u00e9 et le m\u00e9lange de mat\u00e9riaux finement ajust\u00e9 garantissent un ajustement parfait et un grand confort de port.<\/p>\n<p>longueur au niveau du genou<br \/>\nchaussettes grises \u00e0 rayures noires<br \/>\nsemelle semi-chenille rembourr\u00e9e<br \/>\ntailles(EU) 35 - 46<br \/>\nconfort de port \u00e9lev\u00e9<br \/>\n100% \u201cMade in Germany\u201d (Fabriqu\u00e9 en Allemagne)\u201d<br \/>\nmati\u00e8re : 82% Coton, 10% Polyamide, 8% Elasthane<\/p>","protected":false},"excerpt":{"rendered":"<p>Tailles EU :<br \/>\nS : 35 - 38<br \/>\nM : 39 - 42<br \/>\nL : 43 - 46<\/p>","protected":false},"featured_media":21683,"comment_status":"closed","ping_status":"closed","template":"","meta":{"jetpack_post_was_ever_published":false,"jetpack_publicize_message":"","jetpack_publicize_feature_enabled":true,"jetpack_social_post_already_shared":true,"jetpack_social_options":{"image_generator_settings":{"template":"highway","default_image_id":0,"font":"","enabled":false},"version":2}},"product_brand":[],"product_cat":[8875,320,533],"product_tag":[],"class_list":{"0":"post-21679","1":"product","2":"type-product","3":"status-publish","4":"has-post-thumbnail","6":"product_cat-socks","7":"product_cat-accessories","8":"product_cat-streetwear","9":"product_shipping_class-paket-m","11":"first","12":"outofstock","13":"taxable","14":"shipping-taxable","15":"product-type-variable"},"composite_virtual":false,"composite_layout":"","composite_add_to_cart_form_location":"","composite_editable_in_cart":false,"composite_sold_individually_context":"","composite_shop_price_calc":"","composite_components":[],"composite_scenarios":[],"booking_location":null,"booking_location_type":null,"booking_duration":null,"booking_duration_unit":null,"booking_buffer":null,"booking_cost":null,"booking_resources":null,"jetpack_publicize_connections":[],"jetpack_sharing_enabled":true,"_links":{"self":[{"href":"https:\/\/www.studiolongboard.com\/fr\/wp-json\/wp\/v2\/product\/21679","targetHints":{"allow":["GET"]}}],"collection":[{"href":"https:\/\/www.studiolongboard.com\/fr\/wp-json\/wp\/v2\/product"}],"about":[{"href":"https:\/\/www.studiolongboard.com\/fr\/wp-json\/wp\/v2\/types\/product"}],"replies":[{"embeddable":true,"href":"https:\/\/www.studiolongboard.com\/fr\/wp-json\/wp\/v2\/comments?post=21679"}],"wp:featuredmedia":[{"embeddable":true,"href":"https:\/\/www.studiolongboard.com\/fr\/wp-json\/wp\/v2\/media\/21683"}],"wp:attachment":[{"href":"https:\/\/www.studiolongboard.com\/fr\/wp-json\/wp\/v2\/media?parent=21679"}],"wp:term":[{"taxonomy":"product_brand","embeddable":true,"href":"https:\/\/www.studiolongboard.com\/fr\/wp-json\/wp\/v2\/product_brand?post=21679"},{"taxonomy":"product_cat","embeddable":true,"href":"https:\/\/www.studiolongboard.com\/fr\/wp-json\/wp\/v2\/product_cat?post=21679"},{"taxonomy":"product_tag","embeddable":true,"href":"https:\/\/www.studiolongboard.com\/fr\/wp-json\/wp\/v2\/product_tag?post=21679"}],"curies":[{"name":"wp","href":"https:\/\/api.w.org\/{rel}","templated":true}]}}