{"id":21198,"date":"2022-11-21T13:21:08","date_gmt":"2022-11-21T12:21:08","guid":{"rendered":"https:\/\/www.studiolongboard.com\/?post_type=product&#038;p=21198"},"modified":"2023-11-15T12:32:08","modified_gmt":"2023-11-15T11:32:08","slug":"riptide-foot-stop-concave-blue","status":"publish","type":"product","link":"https:\/\/www.studiolongboard.com\/fr\/shop\/accessories\/footstops\/riptide-foot-stop-concave-blue\/","title":{"rendered":"Riptide Foot Stop Concave blue"},"content":{"rendered":"<h2>Riptide Foot Stop Concave blue<\/h2>\n<p>Riptide Foot Stop Concave blue besteht aus Urethan in einer H\u00e4rte von 65d. Das Urethan macht den Footstop extra widerstandsf\u00e4hig und passt sich der Deckform an. Inklusive Schraube.<\/p>\n<p>Design aus England. Gefertigt in USA.<\/p>\n<p><strong>\u00fcber RipTide:<\/strong><\/p>\n<p>RipTide Sports, die Hauptfirma von RipTide Bushings hat sich einem Ziel verschrieben: G\u00e4nzlich neu entwickelte Produkte f\u00fcr den Longboardmarkt zu produzieren, die innovativ und nachhaltig im Design und in der Herstellung sind. Ihr Ziel ist es Longboardspezifische Produkte zu produzieren, die helfen das Setup individuell anzupassen und zu optimieren um den Fahrspass wieder\u00a0aufleben zu lassen.<\/p>","protected":false},"excerpt":{"rendered":"<p>Riptide Foot Stop Concave blue Riptide Foot Stop Concave blue besteht aus Urethan in einer H\u00e4rte von 65d. Das Urethan macht den Footstop extra widerstandsf\u00e4hig und passt sich der Deckform an. Inklusive Schraube. Design aus England. Gefertigt in USA. \u00fcber RipTide: RipTide Sports, die Hauptfirma von RipTide Bushings hat sich einem Ziel verschrieben: G\u00e4nzlich neu [&#8230;]\n","protected":false},"featured_media":21197,"comment_status":"closed","ping_status":"closed","template":"","meta":{"jetpack_post_was_ever_published":false,"jetpack_publicize_message":"","jetpack_publicize_feature_enabled":true,"jetpack_social_post_already_shared":true,"jetpack_social_options":{"image_generator_settings":{"template":"highway","default_image_id":0,"font":"","enabled":false},"version":2}},"product_brand":[],"product_cat":[8863,505,687,320],"product_tag":[777,8691,8692,8693],"class_list":{"0":"post-21198","1":"product","2":"type-product","3":"status-publish","4":"has-post-thumbnail","6":"product_cat-footstops","7":"product_cat-protection","8":"product_cat-sale","9":"product_cat-accessories","10":"product_tag-footstop","11":"product_tag-toestop","12":"product_tag-toe-stop","13":"product_tag-foot-stop","14":"product_shipping_class-paket-m","16":"first","17":"outofstock","18":"sale","19":"taxable","20":"shipping-taxable","21":"purchasable","22":"product-type-simple"},"composite_virtual":false,"composite_layout":"","composite_add_to_cart_form_location":"","composite_editable_in_cart":false,"composite_sold_individually_context":"","composite_shop_price_calc":"","composite_components":[],"composite_scenarios":[],"booking_location":null,"booking_location_type":null,"booking_duration":null,"booking_duration_unit":null,"booking_buffer":null,"booking_cost":null,"booking_resources":null,"jetpack_publicize_connections":[],"jetpack_sharing_enabled":true,"_links":{"self":[{"href":"https:\/\/www.studiolongboard.com\/fr\/wp-json\/wp\/v2\/product\/21198","targetHints":{"allow":["GET"]}}],"collection":[{"href":"https:\/\/www.studiolongboard.com\/fr\/wp-json\/wp\/v2\/product"}],"about":[{"href":"https:\/\/www.studiolongboard.com\/fr\/wp-json\/wp\/v2\/types\/product"}],"replies":[{"embeddable":true,"href":"https:\/\/www.studiolongboard.com\/fr\/wp-json\/wp\/v2\/comments?post=21198"}],"wp:featuredmedia":[{"embeddable":true,"href":"https:\/\/www.studiolongboard.com\/fr\/wp-json\/wp\/v2\/media\/21197"}],"wp:attachment":[{"href":"https:\/\/www.studiolongboard.com\/fr\/wp-json\/wp\/v2\/media?parent=21198"}],"wp:term":[{"taxonomy":"product_brand","embeddable":true,"href":"https:\/\/www.studiolongboard.com\/fr\/wp-json\/wp\/v2\/product_brand?post=21198"},{"taxonomy":"product_cat","embeddable":true,"href":"https:\/\/www.studiolongboard.com\/fr\/wp-json\/wp\/v2\/product_cat?post=21198"},{"taxonomy":"product_tag","embeddable":true,"href":"https:\/\/www.studiolongboard.com\/fr\/wp-json\/wp\/v2\/product_tag?post=21198"}],"curies":[{"name":"wp","href":"https:\/\/api.w.org\/{rel}","templated":true}]}}