{"id":20713,"date":"2022-09-15T15:53:48","date_gmt":"2022-09-15T13:53:48","guid":{"rendered":"https:\/\/www.studiolongboard.com\/?post_type=product&#038;p=20713"},"modified":"2025-10-09T18:47:03","modified_gmt":"2025-10-09T16:47:03","slug":"riptide-wfb-pivot-cups-96a-carver-c7-3-c2-4","status":"publish","type":"product","link":"https:\/\/www.studiolongboard.com\/fr\/shop\/accessories\/bushings-pivot-cups\/riptide-wfb-pivot-cups-96a-carver-c7-3-c2-4\/","title":{"rendered":"Riptide WFB Pivot Cups 96a Carver C7.3\/C2.4"},"content":{"rendered":"<h2 class=\"fn product-title\">Riptide WFB Pivot Cups 96a Carver C7.3\/C2.4<\/h2>\n<p>Riptide WFB Pivot Cups 96a Carver C7.3\/C2.4<\/p>\n<p>Riptide propose des coupelles de pivot pour l'axe Carver C7. Il s'agit de coupelles de pivot de tr\u00e8s haute qualit\u00e9, fabriqu\u00e9es \u00e0 partir du propre m\u00e9lange d'ur\u00e9thane WFB de Riptide, d'une duret\u00e9 de 96a.<br \/>\nLes produits de Riptide se distinguent par leur grande pr\u00e9cision et s'adaptent donc comme un gant. Extr\u00eamement durables.<\/p>\n<ul>\n<li>WFB Ur\u00e9thane<\/li>\n<li>96a<\/li>\n<\/ul>","protected":false},"excerpt":{"rendered":"<p>Riptide WFB Pivot Cups 96a Carver C7.3\/C2.4 Riptide WFB Pivot Cups 96a Carver C7.3\/C2.4 Hiermit bietet Riptide Pivot\u00a0Cups\u00a0f\u00fcr die Carver C7-Achse an. Dabei\u00a0handelt es sich um sehr hochwertige Pivot\u00a0cups aus Riptide&#8217;s eigener WFB Urethanmischung mit einem H\u00e4rte von 96a. Die Produkte von Riptide zeichnen sich durch ihre hohe Pr\u00e4zision aus und passen deswegen wie angegossen. [&#8230;]\n","protected":false},"featured_media":20712,"comment_status":"open","ping_status":"closed","template":"","meta":{"jetpack_post_was_ever_published":false,"jetpack_publicize_message":"","jetpack_publicize_feature_enabled":true,"jetpack_social_post_already_shared":true,"jetpack_social_options":{"image_generator_settings":{"template":"highway","default_image_id":0,"font":"","enabled":false},"version":2}},"product_brand":[],"product_cat":[320,3208],"product_tag":[4791],"class_list":{"0":"post-20713","1":"product","2":"type-product","3":"status-publish","4":"has-post-thumbnail","6":"product_cat-accessories","7":"product_cat-bushings-pivot-cups","8":"product_tag-pivot-cups","9":"product_shipping_class-paket-m","11":"first","12":"outofstock","13":"taxable","14":"shipping-taxable","15":"purchasable","16":"product-type-simple"},"composite_virtual":false,"composite_layout":"","composite_add_to_cart_form_location":"","composite_editable_in_cart":false,"composite_sold_individually_context":"","composite_shop_price_calc":"","composite_components":[],"composite_scenarios":[],"booking_location":null,"booking_location_type":null,"booking_duration":null,"booking_duration_unit":null,"booking_buffer":null,"booking_cost":null,"booking_resources":null,"jetpack_publicize_connections":[],"jetpack_sharing_enabled":true,"_links":{"self":[{"href":"https:\/\/www.studiolongboard.com\/fr\/wp-json\/wp\/v2\/product\/20713","targetHints":{"allow":["GET"]}}],"collection":[{"href":"https:\/\/www.studiolongboard.com\/fr\/wp-json\/wp\/v2\/product"}],"about":[{"href":"https:\/\/www.studiolongboard.com\/fr\/wp-json\/wp\/v2\/types\/product"}],"replies":[{"embeddable":true,"href":"https:\/\/www.studiolongboard.com\/fr\/wp-json\/wp\/v2\/comments?post=20713"}],"wp:featuredmedia":[{"embeddable":true,"href":"https:\/\/www.studiolongboard.com\/fr\/wp-json\/wp\/v2\/media\/20712"}],"wp:attachment":[{"href":"https:\/\/www.studiolongboard.com\/fr\/wp-json\/wp\/v2\/media?parent=20713"}],"wp:term":[{"taxonomy":"product_brand","embeddable":true,"href":"https:\/\/www.studiolongboard.com\/fr\/wp-json\/wp\/v2\/product_brand?post=20713"},{"taxonomy":"product_cat","embeddable":true,"href":"https:\/\/www.studiolongboard.com\/fr\/wp-json\/wp\/v2\/product_cat?post=20713"},{"taxonomy":"product_tag","embeddable":true,"href":"https:\/\/www.studiolongboard.com\/fr\/wp-json\/wp\/v2\/product_tag?post=20713"}],"curies":[{"name":"wp","href":"https:\/\/api.w.org\/{rel}","templated":true}]}}