{"id":20640,"date":"2022-09-10T15:13:47","date_gmt":"2022-09-10T13:13:47","guid":{"rendered":"https:\/\/www.studiolongboard.com\/?post_type=product&#038;p=20640"},"modified":"2024-05-07T13:10:43","modified_gmt":"2024-05-07T11:10:43","slug":"mob-griptape-grip-cleanerripcare-griptape-cleaner-kopie","status":"publish","type":"product","link":"https:\/\/www.studiolongboard.com\/fr\/shop\/accessories\/griptape\/mob-griptape-grip-cleanerripcare-griptape-cleaner-kopie\/","title":{"rendered":"MOB-Griptape Grip Cleaner"},"content":{"rendered":"<h2>MOB-Griptape Grip Cleaner<\/h2>\n<p>MOB-Griptape Grip Cleaner ist ein grobes Radiergummi mit dem du ganz eicht dein Griptape reinigen kannst. Gerade bei Dreck und N\u00e4sse auf der Stra\u00dfe verdreckt das Griptape auf dem Board und verringert die Haftung der F\u00fc\u00dfe. Mit dem MOB Grip Cleaner kannst du den Grip vom Dreck befreien und hast wieder die urspr\u00fcngliche Haftung unter den F\u00fc\u00dfen.<\/p>\n<p>&nbsp;<\/p>\n<p>MOB-Griptape Grip Cleaner is a coarse eraser with which you can easily clean your Griptape. With the Grip Cleaner you can free the grip from dirt<\/p>","protected":false},"excerpt":{"rendered":"<p>MOB-Griptape Grip Cleaner MOB-Griptape Grip Cleaner ist ein grobes Radiergummi mit dem du ganz eicht dein Griptape reinigen kannst. Gerade bei Dreck und N\u00e4sse auf der Stra\u00dfe verdreckt das Griptape auf dem Board und verringert die Haftung der F\u00fc\u00dfe. Mit dem MOB Grip Cleaner kannst du den Grip vom Dreck befreien und hast wieder die [&#8230;]\n","protected":false},"featured_media":20641,"comment_status":"open","ping_status":"closed","template":"","meta":{"jetpack_post_was_ever_published":false,"jetpack_publicize_message":"","jetpack_publicize_feature_enabled":true,"jetpack_social_post_already_shared":true,"jetpack_social_options":{"image_generator_settings":{"template":"highway","default_image_id":0,"font":"","enabled":false},"version":2}},"product_brand":[],"product_cat":[4609,320],"product_tag":[8308,8309,713],"class_list":{"0":"post-20640","1":"product","2":"type-product","3":"status-publish","4":"has-post-thumbnail","6":"product_cat-griptape","7":"product_cat-accessories","8":"product_tag-grip-cleaner","9":"product_tag-ripcare","10":"product_tag-griptape","11":"product_shipping_class-paket-m","13":"first","14":"outofstock","15":"taxable","16":"shipping-taxable","17":"purchasable","18":"product-type-simple"},"composite_virtual":false,"composite_layout":"","composite_add_to_cart_form_location":"","composite_editable_in_cart":false,"composite_sold_individually_context":"","composite_shop_price_calc":"","composite_components":[],"composite_scenarios":[],"booking_location":null,"booking_location_type":null,"booking_duration":null,"booking_duration_unit":null,"booking_buffer":null,"booking_cost":null,"booking_resources":null,"jetpack_publicize_connections":[],"jetpack_sharing_enabled":true,"_links":{"self":[{"href":"https:\/\/www.studiolongboard.com\/fr\/wp-json\/wp\/v2\/product\/20640","targetHints":{"allow":["GET"]}}],"collection":[{"href":"https:\/\/www.studiolongboard.com\/fr\/wp-json\/wp\/v2\/product"}],"about":[{"href":"https:\/\/www.studiolongboard.com\/fr\/wp-json\/wp\/v2\/types\/product"}],"replies":[{"embeddable":true,"href":"https:\/\/www.studiolongboard.com\/fr\/wp-json\/wp\/v2\/comments?post=20640"}],"wp:featuredmedia":[{"embeddable":true,"href":"https:\/\/www.studiolongboard.com\/fr\/wp-json\/wp\/v2\/media\/20641"}],"wp:attachment":[{"href":"https:\/\/www.studiolongboard.com\/fr\/wp-json\/wp\/v2\/media?parent=20640"}],"wp:term":[{"taxonomy":"product_brand","embeddable":true,"href":"https:\/\/www.studiolongboard.com\/fr\/wp-json\/wp\/v2\/product_brand?post=20640"},{"taxonomy":"product_cat","embeddable":true,"href":"https:\/\/www.studiolongboard.com\/fr\/wp-json\/wp\/v2\/product_cat?post=20640"},{"taxonomy":"product_tag","embeddable":true,"href":"https:\/\/www.studiolongboard.com\/fr\/wp-json\/wp\/v2\/product_tag?post=20640"}],"curies":[{"name":"wp","href":"https:\/\/api.w.org\/{rel}","templated":true}]}}