{"id":20604,"date":"2022-09-07T14:46:54","date_gmt":"2022-09-07T12:46:54","guid":{"rendered":"https:\/\/www.studiolongboard.com\/?post_type=product&#038;p=20604"},"modified":"2024-05-25T14:19:46","modified_gmt":"2024-05-25T12:19:46","slug":"slide-surfskateboard-gussie-31-spoon-2022","status":"publish","type":"product","link":"https:\/\/www.studiolongboard.com\/fr\/shop\/surfskates\/surfskate-completes\/slide-surfskateboard-gussie-31-spoon-2022\/","title":{"rendered":"SLIDE Surfskateboard Gussie 31&#8243; Spoon 2022"},"content":{"rendered":"<h2>SLIDE Surfskateboard Gussie 31&#8243; Spoon 2022<\/h2>\n<p>SLIDE Surfskateboard Gussie 31&#8243; Spoon 2022 wird dein bester Freund an Tagen sein, an denen es keine Wellen gibt. In Australien entwickelt, steht diese Shape f\u00fcr Stabilit\u00e4t und Man\u00f6verierbarkeit und gibt dir ein Gef\u00fchl des Surfens. Es funktioniert auch beim Cruisen oder im Pool. Bestens geeignet f\u00fcr Rider, die auf gro\u00dfem Fu\u00df leben.<\/p>\n<p>Deck: 78,7cm x 25,4cm<br \/>\nMaterial: 7 Lagen kanadisches Ahorn<br \/>\nVorderachse: Slide 3.0 165 mm<br \/>\nHinterachse: 165mm Aluminium poliert<br \/>\nR\u00e4der: Slide schwarz. 70mm x 51mm \/ 83A<br \/>\nLager: ABEC 7<\/p>\n<p>Slide Surfskate wurden von der spanischen Kultmarke Sancheski vor einigen Jahren mitentwickelt. Die neuen Slides der Saison 2022 sind Boards mit einer ultimativen Performance und ihr k\u00f6nnt eure imagin\u00e4ren Wellen abreiten. Egal wo ihr seid!<\/p>","protected":false},"excerpt":{"rendered":"<p>SLIDE Surfskateboard Gussie 31&#8243; Spoon 2022 SLIDE Surfskateboard Gussie 31&#8243; Spoon 2022 wird dein bester Freund an Tagen sein, an denen es keine Wellen gibt. In Australien entwickelt, steht diese Shape f\u00fcr Stabilit\u00e4t und Man\u00f6verierbarkeit und gibt dir ein Gef\u00fchl des Surfens. Es funktioniert auch beim Cruisen oder im Pool. Bestens geeignet f\u00fcr Rider, die [&#8230;]\n","protected":false},"featured_media":20605,"comment_status":"open","ping_status":"closed","template":"","meta":{"jetpack_post_was_ever_published":false,"jetpack_publicize_message":"","jetpack_publicize_feature_enabled":true,"jetpack_social_post_already_shared":true,"jetpack_social_options":{"image_generator_settings":{"template":"highway","default_image_id":0,"font":"","enabled":false},"version":2}},"product_brand":[],"product_cat":[531,8983],"product_tag":[718,720,331,8477],"class_list":{"0":"post-20604","1":"product","2":"type-product","3":"status-publish","4":"has-post-thumbnail","6":"product_cat-surfskates","7":"product_cat-surfskate-completes","8":"product_tag-surfskateboard","9":"product_tag-surf","10":"product_tag-surfskate","11":"product_tag-8477","12":"product_shipping_class-paket","14":"first","15":"outofstock","16":"taxable","17":"shipping-taxable","18":"purchasable","19":"product-type-simple"},"composite_virtual":false,"composite_layout":"","composite_add_to_cart_form_location":"","composite_editable_in_cart":false,"composite_sold_individually_context":"","composite_shop_price_calc":"","composite_components":[],"composite_scenarios":[],"booking_location":null,"booking_location_type":null,"booking_duration":null,"booking_duration_unit":null,"booking_buffer":null,"booking_cost":null,"booking_resources":null,"jetpack_publicize_connections":[],"jetpack_sharing_enabled":true,"_links":{"self":[{"href":"https:\/\/www.studiolongboard.com\/fr\/wp-json\/wp\/v2\/product\/20604","targetHints":{"allow":["GET"]}}],"collection":[{"href":"https:\/\/www.studiolongboard.com\/fr\/wp-json\/wp\/v2\/product"}],"about":[{"href":"https:\/\/www.studiolongboard.com\/fr\/wp-json\/wp\/v2\/types\/product"}],"replies":[{"embeddable":true,"href":"https:\/\/www.studiolongboard.com\/fr\/wp-json\/wp\/v2\/comments?post=20604"}],"wp:featuredmedia":[{"embeddable":true,"href":"https:\/\/www.studiolongboard.com\/fr\/wp-json\/wp\/v2\/media\/20605"}],"wp:attachment":[{"href":"https:\/\/www.studiolongboard.com\/fr\/wp-json\/wp\/v2\/media?parent=20604"}],"wp:term":[{"taxonomy":"product_brand","embeddable":true,"href":"https:\/\/www.studiolongboard.com\/fr\/wp-json\/wp\/v2\/product_brand?post=20604"},{"taxonomy":"product_cat","embeddable":true,"href":"https:\/\/www.studiolongboard.com\/fr\/wp-json\/wp\/v2\/product_cat?post=20604"},{"taxonomy":"product_tag","embeddable":true,"href":"https:\/\/www.studiolongboard.com\/fr\/wp-json\/wp\/v2\/product_tag?post=20604"}],"curies":[{"name":"wp","href":"https:\/\/api.w.org\/{rel}","templated":true}]}}