{"id":20478,"date":"2022-08-25T16:43:59","date_gmt":"2022-08-25T14:43:59","guid":{"rendered":"https:\/\/www.studiolongboard.com\/?post_type=product&#038;p=20478"},"modified":"2026-01-06T23:35:18","modified_gmt":"2026-01-06T22:35:18","slug":"loaded-basalt-tesseract-longboard-deck","status":"publish","type":"product","link":"https:\/\/www.studiolongboard.com\/fr\/shop\/longboards\/longboard-decks\/dance-freestyle-decks\/loaded-basalt-tesseract-longboard-deck\/","title":{"rendered":"LOADED Basalt Tesseract Longboard Deck"},"content":{"rendered":"<h2>LOADED Basalt Tesseract Longboard Deck<\/h2>\n<p>LOADED Basalt Tesseract Longboard Deck ist die Weiterentwicklung des beliebten Tesseracts. Wie beim Tarab wurde auch bei diesem Board eine zus\u00e4tzliche Schicht Basalt verbaut. Basalt ist ein schw\u00e4rzliches Vulkangestein, das besonders im Stra\u00dfenbau verwendet wird und f\u00fcr zus\u00e4tzliche D\u00e4mpfung und Stabilit\u00e4t sorgt. Hinzu kommt eine d\u00e4mpfende Korkschicht an der Unterseite. Twin-Tip Shape mit 2 sch\u00f6nen Kicks geben dem ganzen einen guten Schuss Freestyle. Der minimale Rocker sorgen f\u00fcr ein sehr gutes Boardgef\u00fchl und unterst\u00fctzen den Stance und die Kontrolle.<\/p>\n<p>Abmessungen:<\/p>\n<p>L\u00e4nge: 39\u201d \/ 99 cm<br \/>\nBreite: 9.5\u201d \/ 24 cm<br \/>\nAchsabstand: 24.5\u201d and 26\u201d \/ 62.2 cm and 66 cm<br \/>\nNose &amp; Tail: 7.25\u201d \/ 18.4 cm (tip to inner bolt on 24.5\u201d wheelbase)<br \/>\nKonkav: 0.30\u201d \/ 0.76 cm (at W peak), 0.39\u201d \/ 0.99 cm (at W trough)<br \/>\nRocker: 0.33\u201d \/ 0.84 cm<br \/>\nWedging angle: 3.5\u00b0<br \/>\nGewicht: 4.5 lbs \/ 2.0 kg (with grip)<\/p>\n<p>ROCKER: Das Board hat dadurch einen tieferen Schwerpunkt = Stabilit\u00e4t.<\/p>\n<p>WHEEL WELL FLARES: Mehr Platz f\u00fcr gro\u00dfe Rollen.<br \/>\nW CONCAVE: F\u00fcr guten Support und ergonomischen Stand.<br \/>\nSYMMETRICAL SHAPE: Fahre in beide Richtun gen.<br \/>\nKICKTAILS: Voll fi\u00fantionsf\u00e4hig, f\u00fcr die extra prise Pop.<br \/>\nVARIABLE WHEELBASE: Finde deine optimale Wheelbase.<\/p>\n<p>Achtung: Aufgrund des Rockers werden beide Achsen um 3,5\u00b0 positiv gekeilt. Loaded empfiehlt, das Tesseract mit Achsen mit einem niedrigeren Lenkwinkel als 50\u00b0 zu fahren. Optimal sind 40\u00b0 &#8211; 45\u00b0.<\/p>","protected":false},"excerpt":{"rendered":"<p>LOADED Basalt Tesseract Longboard Deck LOADED Basalt Tesseract Longboard Deck ist die Weiterentwicklung des beliebten Tesseracts. Wie beim Tarab wurde auch bei diesem Board eine zus\u00e4tzliche Schicht Basalt verbaut. Basalt ist ein schw\u00e4rzliches Vulkangestein, das besonders im Stra\u00dfenbau verwendet wird und f\u00fcr zus\u00e4tzliche D\u00e4mpfung und Stabilit\u00e4t sorgt. Hinzu kommt eine d\u00e4mpfende Korkschicht an der Unterseite. [&#8230;]\n","protected":false},"featured_media":20479,"comment_status":"closed","ping_status":"closed","template":"","meta":{"jetpack_post_was_ever_published":false,"jetpack_publicize_message":"","jetpack_publicize_feature_enabled":true,"jetpack_social_post_already_shared":true,"jetpack_social_options":{"image_generator_settings":{"template":"highway","default_image_id":0,"font":"","enabled":false},"version":2}},"product_brand":[9162],"product_cat":[8789,8797,687,313],"product_tag":[],"class_list":{"0":"post-20478","1":"product","2":"type-product","3":"status-publish","4":"has-post-thumbnail","6":"product_brand-loaded","7":"product_cat-dance-freestyle-decks","8":"product_cat-downhill-freeride-decks","9":"product_cat-sale","10":"product_cat-longboard-decks","11":"product_shipping_class-paket","13":"first","14":"outofstock","15":"sale","16":"taxable","17":"shipping-taxable","18":"purchasable","19":"product-type-simple"},"composite_virtual":false,"composite_layout":"","composite_add_to_cart_form_location":"","composite_editable_in_cart":false,"composite_sold_individually_context":"","composite_shop_price_calc":"","composite_components":[],"composite_scenarios":[],"booking_location":null,"booking_location_type":null,"booking_duration":null,"booking_duration_unit":null,"booking_buffer":null,"booking_cost":null,"booking_resources":null,"jetpack_publicize_connections":[],"jetpack_sharing_enabled":true,"_links":{"self":[{"href":"https:\/\/www.studiolongboard.com\/fr\/wp-json\/wp\/v2\/product\/20478","targetHints":{"allow":["GET"]}}],"collection":[{"href":"https:\/\/www.studiolongboard.com\/fr\/wp-json\/wp\/v2\/product"}],"about":[{"href":"https:\/\/www.studiolongboard.com\/fr\/wp-json\/wp\/v2\/types\/product"}],"replies":[{"embeddable":true,"href":"https:\/\/www.studiolongboard.com\/fr\/wp-json\/wp\/v2\/comments?post=20478"}],"wp:featuredmedia":[{"embeddable":true,"href":"https:\/\/www.studiolongboard.com\/fr\/wp-json\/wp\/v2\/media\/20479"}],"wp:attachment":[{"href":"https:\/\/www.studiolongboard.com\/fr\/wp-json\/wp\/v2\/media?parent=20478"}],"wp:term":[{"taxonomy":"product_brand","embeddable":true,"href":"https:\/\/www.studiolongboard.com\/fr\/wp-json\/wp\/v2\/product_brand?post=20478"},{"taxonomy":"product_cat","embeddable":true,"href":"https:\/\/www.studiolongboard.com\/fr\/wp-json\/wp\/v2\/product_cat?post=20478"},{"taxonomy":"product_tag","embeddable":true,"href":"https:\/\/www.studiolongboard.com\/fr\/wp-json\/wp\/v2\/product_tag?post=20478"}],"curies":[{"name":"wp","href":"https:\/\/api.w.org\/{rel}","templated":true}]}}