{"id":20465,"date":"2022-08-25T16:22:01","date_gmt":"2022-08-25T14:22:01","guid":{"rendered":"https:\/\/www.studiolongboard.com\/?post_type=product&#038;p=20465"},"modified":"2026-02-07T15:57:12","modified_gmt":"2026-02-07T14:57:12","slug":"riptide-krank-tall-chubby-bushings","status":"publish","type":"product","link":"https:\/\/www.studiolongboard.com\/fr\/shop\/accessories\/bushings-pivot-cups\/riptide-krank-tall-chubby-bushings\/","title":{"rendered":"RIPTIDE KranK Tall Chubby Bushings"},"content":{"rendered":"<h2>RIPTIDE KranK Tall Chubby Bushings<\/h2>\n<p>RIPTIDE KranK Tall Chubby Bushings. Die Krank-Urethanmischung hat mehr Rebound, als die bereits bekannte APS Urethanmischung. Besonderheit ist die Materialver\u00e4nderung bei Druck. Wenn man die Kingpinschraube etwas st\u00e4rker anzieht, dann erh\u00f6ht sich die R\u00fcckstellkraft. Riptide empfiehlt die Kingpinschraube f\u00fcr maximale R\u00fcckstellkraft um zwei volle Umdrehungen anzuziehen.<\/p>\n<p>84a, 87a, 90a, 93a,<br \/>\nTall Chubby<br \/>\nKranK Urethan<\/p>\n<p><a href=\"https:\/\/www.riptidesports.com\/aps-krank-wfb-explained\/\">APS \/ KranK \/ WFB Formulas explained<\/a><\/p>","protected":false},"excerpt":{"rendered":"<p>RIPTIDE KranK Tall Chubby Bushings RIPTIDE KranK Tall Chubby Bushings. Die Krank-Urethanmischung hat mehr Rebound, als die bereits bekannte APS Urethanmischung. Besonderheit ist die Materialver\u00e4nderung bei Druck. Wenn man die Kingpinschraube etwas st\u00e4rker anzieht, dann erh\u00f6ht sich die R\u00fcckstellkraft. Riptide empfiehlt die Kingpinschraube f\u00fcr maximale R\u00fcckstellkraft um zwei volle Umdrehungen anzuziehen. 84a, 87a, 90a, 93a, [&#8230;]\n","protected":false},"featured_media":20471,"comment_status":"open","ping_status":"closed","template":"","meta":{"jetpack_post_was_ever_published":false,"jetpack_publicize_message":"","jetpack_publicize_feature_enabled":true,"jetpack_social_post_already_shared":true,"jetpack_social_options":{"image_generator_settings":{"template":"highway","default_image_id":0,"font":"","enabled":false},"version":2}},"product_brand":[9131],"product_cat":[3208,320],"product_tag":[779,780,781,3170,3171],"class_list":{"0":"post-20465","1":"product","2":"type-product","3":"status-publish","4":"has-post-thumbnail","6":"product_brand-riptide","7":"product_cat-bushings-pivot-cups","8":"product_cat-accessories","9":"product_tag-tall-barrels","10":"product_tag-bushings","11":"product_tag-lenkgummis","12":"product_tag-krank","13":"product_tag-barrels","14":"product_shipping_class-paket-m","16":"first","17":"instock","18":"taxable","19":"shipping-taxable","20":"purchasable","21":"product-type-variable"},"composite_virtual":false,"composite_layout":"","composite_add_to_cart_form_location":"","composite_editable_in_cart":false,"composite_sold_individually_context":"","composite_shop_price_calc":"","composite_components":[],"composite_scenarios":[],"booking_location":null,"booking_location_type":null,"booking_duration":null,"booking_duration_unit":null,"booking_buffer":null,"booking_cost":null,"booking_resources":null,"jetpack_publicize_connections":[],"jetpack_sharing_enabled":true,"_links":{"self":[{"href":"https:\/\/www.studiolongboard.com\/fr\/wp-json\/wp\/v2\/product\/20465","targetHints":{"allow":["GET"]}}],"collection":[{"href":"https:\/\/www.studiolongboard.com\/fr\/wp-json\/wp\/v2\/product"}],"about":[{"href":"https:\/\/www.studiolongboard.com\/fr\/wp-json\/wp\/v2\/types\/product"}],"replies":[{"embeddable":true,"href":"https:\/\/www.studiolongboard.com\/fr\/wp-json\/wp\/v2\/comments?post=20465"}],"wp:featuredmedia":[{"embeddable":true,"href":"https:\/\/www.studiolongboard.com\/fr\/wp-json\/wp\/v2\/media\/20471"}],"wp:attachment":[{"href":"https:\/\/www.studiolongboard.com\/fr\/wp-json\/wp\/v2\/media?parent=20465"}],"wp:term":[{"taxonomy":"product_brand","embeddable":true,"href":"https:\/\/www.studiolongboard.com\/fr\/wp-json\/wp\/v2\/product_brand?post=20465"},{"taxonomy":"product_cat","embeddable":true,"href":"https:\/\/www.studiolongboard.com\/fr\/wp-json\/wp\/v2\/product_cat?post=20465"},{"taxonomy":"product_tag","embeddable":true,"href":"https:\/\/www.studiolongboard.com\/fr\/wp-json\/wp\/v2\/product_tag?post=20465"}],"curies":[{"name":"wp","href":"https:\/\/api.w.org\/{rel}","templated":true}]}}