{"id":20152,"date":"2022-07-20T13:05:36","date_gmt":"2022-07-20T11:05:36","guid":{"rendered":"https:\/\/www.studiolongboard.com\/?post_type=product&#038;p=20152"},"modified":"2024-09-20T14:22:17","modified_gmt":"2024-09-20T12:22:17","slug":"zak-maytum-gangster-grip","status":"publish","type":"product","link":"https:\/\/www.studiolongboard.com\/fr\/shop\/accessories\/griptape\/zak-maytum-gangster-grip\/","title":{"rendered":"Zak Maytum Gangster Grip"},"content":{"rendered":"<h2>Zak Maytum Gangster Grip<\/h2>\n<p>Zak Maytum Gangster Grip<\/p>\n<ul>\n<li>sehr raues Griptape f\u00fcr Freeride und Downhill<\/li>\n<li>Gr\u00f6\u00dfe je Sheet 10.5 x 12&#8243; (26cm x 30cm)<\/li>\n<li>Gangster Sticker inklusive<\/li>\n<li>Verkauf im 3er Pack<\/li>\n<\/ul>","protected":false},"excerpt":{"rendered":"<p>Zak Maytum Gangster Grip Zak Maytum Gangster Grip sehr raues Griptape f\u00fcr Freeride und Downhill Gr\u00f6\u00dfe je Sheet 10.5 x 12&#8243; (26cm x 30cm) Gangster Sticker inklusive Verkauf im 3er Pack<\/p>","protected":false},"featured_media":20153,"comment_status":"closed","ping_status":"closed","template":"","meta":{"jetpack_post_was_ever_published":false,"jetpack_publicize_message":"","jetpack_publicize_feature_enabled":true,"jetpack_social_post_already_shared":true,"jetpack_social_options":{"image_generator_settings":{"template":"highway","default_image_id":0,"font":"","enabled":false},"version":2}},"product_brand":[],"product_cat":[4609,320],"product_tag":[3633],"class_list":{"0":"post-20152","1":"product","2":"type-product","3":"status-publish","4":"has-post-thumbnail","6":"product_cat-griptape","7":"product_cat-accessories","8":"product_tag-venom","10":"first","11":"outofstock","12":"taxable","13":"shipping-taxable","14":"purchasable","15":"product-type-simple"},"composite_virtual":false,"composite_layout":"","composite_add_to_cart_form_location":"","composite_editable_in_cart":false,"composite_sold_individually_context":"","composite_shop_price_calc":"","composite_components":[],"composite_scenarios":[],"booking_location":null,"booking_location_type":null,"booking_duration":null,"booking_duration_unit":null,"booking_buffer":null,"booking_cost":null,"booking_resources":null,"jetpack_publicize_connections":[],"jetpack_sharing_enabled":true,"_links":{"self":[{"href":"https:\/\/www.studiolongboard.com\/fr\/wp-json\/wp\/v2\/product\/20152","targetHints":{"allow":["GET"]}}],"collection":[{"href":"https:\/\/www.studiolongboard.com\/fr\/wp-json\/wp\/v2\/product"}],"about":[{"href":"https:\/\/www.studiolongboard.com\/fr\/wp-json\/wp\/v2\/types\/product"}],"replies":[{"embeddable":true,"href":"https:\/\/www.studiolongboard.com\/fr\/wp-json\/wp\/v2\/comments?post=20152"}],"wp:featuredmedia":[{"embeddable":true,"href":"https:\/\/www.studiolongboard.com\/fr\/wp-json\/wp\/v2\/media\/20153"}],"wp:attachment":[{"href":"https:\/\/www.studiolongboard.com\/fr\/wp-json\/wp\/v2\/media?parent=20152"}],"wp:term":[{"taxonomy":"product_brand","embeddable":true,"href":"https:\/\/www.studiolongboard.com\/fr\/wp-json\/wp\/v2\/product_brand?post=20152"},{"taxonomy":"product_cat","embeddable":true,"href":"https:\/\/www.studiolongboard.com\/fr\/wp-json\/wp\/v2\/product_cat?post=20152"},{"taxonomy":"product_tag","embeddable":true,"href":"https:\/\/www.studiolongboard.com\/fr\/wp-json\/wp\/v2\/product_tag?post=20152"}],"curies":[{"name":"wp","href":"https:\/\/api.w.org\/{rel}","templated":true}]}}