{"id":20050,"date":"2022-07-11T15:04:06","date_gmt":"2022-07-11T13:04:06","guid":{"rendered":"https:\/\/www.studiolongboard.com\/?post_type=product&#038;p=20050"},"modified":"2025-12-31T14:28:21","modified_gmt":"2025-12-31T13:28:21","slug":"daffyboards-boardhalter","status":"publish","type":"product","link":"https:\/\/www.studiolongboard.com\/fr\/shop\/accessories\/balance-boards\/daffyboards-boardhalter\/","title":{"rendered":"DAFFYBOARDS Boardhalter"},"content":{"rendered":"<h2>DAFFYBOARDS Boardhalter<\/h2>\n<p>DAFFYBOARDS Boardhalter ist perfekt um zu Hause deine Boardsammlung unterzubringen. Ob Skateboard, Longboard, Snowboard oder BalanceBoard \u00a0&#8211; alles passt in das Rack. Das in Deutschland gefertigte Board-Bracket ist ruckzuck nach Deinen Bed\u00fcrfnissen zusammengebaut und an die Wand gebracht.<\/p>\n<p>Lieferumfang (vierteilig):<br \/>\n13er Sechskantschrauben und \u00f810mm D\u00fcbel (Wandmontage)<br \/>\n4mm Innensechskantschrauben (Boardhalter)<br \/>\n2 senkrechte Boardhalter<br \/>\n1 Querstrebe zum verschrauben und einstellen der Breite<br \/>\nMaterial:<br \/>\nBirke Multiplex (unbehandelt) mit Board schonenden Gummiauflegern<br \/>\nMa\u00dfe: H 740 x B 710 x T 200 mm<br \/>\nDieses Bracket ist f\u00fcr maximal drei Boards!<\/p>\n<p>Hergestellt in Deutschland<\/p>","protected":false},"excerpt":{"rendered":"<p>DAFFYBOARDS Boardhalter DAFFYBOARDS Boardhalter ist perfekt um zu Hause deine Boardsammlung unterzubringen. Ob Skateboard, Longboard, Snowboard oder BalanceBoard \u00a0&#8211; alles passt in das Rack. Das in Deutschland gefertigte Board-Bracket ist ruckzuck nach Deinen Bed\u00fcrfnissen zusammengebaut und an die Wand gebracht. Lieferumfang (vierteilig): 13er Sechskantschrauben und \u00f810mm D\u00fcbel (Wandmontage) 4mm Innensechskantschrauben (Boardhalter) 2 senkrechte Boardhalter 1 [&#8230;]\n","protected":false},"featured_media":20051,"comment_status":"closed","ping_status":"closed","template":"","meta":{"jetpack_post_was_ever_published":false,"jetpack_publicize_message":"","jetpack_publicize_feature_enabled":true,"jetpack_social_post_already_shared":true,"jetpack_social_options":{"image_generator_settings":{"template":"highway","default_image_id":0,"font":"","enabled":false},"version":2}},"product_brand":[],"product_cat":[312,320,589],"product_tag":[],"class_list":{"0":"post-20050","1":"product","2":"type-product","3":"status-publish","4":"has-post-thumbnail","6":"product_cat-skateboards","7":"product_cat-accessories","8":"product_cat-balance-boards","9":"product_shipping_class-paket-m","11":"first","12":"instock","13":"taxable","14":"shipping-taxable","15":"purchasable","16":"product-type-simple"},"composite_virtual":false,"composite_layout":"","composite_add_to_cart_form_location":"","composite_editable_in_cart":false,"composite_sold_individually_context":"","composite_shop_price_calc":"","composite_components":[],"composite_scenarios":[],"booking_location":null,"booking_location_type":null,"booking_duration":null,"booking_duration_unit":null,"booking_buffer":null,"booking_cost":null,"booking_resources":null,"jetpack_publicize_connections":[],"jetpack_sharing_enabled":true,"_links":{"self":[{"href":"https:\/\/www.studiolongboard.com\/fr\/wp-json\/wp\/v2\/product\/20050","targetHints":{"allow":["GET"]}}],"collection":[{"href":"https:\/\/www.studiolongboard.com\/fr\/wp-json\/wp\/v2\/product"}],"about":[{"href":"https:\/\/www.studiolongboard.com\/fr\/wp-json\/wp\/v2\/types\/product"}],"replies":[{"embeddable":true,"href":"https:\/\/www.studiolongboard.com\/fr\/wp-json\/wp\/v2\/comments?post=20050"}],"wp:featuredmedia":[{"embeddable":true,"href":"https:\/\/www.studiolongboard.com\/fr\/wp-json\/wp\/v2\/media\/20051"}],"wp:attachment":[{"href":"https:\/\/www.studiolongboard.com\/fr\/wp-json\/wp\/v2\/media?parent=20050"}],"wp:term":[{"taxonomy":"product_brand","embeddable":true,"href":"https:\/\/www.studiolongboard.com\/fr\/wp-json\/wp\/v2\/product_brand?post=20050"},{"taxonomy":"product_cat","embeddable":true,"href":"https:\/\/www.studiolongboard.com\/fr\/wp-json\/wp\/v2\/product_cat?post=20050"},{"taxonomy":"product_tag","embeddable":true,"href":"https:\/\/www.studiolongboard.com\/fr\/wp-json\/wp\/v2\/product_tag?post=20050"}],"curies":[{"name":"wp","href":"https:\/\/api.w.org\/{rel}","templated":true}]}}