{"id":20010,"date":"2022-07-01T16:41:13","date_gmt":"2022-07-01T14:41:13","guid":{"rendered":"https:\/\/www.studiolongboard.com\/?post_type=product&#038;p=20010"},"modified":"2025-12-31T14:28:30","modified_gmt":"2025-12-31T13:28:30","slug":"remember-farley-wheels","status":"publish","type":"product","link":"https:\/\/www.studiolongboard.com\/fr\/shop\/longboards\/longboard-wheels\/remember-farley-wheels\/","title":{"rendered":"REMEMBER Farley 72mm Wheels"},"content":{"rendered":"<h3>REMEMBER Farley 72mm Wheels<\/h3>\n<p>Die Remember Farley ist eine grippige Rolle von Remember, welche f\u00fcr&#8217;s carven, commuten, cruised und leichtes Downhill ausgelegt ist. Remember ist f\u00fcr ein rutschiges Urethane bekannt. Nachdem die Skin von der Rolle abgefahren wurde, findet sich darunter eine sehr eine rutschige Rolle, des gr\u00f6\u00dferen Contactpatches von 65mm.<\/p>\n<p>Die Farley Rolle ist eine 72-mm-Offset-Rolle mit einer spitzen Lippe und einer gro\u00dfen, sehr grippigen 65-mm-Lauffl\u00e4che. Die flexible, fette Au\u00dfenlippe erm\u00f6glicht eine bessere Rollgeschwindigkeit und Beschleunigung. Die innere Lippe ist leicht abgerundet, um Slides zu unterst\u00fctzen. Nach dem Einfahren der Farley sorgt die High-Rebound-Formel f\u00fcr zuckrige Slides.<\/p>\n<p>H\u00e4rte: 74a yellow, 78 white<\/p>\n<p>Gr\u00f6\u00dfe: 72mm<\/p>\n<p>Contactpatch: 65mm<\/p>\n<p>set of 4<\/p>","protected":false},"excerpt":{"rendered":"<p>set of 4<\/p>","protected":false},"featured_media":20011,"comment_status":"open","ping_status":"closed","template":"","meta":{"jetpack_post_was_ever_published":false,"jetpack_publicize_message":"","jetpack_publicize_feature_enabled":true,"jetpack_social_post_already_shared":true,"jetpack_social_options":{"image_generator_settings":{"template":"highway","default_image_id":0,"font":"","enabled":false},"version":2}},"product_brand":[],"product_cat":[317],"product_tag":[],"class_list":{"0":"post-20010","1":"product","2":"type-product","3":"status-publish","4":"has-post-thumbnail","6":"product_cat-longboard-wheels","7":"product_shipping_class-paket-m","9":"first","10":"instock","11":"taxable","12":"shipping-taxable","13":"purchasable","14":"product-type-variable"},"composite_virtual":false,"composite_layout":"","composite_add_to_cart_form_location":"","composite_editable_in_cart":false,"composite_sold_individually_context":"","composite_shop_price_calc":"","composite_components":[],"composite_scenarios":[],"booking_location":null,"booking_location_type":null,"booking_duration":null,"booking_duration_unit":null,"booking_buffer":null,"booking_cost":null,"booking_resources":null,"jetpack_publicize_connections":[],"jetpack_sharing_enabled":true,"_links":{"self":[{"href":"https:\/\/www.studiolongboard.com\/fr\/wp-json\/wp\/v2\/product\/20010","targetHints":{"allow":["GET"]}}],"collection":[{"href":"https:\/\/www.studiolongboard.com\/fr\/wp-json\/wp\/v2\/product"}],"about":[{"href":"https:\/\/www.studiolongboard.com\/fr\/wp-json\/wp\/v2\/types\/product"}],"replies":[{"embeddable":true,"href":"https:\/\/www.studiolongboard.com\/fr\/wp-json\/wp\/v2\/comments?post=20010"}],"wp:featuredmedia":[{"embeddable":true,"href":"https:\/\/www.studiolongboard.com\/fr\/wp-json\/wp\/v2\/media\/20011"}],"wp:attachment":[{"href":"https:\/\/www.studiolongboard.com\/fr\/wp-json\/wp\/v2\/media?parent=20010"}],"wp:term":[{"taxonomy":"product_brand","embeddable":true,"href":"https:\/\/www.studiolongboard.com\/fr\/wp-json\/wp\/v2\/product_brand?post=20010"},{"taxonomy":"product_cat","embeddable":true,"href":"https:\/\/www.studiolongboard.com\/fr\/wp-json\/wp\/v2\/product_cat?post=20010"},{"taxonomy":"product_tag","embeddable":true,"href":"https:\/\/www.studiolongboard.com\/fr\/wp-json\/wp\/v2\/product_tag?post=20010"}],"curies":[{"name":"wp","href":"https:\/\/api.w.org\/{rel}","templated":true}]}}