{"id":19946,"date":"2022-06-25T16:00:24","date_gmt":"2022-06-25T14:00:24","guid":{"rendered":"https:\/\/www.studiolongboard.com\/?post_type=product&#038;p=19946"},"modified":"2025-03-08T13:42:20","modified_gmt":"2025-03-08T12:42:20","slug":"alternative-longboards-karoo-libra-deck","status":"publish","type":"product","link":"https:\/\/www.studiolongboard.com\/fr\/shop\/longboards\/longboard-decks\/dance-freestyle-decks\/alternative-longboards-karoo-libra-deck\/","title":{"rendered":"Alternative Longboards Karoo Libra Deck"},"content":{"rendered":"<h2>Alternative Longboards Karoo Libra Deck<\/h2>\n<p>Alternative Longboards Karoo Libra Deck ist das l\u00e4ngste Deck von Alternative Longboards. Es gibt dir enorm viel Platz f\u00fcr deine Tanzeinlagen. Trotz der L\u00e4nge bietet es immer noch genug M\u00f6glichkeiten f\u00fcr Freestyle-Tricks.<\/p>\n<p>The longest board made by Alternative for all dance fans, which gives enormous surface for dancing. Despite it\u2019s length it still leaves plenty freestyle opportunities.<br \/>\nBecome one of the cool kids and confidently dance around the streets of your city with the Alternative Karoo longboard dancing deck. Cross steps, Peter Pan\u2019s and long G-Turn\u2019s \u2013 the sky is the limit.<\/p>\n<p>Specs<\/p>\n<p>Length: 123 cm \/ 48.42&#8243;<br \/>\nWidth: 24 cm \/ 9.45&#8243;<br \/>\nWheelbase: 84 \u2013 99.7 cm \/ 33.07 \u2013 39.25&#8243;<\/p>\n<p>Top Veneer: ash<\/p>\n<ul>\n<li>Symmetrical shape with top-mount truck mounting<\/li>\n<li>Wide platform for a stable ride no matter your shoe size<\/li>\n<li>New lightweight core construction<\/li>\n<li>Robust sandwich construction featuring a light wood core surrounded by hardwood laminates<\/li>\n<li>Big wheel wells for higher wheel clearance<\/li>\n<li>ABS impact protection sidewalls with an additional ABS layer on the nose and tail<\/li>\n<li>Higher kicktail design for better pop<\/li>\n<li>A comfortable concave for good board feel<\/li>\n<li>Rocker for easier edge-to-edge transitions<\/li>\n<li>Medium flex pattern for improved energy return during carving<\/li>\n<li>Best used for Longboard Dancing<\/li>\n<li>Appropriate for all skill levels<\/li>\n<li>Handmade in Poland, Europe<\/li>\n<\/ul>","protected":false},"excerpt":{"rendered":"<p>Alternative Longboards Karoo Libra Deck Alternative Longboards Karoo Libra Deck ist das l\u00e4ngste Deck von Alternative Longboards. Es gibt dir enorm viel Platz f\u00fcr deine Tanzeinlagen. Trotz der L\u00e4nge bietet es immer noch genug M\u00f6glichkeiten f\u00fcr Freestyle-Tricks. The longest board made by Alternative for all dance fans, which gives enormous surface for dancing. Despite it\u2019s [&#8230;]\n","protected":false},"featured_media":19947,"comment_status":"open","ping_status":"closed","template":"","meta":{"jetpack_post_was_ever_published":false,"jetpack_publicize_message":"","jetpack_publicize_feature_enabled":true,"jetpack_social_post_already_shared":true,"jetpack_social_options":{"image_generator_settings":{"template":"highway","default_image_id":0,"font":"","enabled":false},"version":2}},"product_brand":[],"product_cat":[311,687,313,8789],"product_tag":[2905,373],"class_list":{"0":"post-19946","1":"product","2":"type-product","3":"status-publish","4":"has-post-thumbnail","6":"product_cat-longboards","7":"product_cat-sale","8":"product_cat-longboard-decks","9":"product_cat-dance-freestyle-decks","10":"product_tag-longboard","11":"product_tag-dancer","12":"product_shipping_class-paket","14":"first","15":"outofstock","16":"sale","17":"taxable","18":"shipping-taxable","19":"purchasable","20":"product-type-simple"},"composite_virtual":false,"composite_layout":"","composite_add_to_cart_form_location":"","composite_editable_in_cart":false,"composite_sold_individually_context":"","composite_shop_price_calc":"","composite_components":[],"composite_scenarios":[],"booking_location":null,"booking_location_type":null,"booking_duration":null,"booking_duration_unit":null,"booking_buffer":null,"booking_cost":null,"booking_resources":null,"jetpack_publicize_connections":[],"jetpack_sharing_enabled":true,"_links":{"self":[{"href":"https:\/\/www.studiolongboard.com\/fr\/wp-json\/wp\/v2\/product\/19946","targetHints":{"allow":["GET"]}}],"collection":[{"href":"https:\/\/www.studiolongboard.com\/fr\/wp-json\/wp\/v2\/product"}],"about":[{"href":"https:\/\/www.studiolongboard.com\/fr\/wp-json\/wp\/v2\/types\/product"}],"replies":[{"embeddable":true,"href":"https:\/\/www.studiolongboard.com\/fr\/wp-json\/wp\/v2\/comments?post=19946"}],"wp:featuredmedia":[{"embeddable":true,"href":"https:\/\/www.studiolongboard.com\/fr\/wp-json\/wp\/v2\/media\/19947"}],"wp:attachment":[{"href":"https:\/\/www.studiolongboard.com\/fr\/wp-json\/wp\/v2\/media?parent=19946"}],"wp:term":[{"taxonomy":"product_brand","embeddable":true,"href":"https:\/\/www.studiolongboard.com\/fr\/wp-json\/wp\/v2\/product_brand?post=19946"},{"taxonomy":"product_cat","embeddable":true,"href":"https:\/\/www.studiolongboard.com\/fr\/wp-json\/wp\/v2\/product_cat?post=19946"},{"taxonomy":"product_tag","embeddable":true,"href":"https:\/\/www.studiolongboard.com\/fr\/wp-json\/wp\/v2\/product_tag?post=19946"}],"curies":[{"name":"wp","href":"https:\/\/api.w.org\/{rel}","templated":true}]}}