{"id":19779,"date":"2022-06-06T12:06:10","date_gmt":"2022-06-06T10:06:10","guid":{"rendered":"https:\/\/www.studiolongboard.com\/?post_type=product&#038;p=19779"},"modified":"2025-11-08T03:21:38","modified_gmt":"2025-11-08T02:21:38","slug":"seismic-skid-plate-146mm-old-school-square-tail","status":"publish","type":"product","link":"https:\/\/www.studiolongboard.com\/fr\/shop\/accessories\/seismic-skid-plate-146mm-old-school-square-tail\/","title":{"rendered":"SEISMIC Plaque de d\u00e9rapage 146mm Old School Square Tail"},"content":{"rendered":"<h2>SEISMIC Plaque de d\u00e9rapage 146mm Old School Square Tail<\/h2>\n<p>SEISMIC Plaque de d\u00e9rapage 146mm Old School Square Tail<\/p>\n<p>Plaques de glissement sismiques haute performance Le prix est pour une (1) plaque de glissement. 8mm (5\/16\u2033) d'\u00e9paisseur.<br \/>\nEmball\u00e9 avec les instructions de montage et le mat\u00e9riel (\u00e9crous \u00e0 sertir et vis de la machine).<\/p>\n<p>146mm (5.75&#8243;) Old School Square Tail profile: Fits the tail of Old School Flatland Freestyle decks.<\/p>\n<p>Formulation thermoplastique finement ajust\u00e9e. Smooth, sensation de glissement contr\u00f4l\u00e9e et pop exceptionnel. R\u00e9sistant \u00e0 l'abrasion, \u00e0 l'accumulation de fourrure et \u00e0 la chaleur induite par le frottement. Contour int\u00e9rieur ergonomique pour une meilleure prise en main et un meilleur amorti.<\/p>","protected":false},"excerpt":{"rendered":"<p>SEISMIC Skid Plate 146mm Old School Square Tail SEISMIC Skid Plate 146mm Old School Square Tail Seismic High-Performance Skid Plates Price is for one (1) Skid Plate. 8mm (5\/16\u2033) thick. Packaged with mounting instructions and hardware (rivet nuts and machine screws). 146mm (5.75&#8243;) Old School Square Tail profile: Fits the tail of Old School Flatland [&#8230;]\n","protected":false},"featured_media":19782,"comment_status":"closed","ping_status":"closed","template":"","meta":{"jetpack_post_was_ever_published":false,"jetpack_publicize_message":"","jetpack_publicize_feature_enabled":true,"jetpack_social_post_already_shared":true,"jetpack_social_options":{"image_generator_settings":{"template":"highway","default_image_id":0,"font":"","enabled":false},"version":2}},"product_brand":[],"product_cat":[320,505],"product_tag":[8762,8763],"class_list":{"0":"post-19779","1":"product","2":"type-product","3":"status-publish","4":"has-post-thumbnail","6":"product_cat-accessories","7":"product_cat-protection","8":"product_tag-skid-plate","9":"product_tag-tail-bone","10":"product_shipping_class-paket-m","12":"first","13":"instock","14":"taxable","15":"shipping-taxable","16":"purchasable","17":"product-type-variable"},"composite_virtual":false,"composite_layout":"","composite_add_to_cart_form_location":"","composite_editable_in_cart":false,"composite_sold_individually_context":"","composite_shop_price_calc":"","composite_components":[],"composite_scenarios":[],"booking_location":null,"booking_location_type":null,"booking_duration":null,"booking_duration_unit":null,"booking_buffer":null,"booking_cost":null,"booking_resources":null,"jetpack_publicize_connections":[],"jetpack_sharing_enabled":true,"_links":{"self":[{"href":"https:\/\/www.studiolongboard.com\/fr\/wp-json\/wp\/v2\/product\/19779","targetHints":{"allow":["GET"]}}],"collection":[{"href":"https:\/\/www.studiolongboard.com\/fr\/wp-json\/wp\/v2\/product"}],"about":[{"href":"https:\/\/www.studiolongboard.com\/fr\/wp-json\/wp\/v2\/types\/product"}],"replies":[{"embeddable":true,"href":"https:\/\/www.studiolongboard.com\/fr\/wp-json\/wp\/v2\/comments?post=19779"}],"wp:featuredmedia":[{"embeddable":true,"href":"https:\/\/www.studiolongboard.com\/fr\/wp-json\/wp\/v2\/media\/19782"}],"wp:attachment":[{"href":"https:\/\/www.studiolongboard.com\/fr\/wp-json\/wp\/v2\/media?parent=19779"}],"wp:term":[{"taxonomy":"product_brand","embeddable":true,"href":"https:\/\/www.studiolongboard.com\/fr\/wp-json\/wp\/v2\/product_brand?post=19779"},{"taxonomy":"product_cat","embeddable":true,"href":"https:\/\/www.studiolongboard.com\/fr\/wp-json\/wp\/v2\/product_cat?post=19779"},{"taxonomy":"product_tag","embeddable":true,"href":"https:\/\/www.studiolongboard.com\/fr\/wp-json\/wp\/v2\/product_tag?post=19779"}],"curies":[{"name":"wp","href":"https:\/\/api.w.org\/{rel}","templated":true}]}}