{"id":19662,"date":"2022-05-21T15:06:21","date_gmt":"2022-05-21T13:06:21","guid":{"rendered":"https:\/\/www.studiolongboard.com\/?post_type=product&#038;p=19662"},"modified":"2025-05-30T16:10:13","modified_gmt":"2025-05-30T14:10:13","slug":"btfl-cocco-dropthrough-longboard","status":"publish","type":"product","link":"https:\/\/www.studiolongboard.com\/fr\/shop\/longboards\/komplett-longboards\/kinder-longboards\/btfl-cocco-dropthrough-longboard\/","title":{"rendered":"BTFL Cocco Dropthrough-Longboard"},"content":{"rendered":"<h2>BTFL Cocco Dropthrough-Longboard<\/h2>\n<p>BTFL Cocco Dropthrough-Longboard bringt den Urlaub zu dir nach Hause, denn mit diesem Board wird jede Strecke zum kleinen Strandurlaub! Cocco ist ein 89 cm Allround-Cruiser-Longboard, bei dem die Achsen von oben verschraubt sind. Das Board liegt dadurch tiefer, sodass du Beim Pushen und Bremsen weniger tief in die Knie gehen musst. Gerade f\u00fcr Anf\u00e4nger*innen ist dies sehr angenehm. Die weichen Achsen und 70 mm gro\u00dfen Rollen runden das Setup perfekt ab. Gem\u00fctliches Cruisen und Carven ist euch mit Cocco garantiert, ob in der City oder auf l\u00e4ngeren Strecken. Die Konstruktion aus f\u00fcnf Lagen Ahorn und einer Lage Bambus l\u00e4sst einen guten Flex zu, bietet aber gleichzeitig Stabilit\u00e4t beim Fahren!<\/p>\n<p>Einsatzm\u00f6glichkeit:\tCruisen<br \/>\nFahrer*innengewicht:\tbis zu 85 kg<br \/>\ngeeignet f\u00fcr:\tAnf\u00e4nger*in<\/p>\n<p>Deck:  21 x 89 cm<br \/>\nRollen:  70 x 51 mm, 78A<br \/>\nBushings:  78A<br \/>\nAchsbreite:  180mm<br \/>\nKugellager:  ABEC 9<br \/>\nFlex:  mittel<\/p>","protected":false},"excerpt":{"rendered":"<p>BTFL Cocco Dropthrough-Longboard BTFL Cocco Dropthrough-Longboard bringt den Urlaub zu dir nach Hause, denn mit diesem Board wird jede Strecke zum kleinen Strandurlaub! Cocco ist ein 89 cm Allround-Cruiser-Longboard, bei dem die Achsen von oben verschraubt sind. Das Board liegt dadurch tiefer, sodass du Beim Pushen und Bremsen weniger tief in die Knie gehen musst. [&#8230;]\n","protected":false},"featured_media":19663,"comment_status":"open","ping_status":"closed","template":"","meta":{"jetpack_post_was_ever_published":false,"jetpack_publicize_message":"","jetpack_publicize_feature_enabled":true,"jetpack_social_post_already_shared":true,"jetpack_social_options":{"image_generator_settings":{"template":"highway","default_image_id":0,"font":"","enabled":false},"version":2}},"product_brand":[9121],"product_cat":[310,311,8641,8642],"product_tag":[3646,5528,322,5529],"class_list":{"0":"post-19662","1":"product","2":"type-product","3":"status-publish","4":"has-post-thumbnail","6":"product_brand-btfl","7":"product_cat-komplett-longboards","8":"product_cat-longboards","9":"product_cat-kinder-longboards","10":"product_cat-einsteiger-longboards","11":"product_tag-kids","12":"product_tag-kinder","13":"product_tag-drop-through","14":"product_tag-kinder-longboard","15":"product_shipping_class-paket","17":"first","18":"outofstock","19":"taxable","20":"shipping-taxable","21":"purchasable","22":"product-type-simple"},"composite_virtual":false,"composite_layout":"","composite_add_to_cart_form_location":"","composite_editable_in_cart":false,"composite_sold_individually_context":"","composite_shop_price_calc":"","composite_components":[],"composite_scenarios":[],"booking_location":null,"booking_location_type":null,"booking_duration":null,"booking_duration_unit":null,"booking_buffer":null,"booking_cost":null,"booking_resources":null,"jetpack_publicize_connections":[],"jetpack_sharing_enabled":true,"_links":{"self":[{"href":"https:\/\/www.studiolongboard.com\/fr\/wp-json\/wp\/v2\/product\/19662","targetHints":{"allow":["GET"]}}],"collection":[{"href":"https:\/\/www.studiolongboard.com\/fr\/wp-json\/wp\/v2\/product"}],"about":[{"href":"https:\/\/www.studiolongboard.com\/fr\/wp-json\/wp\/v2\/types\/product"}],"replies":[{"embeddable":true,"href":"https:\/\/www.studiolongboard.com\/fr\/wp-json\/wp\/v2\/comments?post=19662"}],"wp:featuredmedia":[{"embeddable":true,"href":"https:\/\/www.studiolongboard.com\/fr\/wp-json\/wp\/v2\/media\/19663"}],"wp:attachment":[{"href":"https:\/\/www.studiolongboard.com\/fr\/wp-json\/wp\/v2\/media?parent=19662"}],"wp:term":[{"taxonomy":"product_brand","embeddable":true,"href":"https:\/\/www.studiolongboard.com\/fr\/wp-json\/wp\/v2\/product_brand?post=19662"},{"taxonomy":"product_cat","embeddable":true,"href":"https:\/\/www.studiolongboard.com\/fr\/wp-json\/wp\/v2\/product_cat?post=19662"},{"taxonomy":"product_tag","embeddable":true,"href":"https:\/\/www.studiolongboard.com\/fr\/wp-json\/wp\/v2\/product_tag?post=19662"}],"curies":[{"name":"wp","href":"https:\/\/api.w.org\/{rel}","templated":true}]}}