{"id":19344,"date":"2022-04-26T14:19:49","date_gmt":"2022-04-26T12:19:49","guid":{"rendered":"https:\/\/www.studiolongboard.com\/?post_type=product&#038;p=19344"},"modified":"2025-12-31T14:25:46","modified_gmt":"2025-12-31T13:25:46","slug":"btfl-sydney-dancer-longboard-complete","status":"publish","type":"product","link":"https:\/\/www.studiolongboard.com\/fr\/shop\/longboards\/komplett-longboards\/dance-und-freestyle\/btfl-sydney-dancer-longboard-complete\/","title":{"rendered":"BTFL Sydney Dancer Longboard complete"},"content":{"rendered":"<h2>BTFL Sydney Dancer Longboard complete<\/h2>\n<p>BTFL Sydney Dancer Longboard complete ist auf beiden Seiten mit Bambus-Stringern versehen und erinnert optisch an jene Longboards, wie man sie aus dem Surfen kennt. Die Unterseite ziert au\u00dferdem ein wei\u00dfes Mandala. Das eigentlich sehr gro\u00dfe Deck wirkt filigran und l\u00e4dt auf ein graziles T\u00e4nzchen ein. Um euch eine m\u00f6glichst hohe Bewegungsfreiheit zu garantieren, ist das Deck nur an den Kicks mit Griptape versehen. Aufgrund der L\u00e4nge hast du au\u00dferdem gen\u00fcgend Platz, um Dancing Steps zu praktizieren. Doch auch f\u00fcr Freestyletricks ist Sydney ideal. Ob Manual, Shoveit oder No Comply &#8211; Die Kicks sind gro\u00dfz\u00fcgig lang und haben einen guten Pop. Um eine gute Kombination aus Flex und Gewicht herzustellen, besteht das Board aus Bambus, Ahorn und Fiberglas.\u00a0Mit 65 mm gro\u00dfen Rollen und 180 mm RKP Achsen ist das Setup ist perfekt aufs Dancing abgestimmt. Die 80A weichen Bushings sind ideal f\u00fcr smoothes Carven. Sydney ist super geeignet sowohl f\u00fcr Neueinsteiger*innen als auch f\u00fcr Fortgeschrittene.<\/p>\n<p>Material: kanadischer Ahorn + Fiberglas + Bambus<\/p>\n<p>Deck Gr\u00f6\u00dfe: 23 x 115 cm<br \/>\nFlex: medium<\/p>\n<p>Rollen Gr\u00f6\u00dfe + H\u00e4rte: 65 x 47 mm, 78A<br \/>\nBushings: 80A (sehr weich)<br \/>\nAchsbreite: RKP 180 mm<br \/>\nWheelbase: 60 cm<br \/>\nKugellager: ABEC 9<\/p>","protected":false},"excerpt":{"rendered":"<p>BTFL Sydney Dancer Longboard complete BTFL Sydney Dancer Longboard complete ist auf beiden Seiten mit Bambus-Stringern versehen und erinnert optisch an jene Longboards, wie man sie aus dem Surfen kennt. Die Unterseite ziert au\u00dferdem ein wei\u00dfes Mandala. Das eigentlich sehr gro\u00dfe Deck wirkt filigran und l\u00e4dt auf ein graziles T\u00e4nzchen ein. Um euch eine m\u00f6glichst [&#8230;]\n","protected":false},"featured_media":19345,"comment_status":"closed","ping_status":"closed","template":"","meta":{"jetpack_post_was_ever_published":false,"jetpack_publicize_message":"","jetpack_publicize_feature_enabled":true,"jetpack_social_post_already_shared":true,"jetpack_social_options":{"image_generator_settings":{"template":"highway","default_image_id":0,"font":"","enabled":false},"version":2}},"product_brand":[],"product_cat":[8627,8642,310],"product_tag":[6547,8694,373,757],"class_list":{"0":"post-19344","1":"product","2":"type-product","3":"status-publish","4":"has-post-thumbnail","6":"product_cat-dance-und-freestyle","7":"product_cat-einsteiger-longboards","8":"product_cat-komplett-longboards","9":"product_tag-longboard-freestyle","10":"product_tag-115cm","11":"product_tag-dancer","12":"product_tag-longboard-dancing","13":"product_shipping_class-paket","15":"first","16":"instock","17":"taxable","18":"shipping-taxable","19":"purchasable","20":"product-type-simple"},"composite_virtual":false,"composite_layout":"","composite_add_to_cart_form_location":"","composite_editable_in_cart":false,"composite_sold_individually_context":"","composite_shop_price_calc":"","composite_components":[],"composite_scenarios":[],"booking_location":null,"booking_location_type":null,"booking_duration":null,"booking_duration_unit":null,"booking_buffer":null,"booking_cost":null,"booking_resources":null,"jetpack_publicize_connections":[],"jetpack_sharing_enabled":true,"_links":{"self":[{"href":"https:\/\/www.studiolongboard.com\/fr\/wp-json\/wp\/v2\/product\/19344","targetHints":{"allow":["GET"]}}],"collection":[{"href":"https:\/\/www.studiolongboard.com\/fr\/wp-json\/wp\/v2\/product"}],"about":[{"href":"https:\/\/www.studiolongboard.com\/fr\/wp-json\/wp\/v2\/types\/product"}],"replies":[{"embeddable":true,"href":"https:\/\/www.studiolongboard.com\/fr\/wp-json\/wp\/v2\/comments?post=19344"}],"wp:featuredmedia":[{"embeddable":true,"href":"https:\/\/www.studiolongboard.com\/fr\/wp-json\/wp\/v2\/media\/19345"}],"wp:attachment":[{"href":"https:\/\/www.studiolongboard.com\/fr\/wp-json\/wp\/v2\/media?parent=19344"}],"wp:term":[{"taxonomy":"product_brand","embeddable":true,"href":"https:\/\/www.studiolongboard.com\/fr\/wp-json\/wp\/v2\/product_brand?post=19344"},{"taxonomy":"product_cat","embeddable":true,"href":"https:\/\/www.studiolongboard.com\/fr\/wp-json\/wp\/v2\/product_cat?post=19344"},{"taxonomy":"product_tag","embeddable":true,"href":"https:\/\/www.studiolongboard.com\/fr\/wp-json\/wp\/v2\/product_tag?post=19344"}],"curies":[{"name":"wp","href":"https:\/\/api.w.org\/{rel}","templated":true}]}}