{"id":19252,"date":"2022-04-12T18:26:09","date_gmt":"2022-04-12T16:26:09","guid":{"rendered":"https:\/\/www.studiolongboard.com\/?post_type=product&#038;p=19252"},"modified":"2024-11-11T15:06:19","modified_gmt":"2024-11-11T14:06:19","slug":"carver-ci-fishbeard-surfskate-29-25","status":"publish","type":"product","link":"https:\/\/www.studiolongboard.com\/fr\/shop\/surfskates\/surfskate-completes\/carver-ci-fishbeard-surfskate-29-25\/","title":{"rendered":"CARVER CI Fishbeard Surfskate 29.25&#8243;"},"content":{"rendered":"<h2>CARVER CI Fishbeard Surfskate 29.25&#8243;<\/h2>\n<p>Das CARVER CI Fishbeard Surfskate 29.25&#8243; ist ein vielseitiges Surfskate, das in Zusammenarbeit mit Channel Islands Surfboards entwickelt wurde, um das Gef\u00fchl des Surfens authentisch auf die Stra\u00dfe zu bringen. Hierbei wurde das Design vom Channel Islands &#8222;Fishbeard&#8220; Surfboard inspiriert, das f\u00fcr seine Pr\u00e4zision und Schnelligkeit in Wellen bekannt ist.<\/p>\n<p>Mit einer L\u00e4nge von 29,25 Zoll und einer Breite von 9,75 Zoll ist das Deck kompakt und ideal f\u00fcr enge Turns und eine agile Performance. Das Surfskate ist mit den Carver C7- oder CX-Trucks ausgestattet. Die C7-Version erm\u00f6glicht flie\u00dfendere und surf\u00e4hnliche Bewegungen, w\u00e4hrend die CX-Variante eher f\u00fcr straffere Turns geeignet ist und einem klassischen Skateboard-Fahrgef\u00fchl n\u00e4her kommt. Das Deck bietet einen moderaten Concave-Shape, der guten Halt und Kontrolle bei schnellen Man\u00f6vern gew\u00e4hrleistet, sowie eine breite Nose f\u00fcr zus\u00e4tzliche Stabilit\u00e4t und komfortablere Positionierung des vorderen Fu\u00dfes.<\/p>\n<p>Das CARVER CI Fishbeard ist besonders f\u00fcr enge Carves und ein dynamisches, wellen\u00e4hnliches Fahrverhalten auf Asphalt geeignet. Es ist eine gro\u00dfartige Wahl f\u00fcr Skater, die an ihren Surfman\u00f6vern feilen oder sich wie auf einer Welle f\u00fchlen wollen, selbst wenn das Wasser fern ist. Das CI Fishbeard Surfskate ist damit ein Top-Wahl f\u00fcr Surfer und Skater, die ein realistisches Surf-Feeling erleben m\u00f6chten.<\/p>\n<ul>\n<li>Wheels: 69MM Smoke Concave<\/li>\n<li>Bearings: Built-In<\/li>\n<li>Grip Tape: Deck Pad<\/li>\n<li>Hardware: Stainless Steel<\/li>\n<li>Length: 29 1\/4&#8243; Width: 9 3\/4&#8243; Wheelbase: 15 1\/2&#8243; Nose: 3 1\/2&#8243; Tail: 6 1\/8&#8243;\n<\/li>\n<\/ul>","protected":false},"excerpt":{"rendered":"<p>CARVER CI Fishbeard Surfskate 29.25&#8243; Das CARVER CI Fishbeard Surfskate 29.25&#8243; ist ein vielseitiges Surfskate, das in Zusammenarbeit mit Channel Islands Surfboards entwickelt wurde, um das Gef\u00fchl des Surfens authentisch auf die Stra\u00dfe zu bringen. Hierbei wurde das Design vom Channel Islands &#8222;Fishbeard&#8220; Surfboard inspiriert, das f\u00fcr seine Pr\u00e4zision und Schnelligkeit in Wellen bekannt ist. [&#8230;]\n","protected":false},"featured_media":19255,"comment_status":"closed","ping_status":"closed","template":"","meta":{"jetpack_post_was_ever_published":false,"jetpack_publicize_message":"","jetpack_publicize_feature_enabled":true,"jetpack_social_post_already_shared":true,"jetpack_social_options":{"image_generator_settings":{"template":"highway","default_image_id":0,"font":"","enabled":false},"version":2}},"product_brand":[],"product_cat":[531,687,8983],"product_tag":[8688,8689],"class_list":{"0":"post-19252","1":"product","2":"type-product","3":"status-publish","4":"has-post-thumbnail","6":"product_cat-surfskates","7":"product_cat-sale","8":"product_cat-surfskate-completes","9":"product_tag-29-25","10":"product_tag-fishbeard","11":"product_shipping_class-paket","13":"first","14":"instock","15":"sale","16":"taxable","17":"shipping-taxable","18":"purchasable","19":"product-type-variable"},"composite_virtual":false,"composite_layout":"","composite_add_to_cart_form_location":"","composite_editable_in_cart":false,"composite_sold_individually_context":"","composite_shop_price_calc":"","composite_components":[],"composite_scenarios":[],"booking_location":null,"booking_location_type":null,"booking_duration":null,"booking_duration_unit":null,"booking_buffer":null,"booking_cost":null,"booking_resources":null,"jetpack_publicize_connections":[],"jetpack_sharing_enabled":true,"_links":{"self":[{"href":"https:\/\/www.studiolongboard.com\/fr\/wp-json\/wp\/v2\/product\/19252","targetHints":{"allow":["GET"]}}],"collection":[{"href":"https:\/\/www.studiolongboard.com\/fr\/wp-json\/wp\/v2\/product"}],"about":[{"href":"https:\/\/www.studiolongboard.com\/fr\/wp-json\/wp\/v2\/types\/product"}],"replies":[{"embeddable":true,"href":"https:\/\/www.studiolongboard.com\/fr\/wp-json\/wp\/v2\/comments?post=19252"}],"wp:featuredmedia":[{"embeddable":true,"href":"https:\/\/www.studiolongboard.com\/fr\/wp-json\/wp\/v2\/media\/19255"}],"wp:attachment":[{"href":"https:\/\/www.studiolongboard.com\/fr\/wp-json\/wp\/v2\/media?parent=19252"}],"wp:term":[{"taxonomy":"product_brand","embeddable":true,"href":"https:\/\/www.studiolongboard.com\/fr\/wp-json\/wp\/v2\/product_brand?post=19252"},{"taxonomy":"product_cat","embeddable":true,"href":"https:\/\/www.studiolongboard.com\/fr\/wp-json\/wp\/v2\/product_cat?post=19252"},{"taxonomy":"product_tag","embeddable":true,"href":"https:\/\/www.studiolongboard.com\/fr\/wp-json\/wp\/v2\/product_tag?post=19252"}],"curies":[{"name":"wp","href":"https:\/\/api.w.org\/{rel}","templated":true}]}}