{"id":19178,"date":"2022-04-07T18:42:50","date_gmt":"2022-04-07T16:42:50","guid":{"rendered":"https:\/\/www.studiolongboard.com\/?post_type=product&#038;p=19178"},"modified":"2025-05-26T13:31:20","modified_gmt":"2025-05-26T11:31:20","slug":"bolzen-truck-set-v2-180mm-50-light-blue","status":"publish","type":"product","link":"https:\/\/www.studiolongboard.com\/fr\/shop\/longboards\/longboard-trucks\/bolzen-truck-set-v2-180mm-50-light-blue\/","title":{"rendered":"Bolzen Truck Set V2 180mm 50\u00b0 light blue"},"content":{"rendered":"<h2>Bolzen Truck Set V2 180mm 50\u00b0 light blue<\/h2>\n<p>Nachdem im Jahre 2013 die este Version erschien gibt es jetzt die neue V2 Version. Im Vergleich zur ersten Version wurde die Baseplate deutlich verst\u00e4rkt. Der Hanger ist jetzt kantig und somit um einiges haltbarer. Als dritte \u00c4nderung wurde der Bushingseat minimal ge\u00e4ndert so das die Achsen jetzt noch einen Hauch agiler einlenken. Die bushings wurden von 85a auf 87a H\u00e4rte angehoben.<\/p>\n<p>Durch die abgedrehten Hangerenden und den genauen Sitz von Kingpin und Pivot verf\u00fcgen die Trucks \u00fcber ein sehr pr\u00e4zises und lebendiges Lenkverhalten. Die hauseigenen Sunrise Gummies Bushings (87a) unterstreichen dieses extrem genaue Lenkverhalten. Bolzen Trucks werden in Deutschland von G.O.G. Mastermind Frank Beste, Heiko Sch\u00f6ller und Richard L\u00f6ffler entwickelt und von erfahreren Fahrern getestet.<\/p>\n<ul>\n<li>180mm Breite<\/li>\n<li>50 Grad Lenkwinkel<\/li>\n<li>6 Loch Baseplate f\u00fcr Oldschool- und Newschoolmontage<\/li>\n<li>Sunrise Gummies Bushings (87a custom duro and color)<\/li>\n<li>Abgedrehte Hanger<\/li>\n<li>Bushings: 25x15mm Barrels mit Flatwashern Flipbar: Ja<\/li>\n<li>Rake: 4 mm<\/li>\n<li>H\u00f6he: 65 mm (Unterkante Baseplate bis Mitte Achsstift)<\/li>\n<li>H\u00f6he geflippt: 61 mm<\/li>\n<\/ul>\n<p>Achsen nur im Set (2 St\u00fcck) erh\u00e4ltlich<\/p>","protected":false},"excerpt":{"rendered":"<p>Bolzen Truck Set V2 180mm 50\u00b0 light blue Nachdem im Jahre 2013 die este Version erschien gibt es jetzt die neue V2 Version. Im Vergleich zur ersten Version wurde die Baseplate deutlich verst\u00e4rkt. Der Hanger ist jetzt kantig und somit um einiges haltbarer. Als dritte \u00c4nderung wurde der Bushingseat minimal ge\u00e4ndert so das die Achsen [&#8230;]\n","protected":false},"featured_media":19179,"comment_status":"open","ping_status":"closed","template":"","meta":{"jetpack_post_was_ever_published":false,"jetpack_publicize_message":"","jetpack_publicize_feature_enabled":true,"jetpack_social_post_already_shared":true,"jetpack_social_options":{"image_generator_settings":{"template":"highway","default_image_id":0,"font":"","enabled":false},"version":2}},"product_brand":[],"product_cat":[311,318],"product_tag":[],"class_list":{"0":"post-19178","1":"product","2":"type-product","3":"status-publish","4":"has-post-thumbnail","6":"product_cat-longboards","7":"product_cat-longboard-trucks","8":"product_shipping_class-paket","10":"first","11":"outofstock","12":"taxable","13":"shipping-taxable","14":"purchasable","15":"product-type-simple"},"composite_virtual":false,"composite_layout":"","composite_add_to_cart_form_location":"","composite_editable_in_cart":false,"composite_sold_individually_context":"","composite_shop_price_calc":"","composite_components":[],"composite_scenarios":[],"booking_location":null,"booking_location_type":null,"booking_duration":null,"booking_duration_unit":null,"booking_buffer":null,"booking_cost":null,"booking_resources":null,"jetpack_publicize_connections":[],"jetpack_sharing_enabled":true,"_links":{"self":[{"href":"https:\/\/www.studiolongboard.com\/fr\/wp-json\/wp\/v2\/product\/19178","targetHints":{"allow":["GET"]}}],"collection":[{"href":"https:\/\/www.studiolongboard.com\/fr\/wp-json\/wp\/v2\/product"}],"about":[{"href":"https:\/\/www.studiolongboard.com\/fr\/wp-json\/wp\/v2\/types\/product"}],"replies":[{"embeddable":true,"href":"https:\/\/www.studiolongboard.com\/fr\/wp-json\/wp\/v2\/comments?post=19178"}],"wp:featuredmedia":[{"embeddable":true,"href":"https:\/\/www.studiolongboard.com\/fr\/wp-json\/wp\/v2\/media\/19179"}],"wp:attachment":[{"href":"https:\/\/www.studiolongboard.com\/fr\/wp-json\/wp\/v2\/media?parent=19178"}],"wp:term":[{"taxonomy":"product_brand","embeddable":true,"href":"https:\/\/www.studiolongboard.com\/fr\/wp-json\/wp\/v2\/product_brand?post=19178"},{"taxonomy":"product_cat","embeddable":true,"href":"https:\/\/www.studiolongboard.com\/fr\/wp-json\/wp\/v2\/product_cat?post=19178"},{"taxonomy":"product_tag","embeddable":true,"href":"https:\/\/www.studiolongboard.com\/fr\/wp-json\/wp\/v2\/product_tag?post=19178"}],"curies":[{"name":"wp","href":"https:\/\/api.w.org\/{rel}","templated":true}]}}