{"id":18695,"date":"2022-02-16T12:20:57","date_gmt":"2022-02-16T11:20:57","guid":{"rendered":"https:\/\/www.studiolongboard.com\/?post_type=product&#038;p=18695"},"modified":"2023-12-06T19:06:27","modified_gmt":"2023-12-06T18:06:27","slug":"sticker-mag-the-eggplant-collective","status":"publish","type":"product","link":"https:\/\/www.studiolongboard.com\/fr\/shop\/accessories\/sticker\/sticker-mag-the-eggplant-collective\/","title":{"rendered":"STICKER MAG The Eggplant Collective"},"content":{"rendered":"<h1>STICKER MAG The Eggplant Collective<\/h1>\n<p>22 Pictoplasma Academy Alumni go sticking crazy! In einer Explosion der Kreativit\u00e4t wurde an der ersten Pictoplasma Academy in Berlin &#8222;THE EGGPLANT COLLECTIVE&#8220; geboren. Die unterschiedlichen Absolventen der Academy vereint ihre Liebe zum Characterdesign \u2013 von Auberginen und Avocados \u00fcber Miezen und Monster bis hin zu Vampiren und Zombies ist in ihrem ersten Stickermag alles zu finden.<\/p>\n<p>Diese Ausgabe pr\u00e4sentiert \u2013 as usual \u2013 Arbeiten internationaler K\u00fcnstlerinnen und K\u00fcnstler: zapatoverde (Guatemala), Gutless Wonder (England), Ricardo Munoz (Equador), Six (\u00d6sterreich), Nerderella (Niederlande), Tuuli Juntunen (Finnland), Ninna Thorarinsdottir (Island), Goldmaki (Schweiz), Siv Nordsveen (Norwegen), Ramiro Amorena (Argentinien), Protoplanet Studio (Deutschland), Lukas G\u00fclcher (\u00d6sterreich), Pabs (Mexico), Captain Lala (Australien), happyfunny (Puerto Rico), Tirzaworld (Niederlande), Claymen (India), Sarah Klan (England), WaRjul (Deutschland), Luma (Israel), Dunk0Tron (Australien), Memi Mizukami (Japan).<\/p>\n<p>Editor: Goldmaki (CH)<br \/>\nPublisher: International Neighborhood Verlag<br \/>\nVer\u00f6ffentlichung: Mai 2017<br \/>\nUmfang: 48 Seiten<br \/>\nFormat: 15 x 15 cm<br \/>\nSprache: English<br \/>\nSpecials: 250+ herausl\u00f6sbare Sticker<\/p>\n<p><a href=\"https:\/\/de.calameo.com\/read\/002554545d320f6e5a07f\">hier geht&#8217;s zum Preview<\/a><\/p>","protected":false},"excerpt":{"rendered":"<p>STICKER MAG The Eggplant Collective 22 Pictoplasma Academy Alumni go sticking crazy! In einer Explosion der Kreativit\u00e4t wurde an der ersten Pictoplasma Academy in Berlin &#8222;THE EGGPLANT COLLECTIVE&#8220; geboren. Die unterschiedlichen Absolventen der Academy vereint ihre Liebe zum Characterdesign \u2013 von Auberginen und Avocados \u00fcber Miezen und Monster bis hin zu Vampiren und Zombies ist [&#8230;]\n","protected":false},"featured_media":18696,"comment_status":"open","ping_status":"closed","template":"","meta":{"jetpack_post_was_ever_published":false,"jetpack_publicize_message":"","jetpack_publicize_feature_enabled":true,"jetpack_social_post_already_shared":true,"jetpack_social_options":{"image_generator_settings":{"template":"highway","default_image_id":0,"font":"","enabled":false},"version":2}},"product_brand":[],"product_cat":[320,734],"product_tag":[739,740,741,737,738],"class_list":{"0":"post-18695","1":"product","2":"type-product","3":"status-publish","4":"has-post-thumbnail","6":"product_cat-accessories","7":"product_cat-sticker","8":"product_tag-album","9":"product_tag-klebstoff","10":"product_tag-aufkleber","11":"product_tag-stickermag","12":"product_tag-sticker","13":"product_shipping_class-paket-m","15":"first","16":"outofstock","17":"taxable","18":"shipping-taxable","19":"purchasable","20":"product-type-simple"},"composite_virtual":false,"composite_layout":"","composite_add_to_cart_form_location":"","composite_editable_in_cart":false,"composite_sold_individually_context":"","composite_shop_price_calc":"","composite_components":[],"composite_scenarios":[],"booking_location":null,"booking_location_type":null,"booking_duration":null,"booking_duration_unit":null,"booking_buffer":null,"booking_cost":null,"booking_resources":null,"jetpack_publicize_connections":[],"jetpack_sharing_enabled":true,"_links":{"self":[{"href":"https:\/\/www.studiolongboard.com\/fr\/wp-json\/wp\/v2\/product\/18695","targetHints":{"allow":["GET"]}}],"collection":[{"href":"https:\/\/www.studiolongboard.com\/fr\/wp-json\/wp\/v2\/product"}],"about":[{"href":"https:\/\/www.studiolongboard.com\/fr\/wp-json\/wp\/v2\/types\/product"}],"replies":[{"embeddable":true,"href":"https:\/\/www.studiolongboard.com\/fr\/wp-json\/wp\/v2\/comments?post=18695"}],"wp:featuredmedia":[{"embeddable":true,"href":"https:\/\/www.studiolongboard.com\/fr\/wp-json\/wp\/v2\/media\/18696"}],"wp:attachment":[{"href":"https:\/\/www.studiolongboard.com\/fr\/wp-json\/wp\/v2\/media?parent=18695"}],"wp:term":[{"taxonomy":"product_brand","embeddable":true,"href":"https:\/\/www.studiolongboard.com\/fr\/wp-json\/wp\/v2\/product_brand?post=18695"},{"taxonomy":"product_cat","embeddable":true,"href":"https:\/\/www.studiolongboard.com\/fr\/wp-json\/wp\/v2\/product_cat?post=18695"},{"taxonomy":"product_tag","embeddable":true,"href":"https:\/\/www.studiolongboard.com\/fr\/wp-json\/wp\/v2\/product_tag?post=18695"}],"curies":[{"name":"wp","href":"https:\/\/api.w.org\/{rel}","templated":true}]}}