{"id":18672,"date":"2022-02-15T17:38:46","date_gmt":"2022-02-15T16:38:46","guid":{"rendered":"https:\/\/www.studiolongboard.com\/?post_type=product&#038;p=18672"},"modified":"2024-03-28T15:46:49","modified_gmt":"2024-03-28T14:46:49","slug":"slide-gussie-spot-31-surfskate","status":"publish","type":"product","link":"https:\/\/www.studiolongboard.com\/fr\/shop\/surfskates\/surfskate-completes\/slide-gussie-spot-31-surfskate\/","title":{"rendered":"SLIDE Gussie Spot 31&#8243; X Surfskate"},"content":{"rendered":"<h2>SLIDE Gussie Spot 31&#8243; Surfskate<\/h2>\n<p>SLIDE Gussie Spot 31&#8243; Surfskate hat ein sehr vielseitiges Shape, empfohlen sowohl f\u00fcr Fortgeschrittene als auch Einsteiger die ihre Balance trainieren wollen. Die 70mm Rollen Rollen \u00fcber jedes Hindernis und mit der neuen Version der Achsen kommt das Gussie dem Surfen sehr sehr nahe. Mit der 31&#8243;-L\u00e4nge kannst du sowohl gem\u00fctlich in der Gegend cruisen als auch im Pool shredden.<\/p>\n<p>Deck:  78,7 x 25,4cm<br \/>\nMaterial: 7 Lagen kanadisches Ahorn<br \/>\nVorderachse: SLIDE 165 mm 3.0<br \/>\nHinterachse: 165mm Aluminium poliert<br \/>\nR\u00e4der: Slide schwarz. 70mm x 55mm \/ 83A<br \/>\nLager: ABEC 7<\/p>","protected":false},"excerpt":{"rendered":"<p>SLIDE Gussie Spot 31&#8243; Surfskate SLIDE Gussie Spot 31&#8243; Surfskate hat ein sehr vielseitiges Shape, empfohlen sowohl f\u00fcr Fortgeschrittene als auch Einsteiger die ihre Balance trainieren wollen. Die 70mm Rollen Rollen \u00fcber jedes Hindernis und mit der neuen Version der Achsen kommt das Gussie dem Surfen sehr sehr nahe. Mit der 31&#8243;-L\u00e4nge kannst du sowohl [&#8230;]\n","protected":false},"featured_media":18673,"comment_status":"open","ping_status":"closed","template":"","meta":{"jetpack_post_was_ever_published":false,"jetpack_publicize_message":"","jetpack_publicize_feature_enabled":true,"jetpack_social_post_already_shared":true,"jetpack_social_options":{"image_generator_settings":{"template":"highway","default_image_id":0,"font":"","enabled":false},"version":2}},"product_brand":[],"product_cat":[531,8983],"product_tag":[718,720,331,8477],"class_list":{"0":"post-18672","1":"product","2":"type-product","3":"status-publish","4":"has-post-thumbnail","6":"product_cat-surfskates","7":"product_cat-surfskate-completes","8":"product_tag-surfskateboard","9":"product_tag-surf","10":"product_tag-surfskate","11":"product_tag-8477","12":"product_shipping_class-paket","14":"first","15":"outofstock","16":"taxable","17":"shipping-taxable","18":"purchasable","19":"product-type-simple"},"composite_virtual":false,"composite_layout":"","composite_add_to_cart_form_location":"","composite_editable_in_cart":false,"composite_sold_individually_context":"","composite_shop_price_calc":"","composite_components":[],"composite_scenarios":[],"booking_location":null,"booking_location_type":null,"booking_duration":null,"booking_duration_unit":null,"booking_buffer":null,"booking_cost":null,"booking_resources":null,"jetpack_publicize_connections":[],"jetpack_sharing_enabled":true,"_links":{"self":[{"href":"https:\/\/www.studiolongboard.com\/fr\/wp-json\/wp\/v2\/product\/18672","targetHints":{"allow":["GET"]}}],"collection":[{"href":"https:\/\/www.studiolongboard.com\/fr\/wp-json\/wp\/v2\/product"}],"about":[{"href":"https:\/\/www.studiolongboard.com\/fr\/wp-json\/wp\/v2\/types\/product"}],"replies":[{"embeddable":true,"href":"https:\/\/www.studiolongboard.com\/fr\/wp-json\/wp\/v2\/comments?post=18672"}],"wp:featuredmedia":[{"embeddable":true,"href":"https:\/\/www.studiolongboard.com\/fr\/wp-json\/wp\/v2\/media\/18673"}],"wp:attachment":[{"href":"https:\/\/www.studiolongboard.com\/fr\/wp-json\/wp\/v2\/media?parent=18672"}],"wp:term":[{"taxonomy":"product_brand","embeddable":true,"href":"https:\/\/www.studiolongboard.com\/fr\/wp-json\/wp\/v2\/product_brand?post=18672"},{"taxonomy":"product_cat","embeddable":true,"href":"https:\/\/www.studiolongboard.com\/fr\/wp-json\/wp\/v2\/product_cat?post=18672"},{"taxonomy":"product_tag","embeddable":true,"href":"https:\/\/www.studiolongboard.com\/fr\/wp-json\/wp\/v2\/product_tag?post=18672"}],"curies":[{"name":"wp","href":"https:\/\/api.w.org\/{rel}","templated":true}]}}