{"id":18669,"date":"2022-02-15T17:02:19","date_gmt":"2022-02-15T16:02:19","guid":{"rendered":"https:\/\/www.studiolongboard.com\/?post_type=product&#038;p=18669"},"modified":"2023-11-15T14:47:40","modified_gmt":"2023-11-15T13:47:40","slug":"slide-cmc-performance-31-surfskate","status":"publish","type":"product","link":"https:\/\/www.studiolongboard.com\/fr\/shop\/surfskates\/surfskate-completes\/slide-cmc-performance-31-surfskate\/","title":{"rendered":"SLIDE CMC Performance 31&#8243; Surfskate"},"content":{"rendered":"<h2>SLIDE CMC Performance 31&#8243; Surfskate<\/h2>\n<p>SLIDE CMC Performance 31&#8243; Surfskate wurde zusammen mit dem Surfer und Surfskater <a href=\"https:\/\/www.instagram.com\/realchvrlie\/?hl=de\">Carlos Martin<\/a> entwickelt. Das Deck\u00a0hat das Tail des Gussies und die Nose vom Joy &#8211; dadurch steht dieser Shape f\u00fcr Stabilit\u00e4t und Man\u00f6verierbarkeit und gibt dir ein Gef\u00fchl des Surfens. Du kannst damit sowohl gem\u00fctlich cruisen als auch im Pool shredden. Das Perfomance 31\u2033 steht f\u00fcr Leistung und ist trotz der 70mm Wheels extrem wendig.<\/p>\n<p>Deck: 78,7 x 25,4cm<br \/>\nAchsenstand: 16&#8243; \/ 40.6 cm<br \/>\nMaterial: 7 Lagen kanadisches Ahorn<br \/>\nVorderachse: SLIDE 165 mm 3.0<br \/>\nHinterachse: 165mm Aluminium poliert<br \/>\nR\u00e4der: Slide schwarz. 70mm x 55mm \/ 83A<br \/>\nLager: ABEC 7<\/p>\n<p>&nbsp;<\/p>","protected":false},"excerpt":{"rendered":"<p>SLIDE CMC Performance 31&#8243; Surfskate SLIDE CMC Performance 31&#8243; Surfskate wurde zusammen mit dem Surfer und Surfskater Carlos Martin entwickelt. Das Deck\u00a0hat das Tail des Gussies und die Nose vom Joy &#8211; dadurch steht dieser Shape f\u00fcr Stabilit\u00e4t und Man\u00f6verierbarkeit und gibt dir ein Gef\u00fchl des Surfens. Du kannst damit sowohl gem\u00fctlich cruisen als auch [&#8230;]\n","protected":false},"featured_media":18671,"comment_status":"open","ping_status":"closed","template":"","meta":{"jetpack_post_was_ever_published":false,"jetpack_publicize_message":"","jetpack_publicize_feature_enabled":true,"jetpack_social_post_already_shared":true,"jetpack_social_options":{"image_generator_settings":{"template":"highway","default_image_id":0,"font":"","enabled":false},"version":2}},"product_brand":[],"product_cat":[8983,531],"product_tag":[8477,718,720,331],"class_list":{"0":"post-18669","1":"product","2":"type-product","3":"status-publish","4":"has-post-thumbnail","6":"product_cat-surfskate-completes","7":"product_cat-surfskates","8":"product_tag-8477","9":"product_tag-surfskateboard","10":"product_tag-surf","11":"product_tag-surfskate","12":"product_shipping_class-paket","14":"first","15":"outofstock","16":"taxable","17":"shipping-taxable","18":"purchasable","19":"product-type-simple"},"composite_virtual":false,"composite_layout":"","composite_add_to_cart_form_location":"","composite_editable_in_cart":false,"composite_sold_individually_context":"","composite_shop_price_calc":"","composite_components":[],"composite_scenarios":[],"booking_location":null,"booking_location_type":null,"booking_duration":null,"booking_duration_unit":null,"booking_buffer":null,"booking_cost":null,"booking_resources":null,"jetpack_publicize_connections":[],"jetpack_sharing_enabled":true,"_links":{"self":[{"href":"https:\/\/www.studiolongboard.com\/fr\/wp-json\/wp\/v2\/product\/18669","targetHints":{"allow":["GET"]}}],"collection":[{"href":"https:\/\/www.studiolongboard.com\/fr\/wp-json\/wp\/v2\/product"}],"about":[{"href":"https:\/\/www.studiolongboard.com\/fr\/wp-json\/wp\/v2\/types\/product"}],"replies":[{"embeddable":true,"href":"https:\/\/www.studiolongboard.com\/fr\/wp-json\/wp\/v2\/comments?post=18669"}],"wp:featuredmedia":[{"embeddable":true,"href":"https:\/\/www.studiolongboard.com\/fr\/wp-json\/wp\/v2\/media\/18671"}],"wp:attachment":[{"href":"https:\/\/www.studiolongboard.com\/fr\/wp-json\/wp\/v2\/media?parent=18669"}],"wp:term":[{"taxonomy":"product_brand","embeddable":true,"href":"https:\/\/www.studiolongboard.com\/fr\/wp-json\/wp\/v2\/product_brand?post=18669"},{"taxonomy":"product_cat","embeddable":true,"href":"https:\/\/www.studiolongboard.com\/fr\/wp-json\/wp\/v2\/product_cat?post=18669"},{"taxonomy":"product_tag","embeddable":true,"href":"https:\/\/www.studiolongboard.com\/fr\/wp-json\/wp\/v2\/product_tag?post=18669"}],"curies":[{"name":"wp","href":"https:\/\/api.w.org\/{rel}","templated":true}]}}