{"id":18614,"date":"2022-02-10T11:14:14","date_gmt":"2022-02-10T10:14:14","guid":{"rendered":"https:\/\/www.studiolongboard.com\/?post_type=product&#038;p=18614"},"modified":"2023-11-30T14:39:34","modified_gmt":"2023-11-30T13:39:34","slug":"cozi-klebstoff-stickermag","status":"publish","type":"product","link":"https:\/\/www.studiolongboard.com\/fr\/shop\/accessories\/sticker\/cozi-klebstoff-stickermag\/","title":{"rendered":"COZI KLEBSTOFF STICKERMAG"},"content":{"rendered":"<h1>COZI KLEBSTOFF STICKERMAG<\/h1>\n<p>COZI KLEBSTOFF STICKERMAG &#8211; Dis time hat den B\u00e4renanteil das famose COZI-Kollektiv beigesteuert. Aber auch KLEBSTOFF-Friendz machen sich\u2018s auf insgesamt 48 Seiten \u2013 24 davon Stickerseiten \u2013 gem\u00fctlich. Wieder einmal sind Unmengen grandioser artists versammelt, auch und vor allem anl\u00e4sslich des COZI Comic- &amp; Zinefest, in zeitlicher Nachbarschaft zur Frankfurter Buchmesse. Deshalb ist es uns eine besondere Freude dieses wohlgen\u00e4hrte Lamm zum Verkaufsstande zu f\u00fchren, um es euch ausf\u00fchrlichst ausnehmen zu lassen. Wie immer ist die Edition streng limitiert, also greift zu, solang das Mag noch druckfrisch ist.<\/p>\n<p>Who\u2018s with us this time?<\/p>\n<p>Adrian Durrani, Anna Haifisch, Benedikt Luft, Die PARTEI Sachsen, Genia Espinosa, James Turek, Johanna Bieber, Juliane Maria Hoffmann, Karla Paloma, Kentaro Okawa &amp; Kid Gringo (Cover&amp;Backcover), Lina Ehrentraut, Max Baitinger, Michel Esselbr\u00fcgge, Minho Jung, Mr. Impact, Nadine Kolodziey, Paul D\u2019Orlando &amp; Lukas Weidinger, Riso Club Allstars, Ritak, Sebastian K\u00f6nig, Sonja Yakovleva, Stefanie Sargnagel, Wooden Cyclops.<\/p>\n<p>Directed by: COZI + KLEBSTOFF<br \/>\nPublisher: International Neighborhood Verlag<\/p>\n<p>Ver\u00f6ffentlichung: 2019<br \/>\nUmfang: 48 Seiten<br \/>\nFormat: ca. 15 x 15 cm<br \/>\nSprache: Englisch<br \/>\nSpecials: \u00fcber 200 herausl\u00f6sbare Aufkleber<\/p>\n<p>ISBN: 978-3-944960-21-0<\/p>","protected":false},"excerpt":{"rendered":"<p>COZI KLEBSTOFF STICKERMAG COZI KLEBSTOFF STICKERMAG &#8211; Dis time hat den B\u00e4renanteil das famose COZI-Kollektiv beigesteuert. Aber auch KLEBSTOFF-Friendz machen sich\u2018s auf insgesamt 48 Seiten \u2013 24 davon Stickerseiten \u2013 gem\u00fctlich. Wieder einmal sind Unmengen grandioser artists versammelt, auch und vor allem anl\u00e4sslich des COZI Comic- &amp; Zinefest, in zeitlicher Nachbarschaft zur Frankfurter Buchmesse. Deshalb [&#8230;]\n","protected":false},"featured_media":18615,"comment_status":"open","ping_status":"closed","template":"","meta":{"jetpack_post_was_ever_published":false,"jetpack_publicize_message":"","jetpack_publicize_feature_enabled":true,"jetpack_social_post_already_shared":true,"jetpack_social_options":{"image_generator_settings":{"template":"highway","default_image_id":0,"font":"","enabled":false},"version":2}},"product_brand":[],"product_cat":[320,734],"product_tag":[737,738,739,740,741],"class_list":{"0":"post-18614","1":"product","2":"type-product","3":"status-publish","4":"has-post-thumbnail","6":"product_cat-accessories","7":"product_cat-sticker","8":"product_tag-stickermag","9":"product_tag-sticker","10":"product_tag-album","11":"product_tag-klebstoff","12":"product_tag-aufkleber","13":"product_shipping_class-paket-m","15":"first","16":"outofstock","17":"taxable","18":"shipping-taxable","19":"purchasable","20":"product-type-simple"},"composite_virtual":false,"composite_layout":"","composite_add_to_cart_form_location":"","composite_editable_in_cart":false,"composite_sold_individually_context":"","composite_shop_price_calc":"","composite_components":[],"composite_scenarios":[],"booking_location":null,"booking_location_type":null,"booking_duration":null,"booking_duration_unit":null,"booking_buffer":null,"booking_cost":null,"booking_resources":null,"jetpack_publicize_connections":[],"jetpack_sharing_enabled":true,"_links":{"self":[{"href":"https:\/\/www.studiolongboard.com\/fr\/wp-json\/wp\/v2\/product\/18614","targetHints":{"allow":["GET"]}}],"collection":[{"href":"https:\/\/www.studiolongboard.com\/fr\/wp-json\/wp\/v2\/product"}],"about":[{"href":"https:\/\/www.studiolongboard.com\/fr\/wp-json\/wp\/v2\/types\/product"}],"replies":[{"embeddable":true,"href":"https:\/\/www.studiolongboard.com\/fr\/wp-json\/wp\/v2\/comments?post=18614"}],"wp:featuredmedia":[{"embeddable":true,"href":"https:\/\/www.studiolongboard.com\/fr\/wp-json\/wp\/v2\/media\/18615"}],"wp:attachment":[{"href":"https:\/\/www.studiolongboard.com\/fr\/wp-json\/wp\/v2\/media?parent=18614"}],"wp:term":[{"taxonomy":"product_brand","embeddable":true,"href":"https:\/\/www.studiolongboard.com\/fr\/wp-json\/wp\/v2\/product_brand?post=18614"},{"taxonomy":"product_cat","embeddable":true,"href":"https:\/\/www.studiolongboard.com\/fr\/wp-json\/wp\/v2\/product_cat?post=18614"},{"taxonomy":"product_tag","embeddable":true,"href":"https:\/\/www.studiolongboard.com\/fr\/wp-json\/wp\/v2\/product_tag?post=18614"}],"curies":[{"name":"wp","href":"https:\/\/api.w.org\/{rel}","templated":true}]}}