{"id":18270,"date":"2021-11-30T12:51:44","date_gmt":"2021-11-30T11:51:44","guid":{"rendered":"https:\/\/www.studiolongboard.com\/?post_type=product&#038;p=18270"},"modified":"2022-12-06T18:38:59","modified_gmt":"2022-12-06T17:38:59","slug":"kendama-record-m1-saturn","status":"publish","type":"product","link":"https:\/\/www.studiolongboard.com\/fr\/shop\/kendama\/kendama-record-m1-saturn\/","title":{"rendered":"KENDAMA Record M1 Saturn"},"content":{"rendered":"<h2>KENDAMA Record M1 Saturn<\/h2>\n<p>KENDAMA Record M1 Saturn aus 100% Premium Ahornholz gefertigt und mit einer sticky Recpaint Tama (Kugel) Oberfl\u00e4che ausgestattet. Jeder erfahrene Kendama Spieler weiss, dass neben einem gut ausbalancierten Schwert die richtige Tama Oberfl\u00e4che notwendig ist, um auch die anspruchvollsten Tricks landen zu k\u00f6nnen. Tama-Tracking und Spike Spiel werden durch das Design unterst\u00fctzt. Beim Tracking helfen nicht nur die geraden Linien, sondern auch der Spot Point on Top. <\/p>\n<p>Die Kombination von Recshape, Recpaint sowie Design ergeben ein High End Kendama mit dem sich Tricks wie Stalls, Lunars oder auch BB\u2019s einfach besser spielen lassen. <\/p>\n<p>Inklusive Illustriertem Handbuch, Fix Gear Set und vieler Aufkleber.<\/p>\n<p>GR\u00d6SSE: klassisch<br \/>\nLACKIERUNG: gl\u00e4nzend<br \/>\nLACK EIGENSCHAFTEN: Recpaint<br \/>\nHERSTELLER: Kendama Europe<br \/>\nGEWICHT KUGEL (KANN ABWEICHEN): 70g<br \/>\nGEWICHT SCHWERT (KANN ABWEICHEN): 70g<br \/>\nVERPACKUNGSGEWICHT: 250g<br \/>\nH\u00d6HE: 18,5cm<br \/>\nBREITE: 7,0cm<br \/>\nKUGELDURCHMESSER: 6,0cm<br \/>\nSCHNURL\u00c4NGE: 40,0cm<br \/>\nALTERSEMPFEHLUNG: Geeignet f\u00fcr Kinder ab 7 Jahren.<br \/>\nMODELL: Record<br \/>\nHOLZART: Ahorn<\/p>","protected":false},"excerpt":{"rendered":"<p>KENDAMA Record M1 Saturn KENDAMA Record M1 Saturn aus 100% Premium Ahornholz gefertigt und mit einer sticky Recpaint Tama (Kugel) Oberfl\u00e4che ausgestattet. Jeder erfahrene Kendama Spieler weiss, dass neben einem gut ausbalancierten Schwert die richtige Tama Oberfl\u00e4che notwendig ist, um auch die anspruchvollsten Tricks landen zu k\u00f6nnen. Tama-Tracking und Spike Spiel werden durch das Design [&#8230;]\n","protected":false},"featured_media":18271,"comment_status":"open","ping_status":"closed","template":"","meta":{"jetpack_post_was_ever_published":false,"jetpack_publicize_message":"","jetpack_publicize_feature_enabled":true,"jetpack_social_post_already_shared":true,"jetpack_social_options":{"image_generator_settings":{"template":"highway","default_image_id":0,"font":"","enabled":false},"version":2}},"product_brand":[],"product_cat":[732,320],"product_tag":[5528,722],"class_list":{"0":"post-18270","1":"product","2":"type-product","3":"status-publish","4":"has-post-thumbnail","6":"product_cat-kendama","7":"product_cat-accessories","8":"product_tag-kinder","9":"product_tag-kendama","10":"product_shipping_class-paket-m","12":"first","13":"outofstock","14":"taxable","15":"shipping-taxable","16":"purchasable","17":"product-type-simple"},"composite_virtual":false,"composite_layout":"","composite_add_to_cart_form_location":"","composite_editable_in_cart":false,"composite_sold_individually_context":"","composite_shop_price_calc":"","composite_components":[],"composite_scenarios":[],"booking_location":null,"booking_location_type":null,"booking_duration":null,"booking_duration_unit":null,"booking_buffer":null,"booking_cost":null,"booking_resources":null,"jetpack_publicize_connections":[],"jetpack_sharing_enabled":true,"_links":{"self":[{"href":"https:\/\/www.studiolongboard.com\/fr\/wp-json\/wp\/v2\/product\/18270","targetHints":{"allow":["GET"]}}],"collection":[{"href":"https:\/\/www.studiolongboard.com\/fr\/wp-json\/wp\/v2\/product"}],"about":[{"href":"https:\/\/www.studiolongboard.com\/fr\/wp-json\/wp\/v2\/types\/product"}],"replies":[{"embeddable":true,"href":"https:\/\/www.studiolongboard.com\/fr\/wp-json\/wp\/v2\/comments?post=18270"}],"wp:featuredmedia":[{"embeddable":true,"href":"https:\/\/www.studiolongboard.com\/fr\/wp-json\/wp\/v2\/media\/18271"}],"wp:attachment":[{"href":"https:\/\/www.studiolongboard.com\/fr\/wp-json\/wp\/v2\/media?parent=18270"}],"wp:term":[{"taxonomy":"product_brand","embeddable":true,"href":"https:\/\/www.studiolongboard.com\/fr\/wp-json\/wp\/v2\/product_brand?post=18270"},{"taxonomy":"product_cat","embeddable":true,"href":"https:\/\/www.studiolongboard.com\/fr\/wp-json\/wp\/v2\/product_cat?post=18270"},{"taxonomy":"product_tag","embeddable":true,"href":"https:\/\/www.studiolongboard.com\/fr\/wp-json\/wp\/v2\/product_tag?post=18270"}],"curies":[{"name":"wp","href":"https:\/\/api.w.org\/{rel}","templated":true}]}}