{"id":18114,"date":"2021-11-10T14:38:20","date_gmt":"2021-11-10T13:38:20","guid":{"rendered":"https:\/\/www.studiolongboard.com\/?post_type=product&#038;p=18114"},"modified":"2025-05-30T16:10:31","modified_gmt":"2025-05-30T14:10:31","slug":"btfl-flora-dropthrough-longboard","status":"publish","type":"product","link":"https:\/\/www.studiolongboard.com\/fr\/shop\/longboards\/komplett-longboards\/einsteiger-longboards\/btfl-flora-dropthrough-longboard\/","title":{"rendered":"BTFL FLORA Dropthrough Longboard"},"content":{"rendered":"<h2>BTFL FLORA Dropthrough Longboard<\/h2>\n<p>BTFL FLORA Dropthrough Longboard ist symmetrisch, gedropped und hat Kicks an Nose und Tail. Dank der gro\u00dfz\u00fcgigen Kicks lassen sich mit Flora auch problemlos die ersten Trickerfahrungen wie Manuals oder Pivots sammeln. Das ist nat\u00fcrlich kein Muss, denn auch ohne Trickeinlagen ist Flora f\u00fcr s\u00e4mtliche Strecken geeignet \u2013 ob in der Stadt oder auf l\u00e4ngeren Strecken. Das Deck besteht aus 7 Lagen kanadischem Ahorn, wodurch es minimalen Flex zul\u00e4sst. Die 78A weichen Bushings erm\u00f6glichen angenehmes Fahren von Beginn an. Dank der vielseitigen Anwendungsm\u00f6glichkeiten ist das Board sowohl f\u00fcr Anf\u00e4ngerinnen als auch Fortgeschrittene geeignet. Flora ist also nicht nur wundervoll anzusehen, sie ist zudem ein echtes Allroundtalent!<\/p>\n<p>Einsatzm\u00f6glichkeit:\tCruisen, Dancen, Freestyle<br \/>\nFahrer*innengewicht:\tbis zu 85 kg<br \/>\ngeeignet f\u00fcr:\tAnf\u00e4nger*in<\/p>\n<p>Material:  7 Lagen kanadischer Ahorn<br \/>\nDeck Gr\u00f6\u00dfe:  99 x 21,5 cm \/\/ 39&#8243; x 21.5&#8243;<br \/>\nRollen Gr\u00f6\u00dfe + H\u00e4rte:  70 x 51 mm, 78A<br \/>\nBushings:  78A<br \/>\nAchsbreite:  180 mm<br \/>\nWheelbase:  68 cm \/ 26,7&#8243;<br \/>\nKugellager:  ABEC 9<br \/>\nFlex:  hart<\/p>","protected":false},"excerpt":{"rendered":"<p>BTFL FLORA Dropthrough Longboard BTFL FLORA Dropthrough Longboard ist symmetrisch, gedropped und hat Kicks an Nose und Tail. Dank der gro\u00dfz\u00fcgigen Kicks lassen sich mit Flora auch problemlos die ersten Trickerfahrungen wie Manuals oder Pivots sammeln. Das ist nat\u00fcrlich kein Muss, denn auch ohne Trickeinlagen ist Flora f\u00fcr s\u00e4mtliche Strecken geeignet \u2013 ob in der [&#8230;]\n","protected":false},"featured_media":18115,"comment_status":"open","ping_status":"closed","template":"","meta":{"jetpack_post_was_ever_published":false,"jetpack_publicize_message":"","jetpack_publicize_feature_enabled":true,"jetpack_social_post_already_shared":true,"jetpack_social_options":{"image_generator_settings":{"template":"highway","default_image_id":0,"font":"","enabled":false},"version":2}},"product_brand":[9121],"product_cat":[8642,310,311,8641],"product_tag":[3646,3647,322],"class_list":{"0":"post-18114","1":"product","2":"type-product","3":"status-publish","4":"has-post-thumbnail","6":"product_brand-btfl","7":"product_cat-einsteiger-longboards","8":"product_cat-komplett-longboards","9":"product_cat-longboards","10":"product_cat-kinder-longboards","11":"product_tag-kids","12":"product_tag-girls","13":"product_tag-drop-through","14":"product_shipping_class-paket","16":"first","17":"outofstock","18":"taxable","19":"shipping-taxable","20":"purchasable","21":"product-type-simple"},"composite_virtual":false,"composite_layout":"","composite_add_to_cart_form_location":"","composite_editable_in_cart":false,"composite_sold_individually_context":"","composite_shop_price_calc":"","composite_components":[],"composite_scenarios":[],"booking_location":null,"booking_location_type":null,"booking_duration":null,"booking_duration_unit":null,"booking_buffer":null,"booking_cost":null,"booking_resources":null,"jetpack_publicize_connections":[],"jetpack_sharing_enabled":true,"_links":{"self":[{"href":"https:\/\/www.studiolongboard.com\/fr\/wp-json\/wp\/v2\/product\/18114","targetHints":{"allow":["GET"]}}],"collection":[{"href":"https:\/\/www.studiolongboard.com\/fr\/wp-json\/wp\/v2\/product"}],"about":[{"href":"https:\/\/www.studiolongboard.com\/fr\/wp-json\/wp\/v2\/types\/product"}],"replies":[{"embeddable":true,"href":"https:\/\/www.studiolongboard.com\/fr\/wp-json\/wp\/v2\/comments?post=18114"}],"wp:featuredmedia":[{"embeddable":true,"href":"https:\/\/www.studiolongboard.com\/fr\/wp-json\/wp\/v2\/media\/18115"}],"wp:attachment":[{"href":"https:\/\/www.studiolongboard.com\/fr\/wp-json\/wp\/v2\/media?parent=18114"}],"wp:term":[{"taxonomy":"product_brand","embeddable":true,"href":"https:\/\/www.studiolongboard.com\/fr\/wp-json\/wp\/v2\/product_brand?post=18114"},{"taxonomy":"product_cat","embeddable":true,"href":"https:\/\/www.studiolongboard.com\/fr\/wp-json\/wp\/v2\/product_cat?post=18114"},{"taxonomy":"product_tag","embeddable":true,"href":"https:\/\/www.studiolongboard.com\/fr\/wp-json\/wp\/v2\/product_tag?post=18114"}],"curies":[{"name":"wp","href":"https:\/\/api.w.org\/{rel}","templated":true}]}}