{"id":18014,"date":"2021-10-28T10:42:09","date_gmt":"2021-10-28T08:42:09","guid":{"rendered":"https:\/\/www.studiolongboard.com\/?post_type=product&#038;p=18014"},"modified":"2025-12-31T14:26:25","modified_gmt":"2025-12-31T13:26:25","slug":"loaded-mata-hari-longboard-deck-44-5","status":"publish","type":"product","link":"https:\/\/www.studiolongboard.com\/fr\/shop\/longboards\/longboard-decks\/dance-freestyle-decks\/loaded-mata-hari-longboard-deck-44-5\/","title":{"rendered":"LOADED Mata Hari longboard deck 44.5&#8243;"},"content":{"rendered":"<h2>LOADED Mata Hari longboard deck 44.5&#8243;<\/h2>\n<p>LOADED Mata Hari longboard deck 44.5&#8243; ist der neue Dancer von der legend\u00e4ren Longboard-Marke Loaded.<br \/>\nDas Mata Hari f\u00fchrt das Erbe der Loaded-T\u00e4nzer fort und steht f\u00fcr eine progressive und sich schnell entwickelnde neue \u00c4ra des Longboard-Dancings und -Freestyles. Kompakte Abmessungen, eine leichte Konstruktion, poppige Kicktails und eine Reihe von Radstand-Optionen machen das Mata Hari zu unserem technisch versiertesten Board.<\/p>\n<p>Specs :<br \/>\nLength: 44.5\u201d \/ 113 cm<br \/>\nWidth: 9.25\u201d \/ 23.5 cm<br \/>\nWheelbase: 27.25, 28.25, 29.25\u201d \/ 69.2, 71.8, 74.3 cm<br \/>\nProfile: Rocker<br \/>\nFlex: One flex fits all<\/p>\n<p>Leading along with the legacy of Loaded dancers, the Mata Hari embraces a progressive and rapidly evolving new era of longboard dancing and freestyle. Compact dimensions, lightweight construction, poppy kicktails, and a range of wheelbase options make the Mata Hari our most technically adept board for those who live to explore and challenge what is possible on a dancing skateboard.<\/p>","protected":false},"excerpt":{"rendered":"<p>LOADED Mata Hari longboard deck 44.5&#8243; LOADED Mata Hari longboard deck 44.5&#8243; ist der neue Dancer von der legend\u00e4ren Longboard-Marke Loaded. Das Mata Hari f\u00fchrt das Erbe der Loaded-T\u00e4nzer fort und steht f\u00fcr eine progressive und sich schnell entwickelnde neue \u00c4ra des Longboard-Dancings und -Freestyles. Kompakte Abmessungen, eine leichte Konstruktion, poppige Kicktails und eine Reihe [&#8230;]\n","protected":false},"featured_media":18017,"comment_status":"closed","ping_status":"closed","template":"","meta":{"jetpack_post_was_ever_published":false,"jetpack_publicize_message":"","jetpack_publicize_feature_enabled":true,"jetpack_social_post_already_shared":true,"jetpack_social_options":{"image_generator_settings":{"template":"highway","default_image_id":0,"font":"","enabled":false},"version":2}},"product_brand":[],"product_cat":[687,313,8789],"product_tag":[373,8622],"class_list":{"0":"post-18014","1":"product","2":"type-product","3":"status-publish","4":"has-post-thumbnail","6":"product_cat-sale","7":"product_cat-longboard-decks","8":"product_cat-dance-freestyle-decks","9":"product_tag-dancer","10":"product_tag-44-5","11":"product_shipping_class-paket","13":"first","14":"instock","15":"sale","16":"taxable","17":"shipping-taxable","18":"purchasable","19":"product-type-simple"},"composite_virtual":false,"composite_layout":"","composite_add_to_cart_form_location":"","composite_editable_in_cart":false,"composite_sold_individually_context":"","composite_shop_price_calc":"","composite_components":[],"composite_scenarios":[],"booking_location":null,"booking_location_type":null,"booking_duration":null,"booking_duration_unit":null,"booking_buffer":null,"booking_cost":null,"booking_resources":null,"jetpack_publicize_connections":[],"jetpack_sharing_enabled":true,"_links":{"self":[{"href":"https:\/\/www.studiolongboard.com\/fr\/wp-json\/wp\/v2\/product\/18014","targetHints":{"allow":["GET"]}}],"collection":[{"href":"https:\/\/www.studiolongboard.com\/fr\/wp-json\/wp\/v2\/product"}],"about":[{"href":"https:\/\/www.studiolongboard.com\/fr\/wp-json\/wp\/v2\/types\/product"}],"replies":[{"embeddable":true,"href":"https:\/\/www.studiolongboard.com\/fr\/wp-json\/wp\/v2\/comments?post=18014"}],"wp:featuredmedia":[{"embeddable":true,"href":"https:\/\/www.studiolongboard.com\/fr\/wp-json\/wp\/v2\/media\/18017"}],"wp:attachment":[{"href":"https:\/\/www.studiolongboard.com\/fr\/wp-json\/wp\/v2\/media?parent=18014"}],"wp:term":[{"taxonomy":"product_brand","embeddable":true,"href":"https:\/\/www.studiolongboard.com\/fr\/wp-json\/wp\/v2\/product_brand?post=18014"},{"taxonomy":"product_cat","embeddable":true,"href":"https:\/\/www.studiolongboard.com\/fr\/wp-json\/wp\/v2\/product_cat?post=18014"},{"taxonomy":"product_tag","embeddable":true,"href":"https:\/\/www.studiolongboard.com\/fr\/wp-json\/wp\/v2\/product_tag?post=18014"}],"curies":[{"name":"wp","href":"https:\/\/api.w.org\/{rel}","templated":true}]}}