{"id":17522,"date":"2021-09-14T16:16:07","date_gmt":"2021-09-14T14:16:07","guid":{"rendered":"https:\/\/www.studiolongboard.com\/?post_type=product&#038;p=17522"},"modified":"2025-05-03T14:52:49","modified_gmt":"2025-05-03T12:52:49","slug":"mini-logo-a-w-o-l-a-cut-ii-80a","status":"publish","type":"product","link":"https:\/\/www.studiolongboard.com\/fr\/shop\/skateboards\/skateboard-wheels\/mini-logo-a-w-o-l-a-cut-ii-80a\/","title":{"rendered":"Mini-Logo A.W.O.L. A-Cut II 80a"},"content":{"rendered":"<h2>Mini-Logo A.W.O.L. A-Cut II 80a<\/h2>\n<p>Mini-Logo A.W.O.L. A-Cut II 80a sind cruiser-taugliche Skateboardrollen. Mit 8oa-H\u00e4rte sind die sch\u00f6n weich und dadurch auch f\u00fcr schlechtere Untergr\u00fcnde gut geeignet. Nutzt du dein Skateboard eher um von A nach B zu kommen, dann sind diese Rollen eine preislich g\u00fcnstige Alternative. Die Rollen eignen sich auch gut f\u00fcr Longboard-Dance und Freestyle.<\/p>\n<p>Durchmesser: 63mm, 59 mm<\/p>\n<p>H\u00e4rte: 80a<\/p>\n<p>&nbsp;<\/p>","protected":false},"excerpt":{"rendered":"<p>Mini-Logo A.W.O.L. A-Cut II 80a Mini-Logo A.W.O.L. A-Cut II 80a sind cruiser-taugliche Skateboardrollen. Mit 8oa-H\u00e4rte sind die sch\u00f6n weich und dadurch auch f\u00fcr schlechtere Untergr\u00fcnde gut geeignet. Nutzt du dein Skateboard eher um von A nach B zu kommen, dann sind diese Rollen eine preislich g\u00fcnstige Alternative. Die Rollen eignen sich auch gut f\u00fcr Longboard-Dance [&#8230;]\n","protected":false},"featured_media":25582,"comment_status":"open","ping_status":"closed","template":"","meta":{"jetpack_post_was_ever_published":false,"jetpack_publicize_message":"","jetpack_publicize_feature_enabled":true,"jetpack_social_post_already_shared":true,"jetpack_social_options":{"image_generator_settings":{"template":"highway","default_image_id":0,"font":"","enabled":false},"version":2}},"product_brand":[],"product_cat":[316,317],"product_tag":[6453,7759,1721,1722],"class_list":{"0":"post-17522","1":"product","2":"type-product","3":"status-publish","4":"has-post-thumbnail","6":"product_cat-skateboard-wheels","7":"product_cat-longboard-wheels","8":"product_tag-skateboard-rollen","9":"product_tag-longboard-rollen","10":"product_tag-wheels","11":"product_tag-rollen","12":"product_shipping_class-paket-m","14":"first","15":"instock","16":"taxable","17":"shipping-taxable","18":"purchasable","19":"product-type-variable"},"composite_virtual":false,"composite_layout":"","composite_add_to_cart_form_location":"","composite_editable_in_cart":false,"composite_sold_individually_context":"","composite_shop_price_calc":"","composite_components":[],"composite_scenarios":[],"booking_location":null,"booking_location_type":null,"booking_duration":null,"booking_duration_unit":null,"booking_buffer":null,"booking_cost":null,"booking_resources":null,"jetpack_publicize_connections":[],"jetpack_sharing_enabled":true,"_links":{"self":[{"href":"https:\/\/www.studiolongboard.com\/fr\/wp-json\/wp\/v2\/product\/17522","targetHints":{"allow":["GET"]}}],"collection":[{"href":"https:\/\/www.studiolongboard.com\/fr\/wp-json\/wp\/v2\/product"}],"about":[{"href":"https:\/\/www.studiolongboard.com\/fr\/wp-json\/wp\/v2\/types\/product"}],"replies":[{"embeddable":true,"href":"https:\/\/www.studiolongboard.com\/fr\/wp-json\/wp\/v2\/comments?post=17522"}],"wp:featuredmedia":[{"embeddable":true,"href":"https:\/\/www.studiolongboard.com\/fr\/wp-json\/wp\/v2\/media\/25582"}],"wp:attachment":[{"href":"https:\/\/www.studiolongboard.com\/fr\/wp-json\/wp\/v2\/media?parent=17522"}],"wp:term":[{"taxonomy":"product_brand","embeddable":true,"href":"https:\/\/www.studiolongboard.com\/fr\/wp-json\/wp\/v2\/product_brand?post=17522"},{"taxonomy":"product_cat","embeddable":true,"href":"https:\/\/www.studiolongboard.com\/fr\/wp-json\/wp\/v2\/product_cat?post=17522"},{"taxonomy":"product_tag","embeddable":true,"href":"https:\/\/www.studiolongboard.com\/fr\/wp-json\/wp\/v2\/product_tag?post=17522"}],"curies":[{"name":"wp","href":"https:\/\/api.w.org\/{rel}","templated":true}]}}