{"id":17417,"date":"2021-09-07T12:38:42","date_gmt":"2021-09-07T10:38:42","guid":{"rendered":"https:\/\/www.studiolongboard.com\/?post_type=product&#038;p=17417"},"modified":"2022-07-15T17:37:00","modified_gmt":"2022-07-15T15:37:00","slug":"santa-cruz-slime-balls-jeremy-fish-speed-balls-99a","status":"publish","type":"product","link":"https:\/\/www.studiolongboard.com\/fr\/shop\/skateboards\/skateboard-wheels\/santa-cruz-slime-balls-jeremy-fish-speed-balls-99a\/","title":{"rendered":"Santa Cruz Slime Balls Jeremy Fish Bunny Speed Balls 99a"},"content":{"rendered":"<h2>Santa Cruz Slime Balls Jeremy Bunny Fish Speed Balls 99a<\/h2>\n<p>Santa Cruz Slime Balls Jeremy Fish Speed Balls 99a sind Skateboard-Rollen mit einer Grafik von Jeremy Fish. Die Bunny Speed Balls sind durch die H\u00e4rte 99a vor Allem f\u00fcr den Einsatz im Skatepark super geeignet. Optimale Form f\u00fcr ein trick-reiches Setup.<\/p>\n<p>Durchmesser: 54m<\/p>\n<p>H\u00e4rte: 99a<\/p>\n<p>Farbe: rosa<\/p>\n<p>4 Rollen<\/p>","protected":false},"excerpt":{"rendered":"<p>Santa Cruz Slime Balls Jeremy Bunny Fish Speed Balls 99a Santa Cruz Slime Balls Jeremy Fish Speed Balls 99a sind Skateboard-Rollen mit einer Grafik von Jeremy Fish. Die Bunny Speed Balls sind durch die H\u00e4rte 99a vor Allem f\u00fcr den Einsatz im Skatepark super geeignet. Optimale Form f\u00fcr ein trick-reiches Setup. Durchmesser: 54m H\u00e4rte: 99a [&#8230;]\n","protected":false},"featured_media":17418,"comment_status":"closed","ping_status":"closed","template":"","meta":{"jetpack_post_was_ever_published":false,"jetpack_publicize_message":"","jetpack_publicize_feature_enabled":true,"jetpack_social_post_already_shared":true,"jetpack_social_options":{"image_generator_settings":{"template":"highway","default_image_id":0,"font":"","enabled":false},"version":2}},"product_brand":[],"product_cat":[316],"product_tag":[],"class_list":{"0":"post-17417","1":"product","2":"type-product","3":"status-publish","4":"has-post-thumbnail","6":"product_cat-skateboard-wheels","7":"product_shipping_class-paket-m","9":"first","10":"instock","11":"taxable","12":"shipping-taxable","13":"purchasable","14":"product-type-simple"},"composite_virtual":false,"composite_layout":"","composite_add_to_cart_form_location":"","composite_editable_in_cart":false,"composite_sold_individually_context":"","composite_shop_price_calc":"","composite_components":[],"composite_scenarios":[],"booking_location":null,"booking_location_type":null,"booking_duration":null,"booking_duration_unit":null,"booking_buffer":null,"booking_cost":null,"booking_resources":null,"jetpack_publicize_connections":[],"jetpack_sharing_enabled":true,"_links":{"self":[{"href":"https:\/\/www.studiolongboard.com\/fr\/wp-json\/wp\/v2\/product\/17417","targetHints":{"allow":["GET"]}}],"collection":[{"href":"https:\/\/www.studiolongboard.com\/fr\/wp-json\/wp\/v2\/product"}],"about":[{"href":"https:\/\/www.studiolongboard.com\/fr\/wp-json\/wp\/v2\/types\/product"}],"replies":[{"embeddable":true,"href":"https:\/\/www.studiolongboard.com\/fr\/wp-json\/wp\/v2\/comments?post=17417"}],"wp:featuredmedia":[{"embeddable":true,"href":"https:\/\/www.studiolongboard.com\/fr\/wp-json\/wp\/v2\/media\/17418"}],"wp:attachment":[{"href":"https:\/\/www.studiolongboard.com\/fr\/wp-json\/wp\/v2\/media?parent=17417"}],"wp:term":[{"taxonomy":"product_brand","embeddable":true,"href":"https:\/\/www.studiolongboard.com\/fr\/wp-json\/wp\/v2\/product_brand?post=17417"},{"taxonomy":"product_cat","embeddable":true,"href":"https:\/\/www.studiolongboard.com\/fr\/wp-json\/wp\/v2\/product_cat?post=17417"},{"taxonomy":"product_tag","embeddable":true,"href":"https:\/\/www.studiolongboard.com\/fr\/wp-json\/wp\/v2\/product_tag?post=17417"}],"curies":[{"name":"wp","href":"https:\/\/api.w.org\/{rel}","templated":true}]}}