{"id":17360,"date":"2021-09-01T15:15:20","date_gmt":"2021-09-01T13:15:20","guid":{"rendered":"https:\/\/www.studiolongboard.com\/?post_type=product&#038;p=17360"},"modified":"2025-03-31T20:43:40","modified_gmt":"2025-03-31T18:43:40","slug":"loaded-advanced-freeride-slide-gloves","status":"publish","type":"product","link":"https:\/\/www.studiolongboard.com\/fr\/shop\/protection\/handschuhe\/loaded-advanced-freeride-slide-gloves\/","title":{"rendered":"LOADED Advanced Freeride Slide Gloves"},"content":{"rendered":"<h2>LOADED Advanced Freeride Slide Gloves<\/h2>\n<p>LOADED Advanced Freeride Slide Gloves sind noch haltbarer als die Vorg\u00e4nger und haben mehr Beweglichkeit als die<br \/>\nRaceGloves V2.<\/p>\n<ul>\n<li>Schmales, minimalistisches Design f\u00fcr einen optimalen Mix aus Haltbarkeit und Schutz.<\/li>\n<li>Extra haltbare Ziegenleder Konstruktion.<\/li>\n<li>Doppeltes Leder an kritischen Stellen.<\/li>\n<li>Frei bewegbarer Daumen f\u00fcr mehr Beweglichkeit w\u00e4hren des Slidens.<\/li>\n<li>Gesch\u00fctzte Kn\u00f6chel.<\/li>\n<li>Extra grosse Klettfl\u00e4che f\u00fcr einen noch besseren Sitz der Pucks.<\/li>\n<li>Coolmax\u00ae inside.<\/li>\n<li>Ventilationsfenster gegen schwitzige H\u00e4nde.<\/li>\n<li>Reflektor f\u00fcr mehr Sicherheit bei Dunkelheit.<\/li>\n<\/ul>\n<p><span class=\"embed-youtube\" style=\"text-align:center; display: block;\"><iframe loading=\"lazy\" class=\"youtube-player\" width=\"1020\" height=\"574\" src=\"https:\/\/www.youtube.com\/embed\/NrFygnN_ZMs?version=3&#038;rel=1&#038;showsearch=0&#038;showinfo=1&#038;iv_load_policy=1&#038;fs=1&#038;hl=fr-FR&#038;autohide=2&#038;wmode=transparent\" allowfullscreen=\"true\" style=\"border:0;\" sandbox=\"allow-scripts allow-same-origin allow-popups allow-presentation allow-popups-to-escape-sandbox\"><\/iframe><\/span><\/p>","protected":false},"excerpt":{"rendered":"<p>LOADED Advanced Freeride Slide Gloves LOADED Advanced Freeride Slide Gloves sind noch haltbarer als die Vorg\u00e4nger und haben mehr Beweglichkeit als die RaceGloves V2. Schmales, minimalistisches Design f\u00fcr einen optimalen Mix aus Haltbarkeit und Schutz. Extra haltbare Ziegenleder Konstruktion. Doppeltes Leder an kritischen Stellen. Frei bewegbarer Daumen f\u00fcr mehr Beweglichkeit w\u00e4hren des Slidens. Gesch\u00fctzte Kn\u00f6chel. [&#8230;]\n","protected":false},"featured_media":17363,"comment_status":"closed","ping_status":"closed","template":"","meta":{"jetpack_post_was_ever_published":false,"jetpack_publicize_message":"","jetpack_publicize_feature_enabled":true,"jetpack_social_post_already_shared":true,"jetpack_social_options":{"image_generator_settings":{"template":"highway","default_image_id":0,"font":"","enabled":false},"version":2}},"product_brand":[],"product_cat":[320,505,530],"product_tag":[1137,3458,506,507],"class_list":{"0":"post-17360","1":"product","2":"type-product","3":"status-publish","4":"has-post-thumbnail","6":"product_cat-accessories","7":"product_cat-protection","8":"product_cat-handschuhe","9":"product_tag-slide","10":"product_tag-slide-handschuhe","11":"product_tag-slidehandschuhe","12":"product_tag-slide-gloves","13":"product_shipping_class-paket-m","15":"first","16":"instock","17":"taxable","18":"shipping-taxable","19":"purchasable","20":"product-type-variable"},"composite_virtual":false,"composite_layout":"","composite_add_to_cart_form_location":"","composite_editable_in_cart":false,"composite_sold_individually_context":"","composite_shop_price_calc":"","composite_components":[],"composite_scenarios":[],"booking_location":null,"booking_location_type":null,"booking_duration":null,"booking_duration_unit":null,"booking_buffer":null,"booking_cost":null,"booking_resources":null,"jetpack_publicize_connections":[],"jetpack_sharing_enabled":true,"_links":{"self":[{"href":"https:\/\/www.studiolongboard.com\/fr\/wp-json\/wp\/v2\/product\/17360","targetHints":{"allow":["GET"]}}],"collection":[{"href":"https:\/\/www.studiolongboard.com\/fr\/wp-json\/wp\/v2\/product"}],"about":[{"href":"https:\/\/www.studiolongboard.com\/fr\/wp-json\/wp\/v2\/types\/product"}],"replies":[{"embeddable":true,"href":"https:\/\/www.studiolongboard.com\/fr\/wp-json\/wp\/v2\/comments?post=17360"}],"wp:featuredmedia":[{"embeddable":true,"href":"https:\/\/www.studiolongboard.com\/fr\/wp-json\/wp\/v2\/media\/17363"}],"wp:attachment":[{"href":"https:\/\/www.studiolongboard.com\/fr\/wp-json\/wp\/v2\/media?parent=17360"}],"wp:term":[{"taxonomy":"product_brand","embeddable":true,"href":"https:\/\/www.studiolongboard.com\/fr\/wp-json\/wp\/v2\/product_brand?post=17360"},{"taxonomy":"product_cat","embeddable":true,"href":"https:\/\/www.studiolongboard.com\/fr\/wp-json\/wp\/v2\/product_cat?post=17360"},{"taxonomy":"product_tag","embeddable":true,"href":"https:\/\/www.studiolongboard.com\/fr\/wp-json\/wp\/v2\/product_tag?post=17360"}],"curies":[{"name":"wp","href":"https:\/\/api.w.org\/{rel}","templated":true}]}}