{"id":17090,"date":"2021-08-17T13:36:56","date_gmt":"2021-08-17T11:36:56","guid":{"rendered":"https:\/\/www.studiolongboard.com\/?post_type=product&#038;p=17090"},"modified":"2024-01-16T13:09:32","modified_gmt":"2024-01-16T12:09:32","slug":"tsg-backprotectors-backbone-vest-a","status":"publish","type":"product","link":"https:\/\/www.studiolongboard.com\/fr\/shop\/protection\/schuetzer\/tsg-backprotectors-backbone-vest-a\/","title":{"rendered":"TSG Backprotectors Backbone Vest A"},"content":{"rendered":"<h2>TSG Backprotectors Backbone Vest A<\/h2>\n<p>TSG Backprotectors Backbone Vest A<\/p>\n<p>Die Backbone Vest A liefert erstklassigen Schutz gegen harte Schl\u00e4ge und gleichzeitig hohen Tragekomfort und erstklassige Bewegungsfreiheit. Sie besteht aus einer waschbaren und eng anliegenden Lycra-Weste aus Netzstoff, was die K\u00f6rpertemperatur optimal reguliert und Bewegungen nicht einschr\u00e4nkt. Der herausnehmbare Arti-Lage-Schaum sch\u00fctzt vor harten Schl\u00e4gen und ist unglaublich leicht. Ein im Innenteil befindlicher, verstellbarer H\u00fcftbund und Rei\u00dfverschluss sorgen daf\u00fcr, dass die Weste stets eng am K\u00f6rper anliegt und erstklassigen R\u00fcckenschutz zu einem unschlagbaren Preis bietet.<\/p>\n<p>&#8222;Protection:<br \/>\nPure Softshell Construction, Arti-Lage Schaum, EN 1621-2 Level 1 CE zertifiziert<\/p>\n<p>Confort :<br \/>\nMaximale Flexibilit\u00e4t, Bequemer Tragekomfort, Optimale Bel\u00fcftung, Temperaturbest\u00e4ndig, Grossfl\u00e4chige Abdeckung, Weste aus angenehmen Lycra, Slim Fit, Atmungsaktives 3D Mesh innen, Bel\u00fcftungszonen an Schulter und Achsel, Rei\u00dfverschluss, Verstellbarer H\u00fcftgurt, Waschbar (Protektor herausnehmbar)&#8220;<\/p>\n<p>Terrain: Bike, Snow, Longboard | Art: R\u00fcckenprotektoren<\/p>","protected":false},"excerpt":{"rendered":"<p>TSG Backprotectors Backbone Vest A TSG Backprotectors Backbone Vest A Die Backbone Vest A liefert erstklassigen Schutz gegen harte Schl\u00e4ge und gleichzeitig hohen Tragekomfort und erstklassige Bewegungsfreiheit. Sie besteht aus einer waschbaren und eng anliegenden Lycra-Weste aus Netzstoff, was die K\u00f6rpertemperatur optimal reguliert und Bewegungen nicht einschr\u00e4nkt. Der herausnehmbare Arti-Lage-Schaum sch\u00fctzt vor harten Schl\u00e4gen und [&#8230;]\n","protected":false},"featured_media":17092,"comment_status":"closed","ping_status":"closed","template":"","meta":{"jetpack_post_was_ever_published":false,"jetpack_publicize_message":"","jetpack_publicize_feature_enabled":true,"jetpack_social_post_already_shared":true,"jetpack_social_options":{"image_generator_settings":{"template":"highway","default_image_id":0,"font":"","enabled":false},"version":2}},"product_brand":[],"product_cat":[320,505,528],"product_tag":[328,343,8592],"class_list":{"0":"post-17090","1":"product","2":"type-product","3":"status-publish","4":"has-post-thumbnail","6":"product_cat-accessories","7":"product_cat-protection","8":"product_cat-schuetzer","9":"product_tag-freeride","10":"product_tag-downhill","11":"product_tag-backprotectors","12":"product_shipping_class-paket","14":"first","15":"instock","16":"sale","17":"taxable","18":"shipping-taxable","19":"purchasable","20":"product-type-variable"},"composite_virtual":false,"composite_layout":"","composite_add_to_cart_form_location":"","composite_editable_in_cart":false,"composite_sold_individually_context":"","composite_shop_price_calc":"","composite_components":[],"composite_scenarios":[],"booking_location":null,"booking_location_type":null,"booking_duration":null,"booking_duration_unit":null,"booking_buffer":null,"booking_cost":null,"booking_resources":null,"jetpack_publicize_connections":[],"jetpack_sharing_enabled":true,"_links":{"self":[{"href":"https:\/\/www.studiolongboard.com\/fr\/wp-json\/wp\/v2\/product\/17090","targetHints":{"allow":["GET"]}}],"collection":[{"href":"https:\/\/www.studiolongboard.com\/fr\/wp-json\/wp\/v2\/product"}],"about":[{"href":"https:\/\/www.studiolongboard.com\/fr\/wp-json\/wp\/v2\/types\/product"}],"replies":[{"embeddable":true,"href":"https:\/\/www.studiolongboard.com\/fr\/wp-json\/wp\/v2\/comments?post=17090"}],"wp:featuredmedia":[{"embeddable":true,"href":"https:\/\/www.studiolongboard.com\/fr\/wp-json\/wp\/v2\/media\/17092"}],"wp:attachment":[{"href":"https:\/\/www.studiolongboard.com\/fr\/wp-json\/wp\/v2\/media?parent=17090"}],"wp:term":[{"taxonomy":"product_brand","embeddable":true,"href":"https:\/\/www.studiolongboard.com\/fr\/wp-json\/wp\/v2\/product_brand?post=17090"},{"taxonomy":"product_cat","embeddable":true,"href":"https:\/\/www.studiolongboard.com\/fr\/wp-json\/wp\/v2\/product_cat?post=17090"},{"taxonomy":"product_tag","embeddable":true,"href":"https:\/\/www.studiolongboard.com\/fr\/wp-json\/wp\/v2\/product_tag?post=17090"}],"curies":[{"name":"wp","href":"https:\/\/api.w.org\/{rel}","templated":true}]}}