{"id":17082,"date":"2021-08-17T13:36:02","date_gmt":"2021-08-17T11:36:02","guid":{"rendered":"https:\/\/www.studiolongboard.com\/?post_type=product&#038;p=17082"},"modified":"2024-01-16T15:13:00","modified_gmt":"2024-01-16T14:13:00","slug":"tsg-backprotectors-backbone-vest-wmn-a","status":"publish","type":"product","link":"https:\/\/www.studiolongboard.com\/fr\/shop\/protection\/schuetzer\/tsg-backprotectors-backbone-vest-wmn-a\/","title":{"rendered":"TSG Backprotectors  Backbone Vest WMN A"},"content":{"rendered":"<h2>TSG Backprotectors Backbone Vest WMN A<\/h2>\n<p>TSG Backprotectors Backbone Vest WMN A<\/p>\n<p>TSG hat die leichte und unglaubliche bequeme Backbone Vest A Wmns speziell an die weibliche Anatomie angepasst. Eng anliegender Lycrastoff sorgt f\u00fcr uneingeschr\u00e4nkte Bewegungsfreiheit, w\u00e4hrend der Netzstoff selbst bei extremen Bedingungen die k\u00f6rpereigene Temperatur optimal reguliert. Die herausnehmbaren Arti-Lage-Schaumstoffeinlagen garantieren maximalen Schutz bei heftigen St\u00fcrzen. Dank verstellbarem H\u00fcftbund und Rei\u00dfverschluss sitzt die Weste stets bombenfest und ist der beste R\u00fcckenschutz, den sich Ladys auf dem Berg w\u00fcnschen k\u00f6nnen.<\/p>\n<p>&nbsp;<\/p>\n<p>Pure Softshell construction, Arti-Lage foam, EN 1621-2 Level 1 certified<\/p>\n<p><b>comfort:<\/b><br \/>\nMaximum flexibility, Extremely comfortable, Temperature steady, Large coverage, Comfortable Lycra vest, Slim-Fit, Breathable 3D Mesh inside back, Vented mesh areas, Zip closure, Adjustable inner waistband, Machine washable (protector removable)<\/p>","protected":false},"excerpt":{"rendered":"<p>TSG Backprotectors Backbone Vest WMN A TSG Backprotectors Backbone Vest WMN A TSG hat die leichte und unglaubliche bequeme Backbone Vest A Wmns speziell an die weibliche Anatomie angepasst. Eng anliegender Lycrastoff sorgt f\u00fcr uneingeschr\u00e4nkte Bewegungsfreiheit, w\u00e4hrend der Netzstoff selbst bei extremen Bedingungen die k\u00f6rpereigene Temperatur optimal reguliert. Die herausnehmbaren Arti-Lage-Schaumstoffeinlagen garantieren maximalen Schutz bei [&#8230;]\n","protected":false},"featured_media":17087,"comment_status":"closed","ping_status":"closed","template":"","meta":{"jetpack_post_was_ever_published":false,"jetpack_publicize_message":"","jetpack_publicize_feature_enabled":true,"jetpack_social_post_already_shared":true,"jetpack_social_options":{"image_generator_settings":{"template":"highway","default_image_id":0,"font":"","enabled":false},"version":2}},"product_brand":[],"product_cat":[505,528,320],"product_tag":[8592,328,343],"class_list":{"0":"post-17082","1":"product","2":"type-product","3":"status-publish","4":"has-post-thumbnail","6":"product_cat-protection","7":"product_cat-schuetzer","8":"product_cat-accessories","9":"product_tag-backprotectors","10":"product_tag-freeride","11":"product_tag-downhill","12":"product_shipping_class-paket","14":"first","15":"instock","16":"sale","17":"taxable","18":"shipping-taxable","19":"purchasable","20":"product-type-variable"},"composite_virtual":false,"composite_layout":"","composite_add_to_cart_form_location":"","composite_editable_in_cart":false,"composite_sold_individually_context":"","composite_shop_price_calc":"","composite_components":[],"composite_scenarios":[],"booking_location":null,"booking_location_type":null,"booking_duration":null,"booking_duration_unit":null,"booking_buffer":null,"booking_cost":null,"booking_resources":null,"jetpack_publicize_connections":[],"jetpack_sharing_enabled":true,"_links":{"self":[{"href":"https:\/\/www.studiolongboard.com\/fr\/wp-json\/wp\/v2\/product\/17082","targetHints":{"allow":["GET"]}}],"collection":[{"href":"https:\/\/www.studiolongboard.com\/fr\/wp-json\/wp\/v2\/product"}],"about":[{"href":"https:\/\/www.studiolongboard.com\/fr\/wp-json\/wp\/v2\/types\/product"}],"replies":[{"embeddable":true,"href":"https:\/\/www.studiolongboard.com\/fr\/wp-json\/wp\/v2\/comments?post=17082"}],"wp:featuredmedia":[{"embeddable":true,"href":"https:\/\/www.studiolongboard.com\/fr\/wp-json\/wp\/v2\/media\/17087"}],"wp:attachment":[{"href":"https:\/\/www.studiolongboard.com\/fr\/wp-json\/wp\/v2\/media?parent=17082"}],"wp:term":[{"taxonomy":"product_brand","embeddable":true,"href":"https:\/\/www.studiolongboard.com\/fr\/wp-json\/wp\/v2\/product_brand?post=17082"},{"taxonomy":"product_cat","embeddable":true,"href":"https:\/\/www.studiolongboard.com\/fr\/wp-json\/wp\/v2\/product_cat?post=17082"},{"taxonomy":"product_tag","embeddable":true,"href":"https:\/\/www.studiolongboard.com\/fr\/wp-json\/wp\/v2\/product_tag?post=17082"}],"curies":[{"name":"wp","href":"https:\/\/api.w.org\/{rel}","templated":true}]}}