{"id":16827,"date":"2021-07-23T12:38:38","date_gmt":"2021-07-23T10:38:38","guid":{"rendered":"https:\/\/www.studiolongboard.com\/?post_type=product&#038;p=16827"},"modified":"2024-07-11T14:49:18","modified_gmt":"2024-07-11T12:49:18","slug":"powell-peralta-rat-bones-90a-2","status":"publish","type":"product","link":"https:\/\/www.studiolongboard.com\/fr\/shop\/skateboards\/skateboard-wheels\/powell-peralta-rat-bones-90a-2\/","title":{"rendered":"Powell-Peralta Rat Bones 90A"},"content":{"rendered":"<h2>Powell-Peralta Rat Bones 90A<\/h2>\n<p>Ma\u00dfe: 60 x 44mm<br \/>\nLauffl\u00e4che: 35mm<br \/>\nH\u00e4rte: 90A<br \/>\nHub: off-set<\/p>","protected":false},"excerpt":{"rendered":"<p>Powell-Peralta Rat Bones 90A Ma\u00dfe: 60 x 44mm Lauffl\u00e4che: 35mm H\u00e4rte: 90A Hub: off-set<\/p>","protected":false},"featured_media":16828,"comment_status":"closed","ping_status":"closed","template":"","meta":{"jetpack_post_was_ever_published":false,"jetpack_publicize_message":"","jetpack_publicize_feature_enabled":true,"jetpack_social_post_already_shared":true,"jetpack_social_options":{"image_generator_settings":{"template":"highway","default_image_id":0,"font":"","enabled":false},"version":2}},"product_brand":[],"product_cat":[312,316],"product_tag":[],"class_list":{"0":"post-16827","1":"product","2":"type-product","3":"status-publish","4":"has-post-thumbnail","6":"product_cat-skateboards","7":"product_cat-skateboard-wheels","8":"product_shipping_class-paket","10":"first","11":"outofstock","12":"taxable","13":"shipping-taxable","14":"product-type-variable"},"composite_virtual":false,"composite_layout":"","composite_add_to_cart_form_location":"","composite_editable_in_cart":false,"composite_sold_individually_context":"","composite_shop_price_calc":"","composite_components":[],"composite_scenarios":[],"booking_location":null,"booking_location_type":null,"booking_duration":null,"booking_duration_unit":null,"booking_buffer":null,"booking_cost":null,"booking_resources":null,"jetpack_publicize_connections":[],"jetpack_sharing_enabled":true,"_links":{"self":[{"href":"https:\/\/www.studiolongboard.com\/fr\/wp-json\/wp\/v2\/product\/16827","targetHints":{"allow":["GET"]}}],"collection":[{"href":"https:\/\/www.studiolongboard.com\/fr\/wp-json\/wp\/v2\/product"}],"about":[{"href":"https:\/\/www.studiolongboard.com\/fr\/wp-json\/wp\/v2\/types\/product"}],"replies":[{"embeddable":true,"href":"https:\/\/www.studiolongboard.com\/fr\/wp-json\/wp\/v2\/comments?post=16827"}],"wp:featuredmedia":[{"embeddable":true,"href":"https:\/\/www.studiolongboard.com\/fr\/wp-json\/wp\/v2\/media\/16828"}],"wp:attachment":[{"href":"https:\/\/www.studiolongboard.com\/fr\/wp-json\/wp\/v2\/media?parent=16827"}],"wp:term":[{"taxonomy":"product_brand","embeddable":true,"href":"https:\/\/www.studiolongboard.com\/fr\/wp-json\/wp\/v2\/product_brand?post=16827"},{"taxonomy":"product_cat","embeddable":true,"href":"https:\/\/www.studiolongboard.com\/fr\/wp-json\/wp\/v2\/product_cat?post=16827"},{"taxonomy":"product_tag","embeddable":true,"href":"https:\/\/www.studiolongboard.com\/fr\/wp-json\/wp\/v2\/product_tag?post=16827"}],"curies":[{"name":"wp","href":"https:\/\/api.w.org\/{rel}","templated":true}]}}