{"id":16776,"date":"2021-07-16T14:59:38","date_gmt":"2021-07-16T12:59:38","guid":{"rendered":"https:\/\/www.studiolongboard.com\/?post_type=product&#038;p=16776"},"modified":"2025-04-23T14:17:26","modified_gmt":"2025-04-23T12:17:26","slug":"loaded-icarus-komplett-longboard","status":"publish","type":"product","link":"https:\/\/www.studiolongboard.com\/fr\/shop\/longboards\/komplett-longboards\/loaded-icarus-komplett-longboard\/","title":{"rendered":"LOADED Icarus Komplett Longboard"},"content":{"rendered":"<h2>LOADED Icarus Komplett Longboard<\/h2>\n<p>LOADED Icarus Komplett Longboard ist ein innovatives Board f\u00fcr Cruising, Carving und Pumping. Von den Abmessungen her ist es ein wenig kompakter, als das Tan Tien. Die Wheelbase bildet die goldene Mitte aus Tan Tien und Dervish. Der Aufbau sucht seinesgleichen und setzt sich zusammen aus einem vertikal laminierten Bambuskern und triaxialer Glasfaser auf Ober- und Unterseite. Die Grafik befindet sich auf einer Lage Korkfurnur. Vibrationen werden somit auf ein Minimum reduziert. Eine weitere Besonderheit sind die separat eingepressten besonders tiefen Wheelwells f\u00fcr eine maximale Wheelclearance. So kann man z.B. die beliebten 80mm Kegel unter dem Board montieren. Das Konkav ist recht stark, erzeugt aber ein \u00e4u\u00dferst angenehmes und sicheres Standgef\u00fchl. Das Icarus hat starken Camber und ein variables Konkav, das zur Mitte hin st\u00e4rker wird. Nose und Tailkicks sind vorhanden und machen das Board noch vielseitiger. Die Dropthroughmontage senkt den Schwerpunkt und sorgt f\u00fcr ein enstpannteres Pushen. Verf\u00fcgbar ist das Board in zwei verschiedenen Flexstufen. Wir haben das Board getestet und sind begeistert vom kr\u00e4ftigen und snappigen Flex. Das Komplett Longboard kommt mit dem idealen Setup.<\/p>\n<p>Wir empfehlen:<\/p>\n<p>Flex 1: bei einem Gewicht von 70-100kg<br \/>\nFlex 2: bei einem Gewicht von 35-75kg<br \/>\nKomponenten:<\/p>\n<p>Achsen: Paris V2 180mm 50\u00b0 Matte Black or Black\/Black<br \/>\nRollen: Orangatang Kegel 80mm 80a<br \/>\nLoaded Jehu Kugellager<br \/>\nMontiert mit passender Hardware und Shockpads<\/p>\n<p>L\u00e4nge: 38.4&#8243; (97,5cm)<br \/>\nBreite: 8.6&#8243; (22cm)<br \/>\nWheelbase: 28.25&#8243; (71,76cm)<br \/>\nGewicht: 7.4lbs (3,4kg)<br \/>\n<span class=\"embed-youtube\" style=\"text-align:center; display: block;\"><iframe loading=\"lazy\" class=\"youtube-player\" width=\"1020\" height=\"574\" src=\"https:\/\/www.youtube.com\/embed\/onfbatFx7ms?version=3&#038;rel=1&#038;showsearch=0&#038;showinfo=1&#038;iv_load_policy=1&#038;fs=1&#038;hl=fr-FR&#038;autohide=2&#038;wmode=transparent\" allowfullscreen=\"true\" style=\"border:0;\" sandbox=\"allow-scripts allow-same-origin allow-popups allow-presentation allow-popups-to-escape-sandbox\"><\/iframe><\/span><\/p>","protected":false},"excerpt":{"rendered":"<p>LOADED Icarus Komplett Longboard LOADED Icarus Komplett Longboard ist ein innovatives Board f\u00fcr Cruising, Carving und Pumping. Von den Abmessungen her ist es ein wenig kompakter, als das Tan Tien. Die Wheelbase bildet die goldene Mitte aus Tan Tien und Dervish. Der Aufbau sucht seinesgleichen und setzt sich zusammen aus einem vertikal laminierten Bambuskern und [&#8230;]\n","protected":false},"featured_media":16779,"comment_status":"closed","ping_status":"closed","template":"","meta":{"jetpack_post_was_ever_published":false,"jetpack_publicize_message":"","jetpack_publicize_feature_enabled":true,"jetpack_social_post_already_shared":true,"jetpack_social_options":{"image_generator_settings":{"template":"highway","default_image_id":0,"font":"","enabled":false},"version":2}},"product_brand":[],"product_cat":[311,310],"product_tag":[],"class_list":{"0":"post-16776","1":"product","2":"type-product","3":"status-publish","4":"has-post-thumbnail","6":"product_cat-longboards","7":"product_cat-komplett-longboards","8":"product_shipping_class-paket","10":"first","11":"outofstock","12":"taxable","13":"shipping-taxable","14":"product-type-variable"},"composite_virtual":false,"composite_layout":"","composite_add_to_cart_form_location":"","composite_editable_in_cart":false,"composite_sold_individually_context":"","composite_shop_price_calc":"","composite_components":[],"composite_scenarios":[],"booking_location":null,"booking_location_type":null,"booking_duration":null,"booking_duration_unit":null,"booking_buffer":null,"booking_cost":null,"booking_resources":null,"jetpack_publicize_connections":[],"jetpack_sharing_enabled":true,"_links":{"self":[{"href":"https:\/\/www.studiolongboard.com\/fr\/wp-json\/wp\/v2\/product\/16776","targetHints":{"allow":["GET"]}}],"collection":[{"href":"https:\/\/www.studiolongboard.com\/fr\/wp-json\/wp\/v2\/product"}],"about":[{"href":"https:\/\/www.studiolongboard.com\/fr\/wp-json\/wp\/v2\/types\/product"}],"replies":[{"embeddable":true,"href":"https:\/\/www.studiolongboard.com\/fr\/wp-json\/wp\/v2\/comments?post=16776"}],"wp:featuredmedia":[{"embeddable":true,"href":"https:\/\/www.studiolongboard.com\/fr\/wp-json\/wp\/v2\/media\/16779"}],"wp:attachment":[{"href":"https:\/\/www.studiolongboard.com\/fr\/wp-json\/wp\/v2\/media?parent=16776"}],"wp:term":[{"taxonomy":"product_brand","embeddable":true,"href":"https:\/\/www.studiolongboard.com\/fr\/wp-json\/wp\/v2\/product_brand?post=16776"},{"taxonomy":"product_cat","embeddable":true,"href":"https:\/\/www.studiolongboard.com\/fr\/wp-json\/wp\/v2\/product_cat?post=16776"},{"taxonomy":"product_tag","embeddable":true,"href":"https:\/\/www.studiolongboard.com\/fr\/wp-json\/wp\/v2\/product_tag?post=16776"}],"curies":[{"name":"wp","href":"https:\/\/api.w.org\/{rel}","templated":true}]}}